{"id":5395,"date":"2023-02-27T12:29:25","date_gmt":"2023-02-27T10:29:25","guid":{"rendered":"https:\/\/invosy.com\/ee\/?page_id=5395"},"modified":"2025-05-05T07:36:33","modified_gmt":"2025-05-05T05:36:33","slug":"blogi","status":"publish","type":"page","link":"https:\/\/invosy.com\/ee\/eng\/blogi\/","title":{"rendered":"Blog"},"content":{"rendered":"<div data-elementor-type=\"wp-page\" data-elementor-id=\"5395\" class=\"elementor elementor-5395\" data-elementor-post-type=\"page\">\n\t\t\t\t\t\t<section class=\"has_eae_slider elementor-section elementor-top-section elementor-element elementor-element-53d6af9 elementor-section-boxed elementor-section-height-default elementor-section-height-default\" data-eae-slider=\"37126\" data-id=\"53d6af9\" data-element_type=\"section\" data-e-type=\"section\" data-settings=\"{&quot;background_background&quot;:&quot;classic&quot;,&quot;shape_divider_bottom&quot;:&quot;waves&quot;}\">\n\t\t\t\t\t<div class=\"elementor-shape elementor-shape-bottom\" aria-hidden=\"true\" data-negative=\"false\">\n\t\t\t<svg xmlns=\"http:\/\/www.w3.org\/2000\/svg\" viewbox=\"0 0 1000 100\" preserveaspectratio=\"none\">\n\t<path class=\"elementor-shape-fill\" d=\"M421.9,6.5c22.6-2.5,51.5,0.4,75.5,5.3c23.6,4.9,70.9,23.5,100.5,35.7c75.8,32.2,133.7,44.5,192.6,49.7\tc23.6,2.1,48.7,3.5,103.4-2.5c54.7-6,106.2-25.6,106.2-25.6V0H0v30.3c0,0,72,32.6,158.4,30.5c39.2-0.7,92.8-6.7,134-22.4\tc21.2-8.1,52.2-18.2,79.7-24.2C399.3,7.9,411.6,7.5,421.9,6.5z\"\/>\n<\/svg>\t\t<\/div>\n\t\t\t\t\t<div class=\"elementor-container elementor-column-gap-default\">\n\t\t\t\t\t<div class=\"has_eae_slider elementor-column elementor-col-100 elementor-top-column elementor-element elementor-element-348b82e\" data-eae-slider=\"65895\" data-id=\"348b82e\" data-element_type=\"column\" data-e-type=\"column\">\n\t\t\t<div class=\"elementor-widget-wrap elementor-element-populated\">\n\t\t\t\t\t\t<section class=\"has_eae_slider elementor-section elementor-inner-section elementor-element elementor-element-7c0a983 elementor-section-boxed elementor-section-height-default elementor-section-height-default\" data-eae-slider=\"83734\" data-id=\"7c0a983\" data-element_type=\"section\" data-e-type=\"section\">\n\t\t\t\t\t\t<div class=\"elementor-container elementor-column-gap-default\">\n\t\t\t\t\t<div class=\"has_eae_slider elementor-column elementor-col-50 elementor-inner-column elementor-element elementor-element-0d89808\" data-eae-slider=\"38834\" data-id=\"0d89808\" data-element_type=\"column\" data-e-type=\"column\">\n\t\t\t<div class=\"elementor-widget-wrap elementor-element-populated\">\n\t\t\t\t\t\t<div class=\"elementor-element elementor-element-f950b71 elementor-widget elementor-widget-heading\" data-id=\"f950b71\" data-element_type=\"widget\" data-e-type=\"widget\" data-widget_type=\"heading.default\">\n\t\t\t\t<div class=\"elementor-widget-container\">\n\t\t\t\t\t<h2 class=\"elementor-heading-title elementor-size-default\">Blog<\/h2>\t\t\t\t<\/div>\n\t\t\t\t<\/div>\n\t\t\t\t\t<\/div>\n\t\t<\/div>\n\t\t\t\t<div class=\"has_eae_slider elementor-column elementor-col-50 elementor-inner-column elementor-element elementor-element-fa8d801\" data-eae-slider=\"22954\" data-id=\"fa8d801\" data-element_type=\"column\" data-e-type=\"column\">\n\t\t\t<div class=\"elementor-widget-wrap\">\n\t\t\t\t\t\t\t<\/div>\n\t\t<\/div>\n\t\t\t\t\t<\/div>\n\t\t<\/section>\n\t\t\t\t\t<\/div>\n\t\t<\/div>\n\t\t\t\t\t<\/div>\n\t\t<\/section>\n\t\t\t\t<section class=\"has_eae_slider elementor-section elementor-top-section elementor-element elementor-element-58cbb094 elementor-section-boxed elementor-section-height-default elementor-section-height-default\" data-eae-slider=\"30181\" data-id=\"58cbb094\" data-element_type=\"section\" data-e-type=\"section\" data-settings=\"{&quot;shape_divider_top&quot;:&quot;waves&quot;}\">\n\t\t\t\t\t<div class=\"elementor-shape elementor-shape-top\" aria-hidden=\"true\" data-negative=\"false\">\n\t\t\t<svg xmlns=\"http:\/\/www.w3.org\/2000\/svg\" viewbox=\"0 0 1000 100\" preserveaspectratio=\"none\">\n\t<path class=\"elementor-shape-fill\" d=\"M421.9,6.5c22.6-2.5,51.5,0.4,75.5,5.3c23.6,4.9,70.9,23.5,100.5,35.7c75.8,32.2,133.7,44.5,192.6,49.7\tc23.6,2.1,48.7,3.5,103.4-2.5c54.7-6,106.2-25.6,106.2-25.6V0H0v30.3c0,0,72,32.6,158.4,30.5c39.2-0.7,92.8-6.7,134-22.4\tc21.2-8.1,52.2-18.2,79.7-24.2C399.3,7.9,411.6,7.5,421.9,6.5z\"\/>\n<\/svg>\t\t<\/div>\n\t\t\t\t\t<div class=\"elementor-container elementor-column-gap-default\">\n\t\t\t\t\t<div class=\"has_eae_slider elementor-column elementor-col-100 elementor-top-column elementor-element elementor-element-26d55b3\" data-eae-slider=\"55324\" data-id=\"26d55b3\" data-element_type=\"column\" data-e-type=\"column\">\n\t\t\t<div class=\"elementor-widget-wrap elementor-element-populated\">\n\t\t\t\t\t\t<div class=\"elementor-element elementor-element-25a5799f elementor-grid-3 elementor-grid-tablet-2 elementor-grid-mobile-1 elementor-posts--thumbnail-top elementor-card-shadow-yes elementor-posts__hover-gradient elementor-widget elementor-widget-posts\" data-id=\"25a5799f\" data-element_type=\"widget\" data-e-type=\"widget\" data-settings=\"{&quot;cards_row_gap&quot;:{&quot;unit&quot;:&quot;px&quot;,&quot;size&quot;:40,&quot;sizes&quot;:[]},&quot;cards_columns&quot;:&quot;3&quot;,&quot;cards_columns_tablet&quot;:&quot;2&quot;,&quot;cards_columns_mobile&quot;:&quot;1&quot;,&quot;cards_row_gap_tablet&quot;:{&quot;unit&quot;:&quot;px&quot;,&quot;size&quot;:&quot;&quot;,&quot;sizes&quot;:[]},&quot;cards_row_gap_mobile&quot;:{&quot;unit&quot;:&quot;px&quot;,&quot;size&quot;:&quot;&quot;,&quot;sizes&quot;:[]}}\" data-widget_type=\"posts.cards\">\n\t\t\t\t<div class=\"elementor-widget-container\">\n\t\t\t\t\t\t\t<div class=\"elementor-posts-container elementor-posts elementor-posts--skin-cards elementor-grid\" role=\"list\">\n\t\t\t\t<article class=\"elementor-post elementor-grid-item post-8264 post type-post status-publish format-standard has-post-thumbnail hentry category-uncategorized tag-goworkabit tag-kergettevottlus tag-lisaraha tag-tooampsud tag-treamer tag-upwork tag-work-bites-2 tag-work-bite tag-work-bites tag-workbite\" role=\"listitem\">\n\t\t\t<div class=\"elementor-post__card\">\n\t\t\t\t<a class=\"elementor-post__thumbnail__link\" href=\"https:\/\/invosy.com\/ee\/eng\/tooampsud-ja-kuidas-nendest-saadud-tasu-kergesti-ning-murevabalt-arveldada\/\" tabindex=\"-1\" ><div class=\"elementor-post__thumbnail\"><img fetchpriority=\"high\" decoding=\"async\" width=\"300\" height=\"197\" src=\"https:\/\/invosy.com\/ee\/wp-content\/uploads\/2024\/08\/AdobeStock_254760897-300x197.jpeg\" class=\"attachment-medium size-medium wp-image-8268\" alt=\"\" srcset=\"https:\/\/invosy.com\/ee\/wp-content\/uploads\/2024\/08\/AdobeStock_254760897-300x197.jpeg 300w, https:\/\/invosy.com\/ee\/wp-content\/uploads\/2024\/08\/AdobeStock_254760897-1024x671.jpeg 1024w, https:\/\/invosy.com\/ee\/wp-content\/uploads\/2024\/08\/AdobeStock_254760897-768x503.jpeg 768w, https:\/\/invosy.com\/ee\/wp-content\/uploads\/2024\/08\/AdobeStock_254760897-1536x1007.jpeg 1536w, https:\/\/invosy.com\/ee\/wp-content\/uploads\/2024\/08\/AdobeStock_254760897-2048x1342.jpeg 2048w, https:\/\/invosy.com\/ee\/wp-content\/uploads\/2024\/08\/AdobeStock_254760897-18x12.jpeg 18w\" sizes=\"(max-width: 300px) 100vw, 300px\" \/><\/div><\/a>\n\t\t\t\t<div class=\"elementor-post__text\">\n\t\t\t\t<h3 class=\"elementor-post__title\">\n\t\t\t<a href=\"https:\/\/invosy.com\/ee\/eng\/tooampsud-ja-kuidas-nendest-saadud-tasu-kergesti-ning-murevabalt-arveldada\/\" >\n\t\t\t\tGigs and how to easily and hassle-free invoice the payment you receive from them\t\t\t<\/a>\n\t\t<\/h3>\n\t\t\t\t<\/div>\n\t\t\t\t\t<\/div>\n\t\t<\/article>\n\t\t\t\t<article class=\"elementor-post elementor-grid-item post-7901 post type-post status-publish format-standard has-post-thumbnail hentry category-uncategorized\" role=\"listitem\">\n\t\t\t<div class=\"elementor-post__card\">\n\t\t\t\t<a class=\"elementor-post__thumbnail__link\" href=\"https:\/\/invosy.com\/ee\/eng\/mis-on-kergettevotlus\/\" tabindex=\"-1\" ><div class=\"elementor-post__thumbnail\"><img decoding=\"async\" width=\"300\" height=\"200\" src=\"https:\/\/invosy.com\/ee\/wp-content\/uploads\/2024\/06\/pexels-zeynel-aksakal-10957075-6170589-300x200.jpg\" class=\"attachment-medium size-medium wp-image-7903\" alt=\"\" srcset=\"https:\/\/invosy.com\/ee\/wp-content\/uploads\/2024\/06\/pexels-zeynel-aksakal-10957075-6170589-300x200.jpg 300w, https:\/\/invosy.com\/ee\/wp-content\/uploads\/2024\/06\/pexels-zeynel-aksakal-10957075-6170589-1024x683.jpg 1024w, https:\/\/invosy.com\/ee\/wp-content\/uploads\/2024\/06\/pexels-zeynel-aksakal-10957075-6170589-768x512.jpg 768w, https:\/\/invosy.com\/ee\/wp-content\/uploads\/2024\/06\/pexels-zeynel-aksakal-10957075-6170589-1536x1024.jpg 1536w, https:\/\/invosy.com\/ee\/wp-content\/uploads\/2024\/06\/pexels-zeynel-aksakal-10957075-6170589-2048x1365.jpg 2048w, https:\/\/invosy.com\/ee\/wp-content\/uploads\/2024\/06\/pexels-zeynel-aksakal-10957075-6170589-18x12.jpg 18w\" sizes=\"(max-width: 300px) 100vw, 300px\" \/><\/div><\/a>\n\t\t\t\t<div class=\"elementor-post__text\">\n\t\t\t\t<h3 class=\"elementor-post__title\">\n\t\t\t<a href=\"https:\/\/invosy.com\/ee\/eng\/mis-on-kergettevotlus\/\" >\n\t\t\t\tWhat is a small business (kergettev\u00f5tlus)?\t\t\t<\/a>\n\t\t<\/h3>\n\t\t\t\t<\/div>\n\t\t\t\t\t<\/div>\n\t\t<\/article>\n\t\t\t\t<\/div>\n\t\t\n\t\t\t\t\t\t<\/div>\n\t\t\t\t<\/div>\n\t\t\t\t\t<\/div>\n\t\t<\/div>\n\t\t\t\t\t<\/div>\n\t\t<\/section>\n\t\t\t\t<\/div>","protected":false},"excerpt":{"rendered":"<p>Blog<\/p>","protected":false},"author":1,"featured_media":3633,"parent":0,"menu_order":0,"comment_status":"closed","ping_status":"closed","template":"","meta":{"_eb_attr":"","footnotes":""},"class_list":["post-5395","page","type-page","status-publish","has-post-thumbnail","hentry"],"yoast_head":"<!-- This site is optimized with the Yoast SEO plugin v27.5 - https:\/\/yoast.com\/product\/yoast-seo-wordpress\/ -->\n<title>Blog - Arveldamine ilma oma ettev\u00f5tteta | Invosy - Kui sul on kirg, siis loe l\u00e4hemalt kuidas sellest karj\u00e4\u00e4r teha<\/title>\n<meta name=\"description\" content=\"Loe inspireerivaid tekste kergettev\u00f5tlusest ja iseenda bossiks saamisest. Sinu karj\u00e4\u00e4r ja raha on sinu k\u00e4tes - tee seda, mida armastad!\" \/>\n<meta name=\"robots\" content=\"index, follow, max-snippet:-1, max-image-preview:large, max-video-preview:-1\" \/>\n<link rel=\"canonical\" href=\"https:\/\/invosy.com\/ee\/eng\/blogi\/\" \/>\n<meta property=\"og:locale\" content=\"en_GB\" \/>\n<meta property=\"og:type\" content=\"article\" \/>\n<meta property=\"og:title\" content=\"Blog - Arveldamine ilma oma ettev\u00f5tteta | Invosy - Kui sul on kirg, siis loe l\u00e4hemalt kuidas sellest karj\u00e4\u00e4r teha\" \/>\n<meta property=\"og:description\" content=\"Loe inspireerivaid tekste kergettev\u00f5tlusest ja iseenda bossiks saamisest. Sinu karj\u00e4\u00e4r ja raha on sinu k\u00e4tes - tee seda, mida armastad!\" \/>\n<meta property=\"og:url\" content=\"https:\/\/invosy.com\/ee\/eng\/blogi\/\" \/>\n<meta property=\"og:site_name\" content=\"Arveldamine ilma oma ettev\u00f5tteta | Invosy\" \/>\n<meta property=\"article:publisher\" content=\"https:\/\/www.facebook.com\/invosy\/\" \/>\n<meta property=\"article:modified_time\" content=\"2025-05-05T05:36:33+00:00\" \/>\n<meta property=\"og:image\" content=\"https:\/\/invosy.com\/ee\/wp-content\/uploads\/2022\/10\/invosy_se_-_illustration_-_dude_leaning_on_an_oversized_trophy.png\" \/>\n\t<meta property=\"og:image:width\" content=\"472\" \/>\n\t<meta property=\"og:image:height\" content=\"530\" \/>\n\t<meta property=\"og:image:type\" content=\"image\/png\" \/>\n<meta name=\"twitter:card\" content=\"summary_large_image\" \/>\n<meta name=\"twitter:label1\" content=\"Est. reading time\" \/>\n\t<meta name=\"twitter:data1\" content=\"1 minute\" \/>\n<script type=\"application\/ld+json\" class=\"yoast-schema-graph\">{\"@context\":\"https:\\\/\\\/schema.org\",\"@graph\":[{\"@type\":\"WebPage\",\"@id\":\"https:\\\/\\\/invosy.com\\\/ee\\\/blogi\\\/\",\"url\":\"https:\\\/\\\/invosy.com\\\/ee\\\/blogi\\\/\",\"name\":\"Blog - Arveldamine ilma oma ettev\u00f5tteta | Invosy - Kui sul on kirg, siis loe l\u00e4hemalt kuidas sellest karj\u00e4\u00e4r teha\",\"isPartOf\":{\"@id\":\"https:\\\/\\\/invosy.com\\\/ee\\\/#website\"},\"primaryImageOfPage\":{\"@id\":\"https:\\\/\\\/invosy.com\\\/ee\\\/blogi\\\/#primaryimage\"},\"image\":{\"@id\":\"https:\\\/\\\/invosy.com\\\/ee\\\/blogi\\\/#primaryimage\"},\"thumbnailUrl\":\"https:\\\/\\\/invosy.com\\\/ee\\\/wp-content\\\/uploads\\\/2022\\\/10\\\/invosy_se_-_illustration_-_dude_leaning_on_an_oversized_trophy.png\",\"datePublished\":\"2023-02-27T10:29:25+00:00\",\"dateModified\":\"2025-05-05T05:36:33+00:00\",\"description\":\"Loe inspireerivaid tekste kergettev\u00f5tlusest ja iseenda bossiks saamisest. Sinu karj\u00e4\u00e4r ja raha on sinu k\u00e4tes - tee seda, mida armastad!\",\"breadcrumb\":{\"@id\":\"https:\\\/\\\/invosy.com\\\/ee\\\/blogi\\\/#breadcrumb\"},\"inLanguage\":\"en-GB\",\"potentialAction\":[{\"@type\":\"ReadAction\",\"target\":[\"https:\\\/\\\/invosy.com\\\/ee\\\/blogi\\\/\"]}]},{\"@type\":\"ImageObject\",\"inLanguage\":\"en-GB\",\"@id\":\"https:\\\/\\\/invosy.com\\\/ee\\\/blogi\\\/#primaryimage\",\"url\":\"https:\\\/\\\/invosy.com\\\/ee\\\/wp-content\\\/uploads\\\/2022\\\/10\\\/invosy_se_-_illustration_-_dude_leaning_on_an_oversized_trophy.png\",\"contentUrl\":\"https:\\\/\\\/invosy.com\\\/ee\\\/wp-content\\\/uploads\\\/2022\\\/10\\\/invosy_se_-_illustration_-_dude_leaning_on_an_oversized_trophy.png\",\"width\":472,\"height\":530,\"caption\":\"Man som sitter p\u00e5 en \u00f6verdimesionerad prispokal\"},{\"@type\":\"BreadcrumbList\",\"@id\":\"https:\\\/\\\/invosy.com\\\/ee\\\/blogi\\\/#breadcrumb\",\"itemListElement\":[{\"@type\":\"ListItem\",\"position\":1,\"name\":\"Home\",\"item\":\"https:\\\/\\\/invosy.com\\\/ee\\\/\"},{\"@type\":\"ListItem\",\"position\":2,\"name\":\"Blog\"}]},{\"@type\":\"WebSite\",\"@id\":\"https:\\\/\\\/invosy.com\\\/ee\\\/#website\",\"url\":\"https:\\\/\\\/invosy.com\\\/ee\\\/\",\"name\":\"Arveldamine ilma oma ettev\u00f5tteta | Invosy\",\"description\":\"Nutikas valik\",\"publisher\":{\"@id\":\"https:\\\/\\\/invosy.com\\\/ee\\\/#organization\"},\"potentialAction\":[{\"@type\":\"SearchAction\",\"target\":{\"@type\":\"EntryPoint\",\"urlTemplate\":\"https:\\\/\\\/invosy.com\\\/ee\\\/?s={search_term_string}\"},\"query-input\":{\"@type\":\"PropertyValueSpecification\",\"valueRequired\":true,\"valueName\":\"search_term_string\"}}],\"inLanguage\":\"en-GB\"},{\"@type\":\"Organization\",\"@id\":\"https:\\\/\\\/invosy.com\\\/ee\\\/#organization\",\"name\":\"Invosy\",\"url\":\"https:\\\/\\\/invosy.com\\\/ee\\\/\",\"logo\":{\"@type\":\"ImageObject\",\"inLanguage\":\"en-GB\",\"@id\":\"https:\\\/\\\/invosy.com\\\/ee\\\/#\\\/schema\\\/logo\\\/image\\\/\",\"url\":\"https:\\\/\\\/invosy.com\\\/ee\\\/wp-content\\\/uploads\\\/2022\\\/09\\\/Logo.png\",\"contentUrl\":\"https:\\\/\\\/invosy.com\\\/ee\\\/wp-content\\\/uploads\\\/2022\\\/09\\\/Logo.png\",\"width\":779,\"height\":223,\"caption\":\"Invosy\"},\"image\":{\"@id\":\"https:\\\/\\\/invosy.com\\\/ee\\\/#\\\/schema\\\/logo\\\/image\\\/\"},\"sameAs\":[\"https:\\\/\\\/www.facebook.com\\\/invosy\\\/\",\"https:\\\/\\\/www.instagram.com\\\/invosy\\\/\"]}]}<\/script>\n<!-- \/ Yoast SEO plugin. -->","yoast_head_json":{"title":"Blog - Arveldamine ilma oma ettev\u00f5tteta | Invosy - Kui sul on kirg, siis loe l\u00e4hemalt kuidas sellest karj\u00e4\u00e4r teha","description":"Loe inspireerivaid tekste kergettev\u00f5tlusest ja iseenda bossiks saamisest. Sinu karj\u00e4\u00e4r ja raha on sinu k\u00e4tes - tee seda, mida armastad!","robots":{"index":"index","follow":"follow","max-snippet":"max-snippet:-1","max-image-preview":"max-image-preview:large","max-video-preview":"max-video-preview:-1"},"canonical":"https:\/\/invosy.com\/ee\/eng\/blogi\/","og_locale":"en_GB","og_type":"article","og_title":"Blog - Arveldamine ilma oma ettev\u00f5tteta | Invosy - Kui sul on kirg, siis loe l\u00e4hemalt kuidas sellest karj\u00e4\u00e4r teha","og_description":"Loe inspireerivaid tekste kergettev\u00f5tlusest ja iseenda bossiks saamisest. Sinu karj\u00e4\u00e4r ja raha on sinu k\u00e4tes - tee seda, mida armastad!","og_url":"https:\/\/invosy.com\/ee\/eng\/blogi\/","og_site_name":"Arveldamine ilma oma ettev\u00f5tteta | Invosy","article_publisher":"https:\/\/www.facebook.com\/invosy\/","article_modified_time":"2025-05-05T05:36:33+00:00","og_image":[{"width":472,"height":530,"url":"https:\/\/invosy.com\/ee\/wp-content\/uploads\/2022\/10\/invosy_se_-_illustration_-_dude_leaning_on_an_oversized_trophy.png","type":"image\/png"}],"twitter_card":"summary_large_image","twitter_misc":{"Est. reading time":"1 minute"},"schema":{"@context":"https:\/\/schema.org","@graph":[{"@type":"WebPage","@id":"https:\/\/invosy.com\/ee\/blogi\/","url":"https:\/\/invosy.com\/ee\/blogi\/","name":"Blog - Arveldamine ilma oma ettev\u00f5tteta | Invosy - Kui sul on kirg, siis loe l\u00e4hemalt kuidas sellest karj\u00e4\u00e4r teha","isPartOf":{"@id":"https:\/\/invosy.com\/ee\/#website"},"primaryImageOfPage":{"@id":"https:\/\/invosy.com\/ee\/blogi\/#primaryimage"},"image":{"@id":"https:\/\/invosy.com\/ee\/blogi\/#primaryimage"},"thumbnailUrl":"https:\/\/invosy.com\/ee\/wp-content\/uploads\/2022\/10\/invosy_se_-_illustration_-_dude_leaning_on_an_oversized_trophy.png","datePublished":"2023-02-27T10:29:25+00:00","dateModified":"2025-05-05T05:36:33+00:00","description":"Loe inspireerivaid tekste kergettev\u00f5tlusest ja iseenda bossiks saamisest. Sinu karj\u00e4\u00e4r ja raha on sinu k\u00e4tes - tee seda, mida armastad!","breadcrumb":{"@id":"https:\/\/invosy.com\/ee\/blogi\/#breadcrumb"},"inLanguage":"en-GB","potentialAction":[{"@type":"ReadAction","target":["https:\/\/invosy.com\/ee\/blogi\/"]}]},{"@type":"ImageObject","inLanguage":"en-GB","@id":"https:\/\/invosy.com\/ee\/blogi\/#primaryimage","url":"https:\/\/invosy.com\/ee\/wp-content\/uploads\/2022\/10\/invosy_se_-_illustration_-_dude_leaning_on_an_oversized_trophy.png","contentUrl":"https:\/\/invosy.com\/ee\/wp-content\/uploads\/2022\/10\/invosy_se_-_illustration_-_dude_leaning_on_an_oversized_trophy.png","width":472,"height":530,"caption":"Man som sitter p\u00e5 en \u00f6verdimesionerad prispokal"},{"@type":"BreadcrumbList","@id":"https:\/\/invosy.com\/ee\/blogi\/#breadcrumb","itemListElement":[{"@type":"ListItem","position":1,"name":"Home","item":"https:\/\/invosy.com\/ee\/"},{"@type":"ListItem","position":2,"name":"Blog"}]},{"@type":"WebSite","@id":"https:\/\/invosy.com\/ee\/#website","url":"https:\/\/invosy.com\/ee\/","name":"Arveldamine ilma oma ettev\u00f5tteta | Invosy","description":"Nutikas valik","publisher":{"@id":"https:\/\/invosy.com\/ee\/#organization"},"potentialAction":[{"@type":"SearchAction","target":{"@type":"EntryPoint","urlTemplate":"https:\/\/invosy.com\/ee\/?s={search_term_string}"},"query-input":{"@type":"PropertyValueSpecification","valueRequired":true,"valueName":"search_term_string"}}],"inLanguage":"en-GB"},{"@type":"Organization","@id":"https:\/\/invosy.com\/ee\/#organization","name":"Invosy","url":"https:\/\/invosy.com\/ee\/","logo":{"@type":"ImageObject","inLanguage":"en-GB","@id":"https:\/\/invosy.com\/ee\/#\/schema\/logo\/image\/","url":"https:\/\/invosy.com\/ee\/wp-content\/uploads\/2022\/09\/Logo.png","contentUrl":"https:\/\/invosy.com\/ee\/wp-content\/uploads\/2022\/09\/Logo.png","width":779,"height":223,"caption":"Invosy"},"image":{"@id":"https:\/\/invosy.com\/ee\/#\/schema\/logo\/image\/"},"sameAs":["https:\/\/www.facebook.com\/invosy\/","https:\/\/www.instagram.com\/invosy\/"]}]}},"jetpack_sharing_enabled":true,"_links":{"self":[{"href":"https:\/\/invosy.com\/ee\/eng\/wp-json\/wp\/v2\/pages\/5395","targetHints":{"allow":["GET"]}}],"collection":[{"href":"https:\/\/invosy.com\/ee\/eng\/wp-json\/wp\/v2\/pages"}],"about":[{"href":"https:\/\/invosy.com\/ee\/eng\/wp-json\/wp\/v2\/types\/page"}],"author":[{"embeddable":true,"href":"https:\/\/invosy.com\/ee\/eng\/wp-json\/wp\/v2\/users\/1"}],"replies":[{"embeddable":true,"href":"https:\/\/invosy.com\/ee\/eng\/wp-json\/wp\/v2\/comments?post=5395"}],"version-history":[{"count":46,"href":"https:\/\/invosy.com\/ee\/eng\/wp-json\/wp\/v2\/pages\/5395\/revisions"}],"predecessor-version":[{"id":9818,"href":"https:\/\/invosy.com\/ee\/eng\/wp-json\/wp\/v2\/pages\/5395\/revisions\/9818"}],"wp:featuredmedia":[{"embeddable":true,"href":"https:\/\/invosy.com\/ee\/eng\/wp-json\/wp\/v2\/media\/3633"}],"wp:attachment":[{"href":"https:\/\/invosy.com\/ee\/eng\/wp-json\/wp\/v2\/media?parent=5395"}],"curies":[{"name":"wp","href":"https:\/\/api.w.org\/{rel}","templated":true}]}}