{"id":10080,"date":"2026-03-18T11:14:36","date_gmt":"2026-03-18T09:14:36","guid":{"rendered":"https:\/\/invosy.com\/ee\/?page_id=10080"},"modified":"2026-03-19T08:22:08","modified_gmt":"2026-03-19T06:22:08","slug":"privaatsuspoliitika","status":"publish","type":"page","link":"https:\/\/invosy.com\/ee\/privaatsuspoliitika\/","title":{"rendered":"Privaatsuspoliitika\u00a0"},"content":{"rendered":"\t\t<div data-elementor-type=\"wp-page\" data-elementor-id=\"10080\" class=\"elementor elementor-10080\" data-elementor-post-type=\"page\">\n\t\t\t\t\t\t<section class=\"has_eae_slider elementor-section elementor-top-section elementor-element elementor-element-88c443f elementor-section-boxed elementor-section-height-default elementor-section-height-default\" data-eae-slider=\"69998\" data-id=\"88c443f\" data-element_type=\"section\" data-e-type=\"section\">\n\t\t\t\t\t\t<div class=\"elementor-container elementor-column-gap-default\">\n\t\t\t\t\t<div class=\"has_eae_slider elementor-column elementor-col-100 elementor-top-column elementor-element elementor-element-341ddcd\" data-eae-slider=\"40650\" data-id=\"341ddcd\" data-element_type=\"column\" data-e-type=\"column\">\n\t\t\t<div class=\"elementor-widget-wrap elementor-element-populated\">\n\t\t\t\t\t\t<div class=\"elementor-element elementor-element-57932dc elementor-widget elementor-widget-heading\" data-id=\"57932dc\" data-element_type=\"widget\" data-e-type=\"widget\" data-widget_type=\"heading.default\">\n\t\t\t\t<div class=\"elementor-widget-container\">\n\t\t\t\t\t<h2 class=\"elementor-heading-title elementor-size-default\">Privaatsuspoliitika <\/h2>\t\t\t\t<\/div>\n\t\t\t\t<\/div>\n\t\t\t\t<div class=\"elementor-element elementor-element-278a42b elementor-widget__width-initial elementor-widget elementor-widget-text-editor\" data-id=\"278a42b\" data-element_type=\"widget\" data-e-type=\"widget\" data-widget_type=\"text-editor.default\">\n\t\t\t\t<div class=\"elementor-widget-container\">\n\t\t\t\t\t\t\t\t\t<p><strong>1. Andmete vastutav t\u00f6\u00f6tleja<\/strong><br \/>Invosy O\u00dc<br \/>Registrikood: 16340821<br \/>Kesklinna linnaosa, Harju maakond<br \/>Aia tn 4-16<br \/>10111 Tallinn<br \/>Eesti<br \/>Telefon: +3726843262<br \/>E-post: <a href=\"mailto:klienditeenindus@invosy.com\">klienditeenindus@invosy.com<\/a><\/p><p><strong>2. Registri eest vastutav isik<\/strong><br \/>Weckstr\u00f6m J\u00f6rgen<br \/>E-post: <a href=\"mailto:klienditeenindus@invosy.com\">klienditeenindus@invosy.com<\/a><\/p><p><strong>3. Registri nimi<\/strong><br \/>Invosy klientide ja kasutajate register<\/p><p><strong>4. Registreeritud isikud<\/strong><br \/>Registrisse v\u00f5ivad kuuluda j\u00e4rgmised isikud:<br \/>\u2013 Invosy tarkvara kasutavate ettev\u00f5tete omanikud ja t\u00f6\u00f6tajad<br \/>\u2013 veebisaidi k\u00fclastajad<br \/>\u2013 uudiskirjade ja turundusteadete saajad<br \/>\u2013 partnerid ja teenusepakkujad<br \/>\u2013 potentsiaalsed kliendid ja \u00e4rikontaktid<\/p><p><strong>5. Isikuandmete t\u00f6\u00f6tlemise eesm\u00e4rk ja \u00f5iguslik alus<\/strong><br \/>Isikuandmeid t\u00f6\u00f6deldakse j\u00e4rgmiste eesm\u00e4rkide t\u00e4itmiseks:<br \/>\u2013 tarkvarateenuste osutamine ja kasutajakontode haldamine<br \/>\u2013 klienditeenindus ja kliendisuhtlus<br \/>\u2013 arveldamine ja lepingute haldamine<br \/>\u2013 turunduskommunikatsioon ja uudiskirjad n\u00f5usoleku alusel<br \/>\u2013 veebisaidi kasutamise anal\u00fc\u00fcsimine ja teenuste arendamine<br \/>\u2013 teenuse turvalisuse tagamine ja pettuste ennetamine<br \/>Isikuandmete t\u00f6\u00f6tlemise \u00f5iguslikud alused on:<br \/>\u2013 lepingu t\u00e4itmine v\u00f5i lepingu s\u00f5lmimise ettevalmistamine<br \/>\u2013 seadusest tulenevad kohustused (n\u00e4iteks raamatupidamisn\u00f5uded)<br \/>\u2013 \u00f5igustatud huvi teenuste arendamiseks ja turvalisuse tagamiseks<br \/>\u2013 andmesubjekti n\u00f5usolek turunduse ja uudiskirjade puhul<\/p><p><strong>6. T\u00f6\u00f6deldavate andmete liigid<\/strong><br \/>Registrisse v\u00f5idakse salvestada j\u00e4rgmisi andmeid:<br \/>\u2013 kontaktandmed: nimi, e-posti aadress, telefoninumber, ettev\u00f5tte nimi, ametinimetus<br \/>\u2013 kasutajakonto andmed: e-posti aadress, parooli hash ja kasutajakonto seaded<br \/>\u2013 arveldusandmed: arved, maksed, lepingud ja makseajalugu<br \/>\u2013 suhtlusandmed: klienditeeninduse p\u00f6\u00f6rdumised, s\u00f5numid ja tugiteenuse taotlused<br \/>\u2013 kasutusandmed: logid, s\u00fcsteemi kasutamise andmed ja tegevusajalugu<br \/>\u2013 tehnilised andmed: IP-aadress, brauser, seade ja operatsioonis\u00fcsteem<br \/>\u2013 anal\u00fc\u00fctilised andmed veebisaidi kasutamise kohta<\/p><p><strong>7. Andmete allikad<\/strong><br \/>Isikuandmeid saadakse peamiselt j\u00e4rgmistest allikatest:<br \/>\u2013 andmesubjektilt endalt teenuse kasutamisel v\u00f5i veebisaidil vormide t\u00e4itmisel<br \/>\u2013 kliendisuhte k\u00e4igus tekkinud suhtlusest<br \/>\u2013 automaatselt teenuse ja veebisaidi kasutamise kaudu<br \/>\u2013 koost\u00f6\u00f6partneritelt v\u00f5i avalikest registritest seadusega lubatud ulatuses<\/p><p><strong>8. Andmete regulaarne avaldamine ja t\u00f6\u00f6tlejad<\/strong><br \/>Isikuandmeid v\u00f5idakse edastada j\u00e4rgmistele osapooltele teenuse osutamise eesm\u00e4rgil:<br \/>\u2013 riigiasutustele, kui see on seadusega n\u00f5utud<br \/>\u2013 IT- ja pilveteenuste pakkujatele<br \/>\u2013 hostinguteenuste pakkujatele<br \/>\u2013 makse- ja raamatupidamisteenuste pakkujatele<br \/>\u2013 e-posti ja anal\u00fc\u00fcsiplatvormidele<br \/>\u2013 muudele teenuse osutamiseks vajalikele lepingulistele partneritele<br \/>Isikuandmeid ei m\u00fc\u00fcda ega avaldata kolmandatele isikutele turunduseesm\u00e4rkidel ilma andmesubjekti n\u00f5usolekuta.<\/p><p><strong>9. Andmete edastamine v\u00e4ljaspool Euroopa Liitu<\/strong><br \/>Andmeid s\u00e4ilitatakse peamiselt Euroopa Liidu v\u00f5i Euroopa Majanduspiirkonna territooriumil.<br \/>Kui andmeid edastatakse v\u00e4ljapoole Euroopa Liitu v\u00f5i Euroopa Majanduspiirkonda, kasutatakse Euroopa Komisjoni poolt heaks kiidetud kaitsemeetmeid, n\u00e4iteks standardseid lepingutingimusi v\u00f5i muid asjakohaseid \u00f5iguslikke mehhanisme.<\/p><p><strong>10. Andmete s\u00e4ilitamine<\/strong><br \/>Isikuandmeid s\u00e4ilitatakse ainult nii kaua, kui see on vajalik t\u00f6\u00f6tlemise eesm\u00e4rkide t\u00e4itmiseks v\u00f5i seadusest tulenevate kohustuste t\u00e4itmiseks.<br \/>Andmete s\u00e4ilitamise perioodid on n\u00e4iteks:<br \/>\u2013 raamatupidamisandmed: 6 aastat vastavalt seadusele<br \/>\u2013 kliendiandmed: kuni 2 aastat p\u00e4rast kliendisuhte l\u00f5ppemist<br \/>\u2013 turundusandmed: kuni n\u00f5usoleku tagasiv\u00f5tmiseni<br \/>\u2013 anal\u00fc\u00fctilised andmed: vastavalt kasutatavate k\u00fcpsiste ja anal\u00fc\u00fcsivahendite s\u00e4ilitamisperioodidele<br \/>P\u00e4rast s\u00e4ilitamisperioodi l\u00f5ppu kustutatakse v\u00f5i anon\u00fc\u00fcmistatakse andmed turvaliselt.<\/p><p><strong>11. Registri kaitse p\u00f5him\u00f5tted<\/strong><br \/>Isikuandmete kaitsmiseks kasutatakse tehnilisi ja organisatsioonilisi turvameetmeid, sealhulgas:<br \/>\u2013 tulem\u00fc\u00fcrid ja kr\u00fcpteerimine<br \/>\u2013 turvaline autentimine ja juurdep\u00e4\u00e4su kontroll<br \/>\u2013 andmetele juurdep\u00e4\u00e4su piiramine ainult volitatud t\u00f6\u00f6tajatele<br \/>\u2013 s\u00fcsteemide regulaarne uuendamine ja turvakontrollid<br \/>\u2013 logimine ja turvaseire<\/p><p><strong>12. Andmesubjekti \u00f5igused<\/strong><br \/>Andmesubjektil on j\u00e4rgmised \u00f5igused:<br \/>\u2013 saada teavet oma isikuandmete t\u00f6\u00f6tlemise kohta<br \/>\u2013 saada juurdep\u00e4\u00e4s oma andmetele<br \/>\u2013 n\u00f5uda eba\u00f5igete v\u00f5i puudulike andmete parandamist<br \/>\u2013 n\u00f5uda andmete kustutamist, kui t\u00f6\u00f6tlemiseks puudub \u00f5iguslik alus<br \/>\u2013 piirata oma andmete t\u00f6\u00f6tlemist<br \/>\u2013 esitada vastuv\u00e4iteid andmete t\u00f6\u00f6tlemise suhtes<br \/>\u2013 saada oma andmed struktureeritud ja masinloetaval kujul (andmete \u00fclekantavus)<br \/>\u2013 v\u00f5tta tagasi oma n\u00f5usolek turunduse v\u00f5i muude n\u00f5usolekul p\u00f5hinevate tegevuste osas<br \/>\u2013 esitada kaebus p\u00e4devale andmekaitseasutusele<\/p><p><strong>13. Taotluste esitamine<\/strong><br \/>Andmesubjekt v\u00f5ib oma \u00f5iguste kasutamiseks v\u00f5tta \u00fchendust e-posti teel aadressil klienditeenindus@invosy.com.<br \/>Taotlused vaadatakse l\u00e4bi ja neile vastatakse \u00fcldjuhul 30 p\u00e4eva jooksul vastavalt kehtivatele andmekaitsen\u00f5uetele.<\/p>\t\t\t\t\t\t\t\t<\/div>\n\t\t\t\t<\/div>\n\t\t\t\t\t<\/div>\n\t\t<\/div>\n\t\t\t\t\t<\/div>\n\t\t<\/section>\n\t\t\t\t<\/div>\n\t\t","protected":false},"excerpt":{"rendered":"<p>Privaatsuspoliitika 1. Andmete vastutav t\u00f6\u00f6tlejaInvosy O\u00dcRegistrikood: 16340821Kesklinna linnaosa, Harju maakondAia tn 4-1610111 TallinnEestiTelefon: +3726843262E-post: klienditeenindus@invosy.com 2. Registri eest vastutav isikWeckstr\u00f6m J\u00f6rgenE-post: klienditeenindus@invosy.com 3. Registri nimiInvosy klientide ja kasutajate register 4. Registreeritud isikudRegistrisse v\u00f5ivad kuuluda j\u00e4rgmised isikud:\u2013 Invosy tarkvara kasutavate ettev\u00f5tete omanikud ja t\u00f6\u00f6tajad\u2013 veebisaidi k\u00fclastajad\u2013 uudiskirjade ja turundusteadete saajad\u2013 partnerid ja teenusepakkujad\u2013 potentsiaalsed kliendid ja [&hellip;]<\/p>\n","protected":false},"author":1,"featured_media":0,"parent":0,"menu_order":0,"comment_status":"closed","ping_status":"closed","template":"","meta":{"_eb_attr":"","footnotes":""},"class_list":["post-10080","page","type-page","status-publish","hentry"],"yoast_head":"<!-- This site is optimized with the Yoast SEO plugin v27.5 - https:\/\/yoast.com\/product\/yoast-seo-wordpress\/ -->\n<title>Privaatsuspoliitika\u00a0 - Arveldamine ilma oma ettev\u00f5tteta | Invosy<\/title>\n<meta name=\"robots\" content=\"index, follow, max-snippet:-1, max-image-preview:large, max-video-preview:-1\" \/>\n<link rel=\"canonical\" href=\"https:\/\/invosy.com\/ee\/privaatsuspoliitika\/\" \/>\n<meta property=\"og:locale\" content=\"et_EE\" \/>\n<meta property=\"og:type\" content=\"article\" \/>\n<meta property=\"og:title\" content=\"Privaatsuspoliitika\u00a0 - Arveldamine ilma oma ettev\u00f5tteta | Invosy\" \/>\n<meta property=\"og:description\" content=\"Privaatsuspoliitika 1. Andmete vastutav t\u00f6\u00f6tlejaInvosy O\u00dcRegistrikood: 16340821Kesklinna linnaosa, Harju maakondAia tn 4-1610111 TallinnEestiTelefon: +3726843262E-post: klienditeenindus@invosy.com 2. Registri eest vastutav isikWeckstr\u00f6m J\u00f6rgenE-post: klienditeenindus@invosy.com 3. Registri nimiInvosy klientide ja kasutajate register 4. Registreeritud isikudRegistrisse v\u00f5ivad kuuluda j\u00e4rgmised isikud:\u2013 Invosy tarkvara kasutavate ettev\u00f5tete omanikud ja t\u00f6\u00f6tajad\u2013 veebisaidi k\u00fclastajad\u2013 uudiskirjade ja turundusteadete saajad\u2013 partnerid ja teenusepakkujad\u2013 potentsiaalsed kliendid ja [&hellip;]\" \/>\n<meta property=\"og:url\" content=\"https:\/\/invosy.com\/ee\/privaatsuspoliitika\/\" \/>\n<meta property=\"og:site_name\" content=\"Arveldamine ilma oma ettev\u00f5tteta | Invosy\" \/>\n<meta property=\"article:publisher\" content=\"https:\/\/www.facebook.com\/invosy\/\" \/>\n<meta property=\"article:modified_time\" content=\"2026-03-19T06:22:08+00:00\" \/>\n<meta property=\"og:image\" content=\"https:\/\/invosy.com\/ee\/wp-content\/uploads\/2024\/01\/invosy_se_-_graphics_-_label_-_only_28_p-EST.png\" \/>\n\t<meta property=\"og:image:width\" content=\"352\" \/>\n\t<meta property=\"og:image:height\" content=\"352\" \/>\n\t<meta property=\"og:image:type\" content=\"image\/png\" \/>\n<meta name=\"twitter:card\" content=\"summary_large_image\" \/>\n<meta name=\"twitter:label1\" content=\"Est. reading time\" \/>\n\t<meta name=\"twitter:data1\" content=\"3 minutes\" \/>\n<script type=\"application\/ld+json\" class=\"yoast-schema-graph\">{\"@context\":\"https:\\\/\\\/schema.org\",\"@graph\":[{\"@type\":\"WebPage\",\"@id\":\"https:\\\/\\\/invosy.com\\\/ee\\\/privaatsuspoliitika\\\/\",\"url\":\"https:\\\/\\\/invosy.com\\\/ee\\\/privaatsuspoliitika\\\/\",\"name\":\"Privaatsuspoliitika\u00a0 - Arveldamine ilma oma ettev\u00f5tteta | Invosy\",\"isPartOf\":{\"@id\":\"https:\\\/\\\/invosy.com\\\/ee\\\/#website\"},\"datePublished\":\"2026-03-18T09:14:36+00:00\",\"dateModified\":\"2026-03-19T06:22:08+00:00\",\"breadcrumb\":{\"@id\":\"https:\\\/\\\/invosy.com\\\/ee\\\/privaatsuspoliitika\\\/#breadcrumb\"},\"inLanguage\":\"et\",\"potentialAction\":[{\"@type\":\"ReadAction\",\"target\":[\"https:\\\/\\\/invosy.com\\\/ee\\\/privaatsuspoliitika\\\/\"]}]},{\"@type\":\"BreadcrumbList\",\"@id\":\"https:\\\/\\\/invosy.com\\\/ee\\\/privaatsuspoliitika\\\/#breadcrumb\",\"itemListElement\":[{\"@type\":\"ListItem\",\"position\":1,\"name\":\"Home\",\"item\":\"https:\\\/\\\/invosy.com\\\/ee\\\/\"},{\"@type\":\"ListItem\",\"position\":2,\"name\":\"Privaatsuspoliitika\u00a0\"}]},{\"@type\":\"WebSite\",\"@id\":\"https:\\\/\\\/invosy.com\\\/ee\\\/#website\",\"url\":\"https:\\\/\\\/invosy.com\\\/ee\\\/\",\"name\":\"Arveldamine ilma oma ettev\u00f5tteta | Invosy\",\"description\":\"Nutikas valik\",\"publisher\":{\"@id\":\"https:\\\/\\\/invosy.com\\\/ee\\\/#organization\"},\"potentialAction\":[{\"@type\":\"SearchAction\",\"target\":{\"@type\":\"EntryPoint\",\"urlTemplate\":\"https:\\\/\\\/invosy.com\\\/ee\\\/?s={search_term_string}\"},\"query-input\":{\"@type\":\"PropertyValueSpecification\",\"valueRequired\":true,\"valueName\":\"search_term_string\"}}],\"inLanguage\":\"et\"},{\"@type\":\"Organization\",\"@id\":\"https:\\\/\\\/invosy.com\\\/ee\\\/#organization\",\"name\":\"Invosy\",\"url\":\"https:\\\/\\\/invosy.com\\\/ee\\\/\",\"logo\":{\"@type\":\"ImageObject\",\"inLanguage\":\"et\",\"@id\":\"https:\\\/\\\/invosy.com\\\/ee\\\/#\\\/schema\\\/logo\\\/image\\\/\",\"url\":\"https:\\\/\\\/invosy.com\\\/ee\\\/wp-content\\\/uploads\\\/2022\\\/09\\\/Logo.png\",\"contentUrl\":\"https:\\\/\\\/invosy.com\\\/ee\\\/wp-content\\\/uploads\\\/2022\\\/09\\\/Logo.png\",\"width\":779,\"height\":223,\"caption\":\"Invosy\"},\"image\":{\"@id\":\"https:\\\/\\\/invosy.com\\\/ee\\\/#\\\/schema\\\/logo\\\/image\\\/\"},\"sameAs\":[\"https:\\\/\\\/www.facebook.com\\\/invosy\\\/\",\"https:\\\/\\\/www.instagram.com\\\/invosy\\\/\"]}]}<\/script>\n<!-- \/ Yoast SEO plugin. -->","yoast_head_json":{"title":"Privaatsuspoliitika\u00a0 - Arveldamine ilma oma ettev\u00f5tteta | Invosy","robots":{"index":"index","follow":"follow","max-snippet":"max-snippet:-1","max-image-preview":"max-image-preview:large","max-video-preview":"max-video-preview:-1"},"canonical":"https:\/\/invosy.com\/ee\/privaatsuspoliitika\/","og_locale":"et_EE","og_type":"article","og_title":"Privaatsuspoliitika\u00a0 - Arveldamine ilma oma ettev\u00f5tteta | Invosy","og_description":"Privaatsuspoliitika 1. Andmete vastutav t\u00f6\u00f6tlejaInvosy O\u00dcRegistrikood: 16340821Kesklinna linnaosa, Harju maakondAia tn 4-1610111 TallinnEestiTelefon: +3726843262E-post: klienditeenindus@invosy.com 2. Registri eest vastutav isikWeckstr\u00f6m J\u00f6rgenE-post: klienditeenindus@invosy.com 3. Registri nimiInvosy klientide ja kasutajate register 4. Registreeritud isikudRegistrisse v\u00f5ivad kuuluda j\u00e4rgmised isikud:\u2013 Invosy tarkvara kasutavate ettev\u00f5tete omanikud ja t\u00f6\u00f6tajad\u2013 veebisaidi k\u00fclastajad\u2013 uudiskirjade ja turundusteadete saajad\u2013 partnerid ja teenusepakkujad\u2013 potentsiaalsed kliendid ja [&hellip;]","og_url":"https:\/\/invosy.com\/ee\/privaatsuspoliitika\/","og_site_name":"Arveldamine ilma oma ettev\u00f5tteta | Invosy","article_publisher":"https:\/\/www.facebook.com\/invosy\/","article_modified_time":"2026-03-19T06:22:08+00:00","og_image":[{"width":352,"height":352,"url":"https:\/\/invosy.com\/ee\/wp-content\/uploads\/2024\/01\/invosy_se_-_graphics_-_label_-_only_28_p-EST.png","type":"image\/png"}],"twitter_card":"summary_large_image","twitter_misc":{"Est. reading time":"3 minutes"},"schema":{"@context":"https:\/\/schema.org","@graph":[{"@type":"WebPage","@id":"https:\/\/invosy.com\/ee\/privaatsuspoliitika\/","url":"https:\/\/invosy.com\/ee\/privaatsuspoliitika\/","name":"Privaatsuspoliitika\u00a0 - Arveldamine ilma oma ettev\u00f5tteta | Invosy","isPartOf":{"@id":"https:\/\/invosy.com\/ee\/#website"},"datePublished":"2026-03-18T09:14:36+00:00","dateModified":"2026-03-19T06:22:08+00:00","breadcrumb":{"@id":"https:\/\/invosy.com\/ee\/privaatsuspoliitika\/#breadcrumb"},"inLanguage":"et","potentialAction":[{"@type":"ReadAction","target":["https:\/\/invosy.com\/ee\/privaatsuspoliitika\/"]}]},{"@type":"BreadcrumbList","@id":"https:\/\/invosy.com\/ee\/privaatsuspoliitika\/#breadcrumb","itemListElement":[{"@type":"ListItem","position":1,"name":"Home","item":"https:\/\/invosy.com\/ee\/"},{"@type":"ListItem","position":2,"name":"Privaatsuspoliitika\u00a0"}]},{"@type":"WebSite","@id":"https:\/\/invosy.com\/ee\/#website","url":"https:\/\/invosy.com\/ee\/","name":"Arveldamine ilma oma ettev\u00f5tteta | Invosy","description":"Nutikas valik","publisher":{"@id":"https:\/\/invosy.com\/ee\/#organization"},"potentialAction":[{"@type":"SearchAction","target":{"@type":"EntryPoint","urlTemplate":"https:\/\/invosy.com\/ee\/?s={search_term_string}"},"query-input":{"@type":"PropertyValueSpecification","valueRequired":true,"valueName":"search_term_string"}}],"inLanguage":"et"},{"@type":"Organization","@id":"https:\/\/invosy.com\/ee\/#organization","name":"Invosy","url":"https:\/\/invosy.com\/ee\/","logo":{"@type":"ImageObject","inLanguage":"et","@id":"https:\/\/invosy.com\/ee\/#\/schema\/logo\/image\/","url":"https:\/\/invosy.com\/ee\/wp-content\/uploads\/2022\/09\/Logo.png","contentUrl":"https:\/\/invosy.com\/ee\/wp-content\/uploads\/2022\/09\/Logo.png","width":779,"height":223,"caption":"Invosy"},"image":{"@id":"https:\/\/invosy.com\/ee\/#\/schema\/logo\/image\/"},"sameAs":["https:\/\/www.facebook.com\/invosy\/","https:\/\/www.instagram.com\/invosy\/"]}]}},"jetpack_sharing_enabled":true,"_links":{"self":[{"href":"https:\/\/invosy.com\/ee\/wp-json\/wp\/v2\/pages\/10080","targetHints":{"allow":["GET"]}}],"collection":[{"href":"https:\/\/invosy.com\/ee\/wp-json\/wp\/v2\/pages"}],"about":[{"href":"https:\/\/invosy.com\/ee\/wp-json\/wp\/v2\/types\/page"}],"author":[{"embeddable":true,"href":"https:\/\/invosy.com\/ee\/wp-json\/wp\/v2\/users\/1"}],"replies":[{"embeddable":true,"href":"https:\/\/invosy.com\/ee\/wp-json\/wp\/v2\/comments?post=10080"}],"version-history":[{"count":13,"href":"https:\/\/invosy.com\/ee\/wp-json\/wp\/v2\/pages\/10080\/revisions"}],"predecessor-version":[{"id":10100,"href":"https:\/\/invosy.com\/ee\/wp-json\/wp\/v2\/pages\/10080\/revisions\/10100"}],"wp:attachment":[{"href":"https:\/\/invosy.com\/ee\/wp-json\/wp\/v2\/media?parent=10080"}],"curies":[{"name":"wp","href":"https:\/\/api.w.org\/{rel}","templated":true}]}}