{"id":10088,"date":"2026-03-18T11:23:03","date_gmt":"2026-03-18T09:23:03","guid":{"rendered":"https:\/\/invosy.com\/ee\/?page_id=10088"},"modified":"2026-03-18T11:23:57","modified_gmt":"2026-03-18T09:23:57","slug":"kasutustingimused","status":"publish","type":"page","link":"https:\/\/invosy.com\/ee\/kasutustingimused\/","title":{"rendered":"Kasutustingimused"},"content":{"rendered":"\t\t<div data-elementor-type=\"wp-page\" data-elementor-id=\"10088\" class=\"elementor elementor-10088\" data-elementor-post-type=\"page\">\n\t\t\t\t\t\t<section class=\"has_eae_slider elementor-section elementor-top-section elementor-element elementor-element-4cbb326 elementor-section-boxed elementor-section-height-default elementor-section-height-default\" data-eae-slider=\"14159\" data-id=\"4cbb326\" data-element_type=\"section\" data-e-type=\"section\">\n\t\t\t\t\t\t<div class=\"elementor-container elementor-column-gap-default\">\n\t\t\t\t\t<div class=\"has_eae_slider elementor-column elementor-col-100 elementor-top-column elementor-element elementor-element-32e6f99\" data-eae-slider=\"49184\" data-id=\"32e6f99\" data-element_type=\"column\" data-e-type=\"column\">\n\t\t\t<div class=\"elementor-widget-wrap elementor-element-populated\">\n\t\t\t\t\t\t<div class=\"elementor-element elementor-element-59cbe2d elementor-widget elementor-widget-heading\" data-id=\"59cbe2d\" data-element_type=\"widget\" data-e-type=\"widget\" data-widget_type=\"heading.default\">\n\t\t\t\t<div class=\"elementor-widget-container\">\n\t\t\t\t\t<h2 class=\"elementor-heading-title elementor-size-default\">Kasutustingimused<\/h2>\t\t\t\t<\/div>\n\t\t\t\t<\/div>\n\t\t\t\t<div class=\"elementor-element elementor-element-d9b71ee elementor-widget__width-initial elementor-widget elementor-widget-text-editor\" data-id=\"d9b71ee\" data-element_type=\"widget\" data-e-type=\"widget\" data-widget_type=\"text-editor.default\">\n\t\t\t\t<div class=\"elementor-widget-container\">\n\t\t\t\t\t\t\t\t\t<p><strong>1.<\/strong> Invosy.com\/ee-teenust osutab Invosy Estonia O\u00dc (\u00e4rinimi: 16340821, IP-aadress: www.invosy.com\/ee). Nendes tingimustes viitab \u201cInvosy\u201d, \u201cmeie\u201d v\u00f5i \u201cmeile\u201d Invosy Estonia O\u00dc-le v\u00f5i Invosy Estonia O\u00dc poolt registreeritud lisanimele. Teenuse kasutaja on t\u00f6\u00f6v\u00f5tja, kes t\u00f6\u00f6tab kliendi heaks ja lepib t\u00f6\u00f6\u00fclesannete ja hinnakujunduse tingimustes s\u00f5ltumatult kokku.<\/p><p><strong>2.<\/strong> Invosy ei turusta ega m\u00fc\u00fc teenuse kasutajate t\u00f6\u00f6d. Invosy ja teenuse kasutaja vahel tuleb eraldi kokku leppida m\u00fc\u00fcgi edendamise ja turunduse meetmetes.<\/p><p><strong>3.<\/strong> Teenuse kasutuselev\u00f5tt eeldab kasutaja loomist invosy.com\/ee lehel. Kasutaja loomine on tasuta ja ei seo kasutajat millegagi. Invosy teavitab kasutajakonto toimimisest eraldi meiliga: &#8220;T\u00e4name registreerimise eest. N\u00fc\u00fcd saate teenusesse sisse logida.&#8221;.<\/p><p><strong>4.<\/strong> Invosy ei vastuta mingil moel oma kasutajate vastutuse v\u00f5i kohustuste eest nende t\u00f6\u00f6s. Selles kontekstis h\u00f5lmavad vastutus ja kohustused vigu, viivitusi v\u00f5i puudusi, mis ilmnevad kasutaja t\u00f6\u00f6 k\u00e4igus v\u00f5i p\u00e4rast seda. Teenuse kasutaja peab kokku leppima t\u00f6\u00f6de teostamises iseseisvalt kliendiga. Kui teenuse kasutaja keeldub, ei suuda v\u00f5i muul viisil ei saa oma p\u00f5hjustatud viga parandada, on Invosyl \u00f5igus parandada vigane t\u00f6\u00f6 tulemus ja n\u00f5uda teenuse kasutajalt kulud tagasi. Teenuse kasutaja peab tagama, et peamised ja kolmandad isikud on t\u00e4ielikult teadlikud meie seisukohtadest ja kohustuste jaotusest osapoolte vahel.<\/p><p><strong>5.<\/strong> Teenuse kasutaja on kindlustatud seadusega etten\u00e4htud kindlustusega. Invosy on vastutuskindlustus kuni 1 000 000 eurot, mis vastavalt kindlustuse tingimustele ja selle piires h\u00fcvitab p\u00f5hitegijale v\u00f5i kolmandatele isikutele ja materiaalsele varale t\u00f6\u00f6 k\u00e4igus tekitatud kahju. Teenuse kasutaja vastutab kindlustush\u00fcvitise omavastutuse osa maksmise eest. Kindlustus ei kata ebaprofessionaalse t\u00f6\u00f6 tekitatud kahju. Kui sektor, kus teenusekasutaja tegutseb, on ametiv\u00f5imude j\u00e4relevalve all, esitatakse Invosyile piisav ja korrektne sertifikaat ning teenuse kasutaja kutseoskuse dokumentatsioon.<\/p><p><strong>6.<\/strong> Invosy tagab teenuse kasutajate privaatsuse vastavalt &#8220;Tietosuojalain (2018\/1050)&#8221; ja &#8220;S\u00e4hk\u00f6isen viestinn\u00e4n tietosuojalain (516\/2004)&#8221;. Teenuse kasutajal ei ole Invosyi nimel \u00f5igust arvet, krediiti, osamakseid v\u00f5i allt\u00f6\u00f6v\u00f5tulepinguid teha. Teenuse kasutaja lepingud tuleb s\u00f5lmida selles t\u00e4henduses, et Invosy on haldusettev\u00f5te ja teenuse kasutaja vastutab oma lepinguliste kohustuste eest. Haldusettev\u00f5tte \u00e4rinime ei tohi kasutada mitte-k\u00e4ibemaksukohustuslike ostude puhul ELis v\u00f5i v\u00e4ljaspool seda.<\/p><p><strong>7.<\/strong> Veebisaidil m\u00e4rgitud teenustasu v\u00f5etakse tasutud maksete eest. Teenustasu on progressiivne ja s\u00f5ltub teenuse kasutaja koguarvest. Teenustasu on protsent ja see arvutatakse arvelduse k\u00e4ibemaksuvaba hinna alusel. Teenustasu kohta eraldi miinimumhind puudub. Teenustasule lisandub k\u00e4ibemaks.<\/p><p>Kiirpalga teenustasu on 3,5% (+ 24% KM), mis tuleb tasuda lisaks tavalisele teenustasule. Kiirpalk on arve-spetsiifiline ja peate oma arveldusvormilt valima eraldi kiirmakse. Kiire tasumise aeg s\u00f5ltub arve kontrollimisest. Kiirpalga kasutaja saab palga oma pangakontole samal p\u00e4eval, kui arve saab pt\u00f6\u00f6andjalt kinnituse. Lisaks peab arve olema vaidlustamata ja arve p\u00f5hisumma ei tohi sisaldada krediidi tunnuseid. Kiirmakse \u00f5igsust kinnitatakse otse t\u00f6\u00f6andjaga, kui kasutaja ei ole esitanud arve kirjalikku kinnitust. Kiirpalga kasutajal v\u00f5ib olla avatud arveid korraga kuni 4000 eurot. Faktooringu tingimusena on see et kliendi poolt tellitud t\u00f6\u00f6 on valmis<\/p><p><strong>8.<\/strong> Teenuse kasutaja peab esitama Invosy palga maksmiseks maksukaardi. Maksekaart tuleb esitada enne esimest makset. Kliendiga lepingu allkirjastamine on v\u00f5imalik enne maksukaardi esitamist. Kui maksukaarti ei tarnita enne esimest palka, siis kasutame maksu kinnipidamist 60%.<\/p><p><strong>9.<\/strong> Invosy maksab teenuse kasutajale, kui t\u00f6\u00f6andjate makse on saabunud Invosy pangakontole v\u00f5i eraldi lepinguga. Palka makstakse siis, kui kogu vajalik teave (kviitungid, reisikulud, info, tasu jaotamine jne) on meile n\u00f5uetekohaselt esitatud.<\/p><p>Teenuse kasutaja palk arvutatakse k\u00e4ibemaksuvaba arve summa alusel. K\u00e4ibemaksuvabast summast arvestatakse maha teenustasu, \u00f5nnetusjuhtumikindlustus, kohustusliku t\u00f6\u00f6andja kulud ja teenuse kasutaja isiklikud mahaarvamised. Korralduse alusel makstavad palgad ja kulud lepitakse kokku nii \u00fchekordsete, sealhulgas puhkusekompensatsioonide osas.<\/p><p>Lisaks palgamaksele antakse kasutajale ka elektrooniline palga kirjeldus. Kasutajal on \u00f5igus n\u00f5uda ka t\u00f6\u00f6- ja palgat\u00f5endit. Lisaks ei pea teenuse kasutaja tegema eraldi deklaratsioone ega eraldi makseid teistele osapooltele.<\/p><p><strong>10.<\/strong> Teenuse kasutaja on kohustatud j\u00e4rgima ohutusn\u00f5udeid. T\u00f6\u00f6ga seotud maksuvabastused ja p\u00e4evarahad h\u00fcvitatakse asjakohaste tulude alusel. Kulusid v\u00f5ib maksta oma auto ja t\u00f6\u00f6ga seotud materjalikulude eest (va kodu ja t\u00f6\u00f6 vahelised reisid).<\/p><p>Teenuse kasutaja ei saa Invosy kaudu p\u00f5hivara ostu maha arvata, vastasel juhul kantakse meile \u00fcle raamatupidamisomand. Eespool nimetatud ostud tuleb maha arvata teenuse kasutaja isiklikust maksustamise k\u00e4igus. Teenuse kasutaja vastutab ka selle eest, et teatatud maksuvabad kulutused ja muud kulud oleksid \u00f5iged ja mitte rohkem kui kaks kuud vanad (kulude kviitungid tuleb esitada originaalina hiljemalt makse sooritamisel). Invosy j\u00e4tab endale \u00f5iguse mitte aktsepteerida kulutaotlusi.<\/p><p><strong>11.<\/strong> Teenuse kasutaja on kohustatud kliendiga kokku leppima t\u00f6\u00f6 ja hindade osas. Invosy soovitab kirjaliku t\u00f6\u00f6lepingu s\u00f5lmimist, mis n\u00e4itab v\u00e4hemalt t\u00f6\u00f6 minimaalset sisu. Kasutaja peab kindlaks m\u00e4\u00e4rama oma t\u00f6\u00f6 kogumaksumuse nii, et brutopalk ei oleks madalam t\u00f6\u00f6stusharus kehtivast t\u00f6\u00f6lepingust. T\u00f6\u00f6tasu ei tohi olla madalam kui t\u00f6\u00f6stusharu miinimumpalga eeskirjad, sealhulgas maksuvabade h\u00fcvitiste maksmine. Invosy j\u00e4tab endale \u00f5iguse mitte maksta, kui on kahtlus \u00fclaltoodud reeglite rikkumise korral.<\/p><p><strong>12.<\/strong> Lisaks:<br \/>Teenuse kasutaja peab j\u00e4rgima Eestis kehtivaid \u00f5igusakte.<\/p><p>Teenuse kasutaja peab j\u00e4rgima t\u00f6\u00f6ohutuseeskirju ning on kohustatud enne t\u00f6\u00f6 alustamist tutvuma tulevase t\u00f6\u00f6 ja sellega seotud t\u00f6\u00f6ohutusmeetmetega. Teenuse kasutaja peab tagama, et tal on t\u00f6\u00f6ks vajalikud \u00f5iged ja ajakohased kaitsevahendid. Teenuse kasutaja vastutab ka nende vahendite kasutamise eest.<\/p><p>Ametiasutuste j\u00e4relevalve all peab teenuse kasutaja t\u00f5endama oma kvalifikatsiooni asjakohaste dokumentidega. Kui t\u00f6\u00f6 n\u00f5uab eraldi litsentse, vastutab teenuse kasutaja \u00f5igete ja ajakohaste \u00f5iguste olemasolu eest. Autoriseerimisele kuuluvad t\u00f6\u00f6load tuleb eelnevalt koosk\u00f5lastada Invosyiga. Kui neid tingimusi rikutakse, ei ole teenuse kasutajal \u00f5igust saada h\u00fcvitist Invosy jooksva vastutuskindlustuse kaudu.<\/p><p>Teenuse kasutaja vastutab isiklikult kogu tema esitatud teabe \u00f5igsuse eest. See kehtib muu hulgas arvelduse vormis esitatava teabe ja maksuvabade kulude ja muude kulude deklaratsiooni kohta. Invosy ei taga mingil juhul t\u00f6\u00f6v\u00f5tja tehtud t\u00f6\u00f6d ega vastuta kahjude eest, mis tulenevad &#8220;Tuotevastuulain (649\/1990)&#8221;. Nii maksustamise kui ka raamatupidamise seisukohast on kergettev\u00f5tja identifitseeritud Invosy Estonia O\u00dc t\u00f6\u00f6tajaks. Teistes aspektides, n\u00e4iteks t\u00f6\u00f6\u00f5iguses, v\u00f5ib t\u00f6\u00f6taja \u00f5iguslik seisund erineda. T\u00f6\u00f6tush\u00fcvitiste puhul v\u00f5ib kerget ettev\u00f5tjat liigitada ettev\u00f5tjaks.<\/p>\t\t\t\t\t\t\t\t<\/div>\n\t\t\t\t<\/div>\n\t\t\t\t\t<\/div>\n\t\t<\/div>\n\t\t\t\t\t<\/div>\n\t\t<\/section>\n\t\t\t\t<\/div>\n\t\t","protected":false},"excerpt":{"rendered":"<p>Kasutustingimused 1. Invosy.com\/ee-teenust osutab Invosy Estonia O\u00dc (\u00e4rinimi: 16340821, IP-aadress: www.invosy.com\/ee). Nendes tingimustes viitab \u201cInvosy\u201d, \u201cmeie\u201d v\u00f5i \u201cmeile\u201d Invosy Estonia O\u00dc-le v\u00f5i Invosy Estonia O\u00dc poolt registreeritud lisanimele. Teenuse kasutaja on t\u00f6\u00f6v\u00f5tja, kes t\u00f6\u00f6tab kliendi heaks ja lepib t\u00f6\u00f6\u00fclesannete ja hinnakujunduse tingimustes s\u00f5ltumatult kokku. 2. Invosy ei turusta ega m\u00fc\u00fc teenuse kasutajate t\u00f6\u00f6d. Invosy ja [&hellip;]<\/p>\n","protected":false},"author":1,"featured_media":0,"parent":0,"menu_order":0,"comment_status":"closed","ping_status":"closed","template":"","meta":{"_eb_attr":"","footnotes":""},"class_list":["post-10088","page","type-page","status-publish","hentry"],"yoast_head":"<!-- This site is optimized with the Yoast SEO plugin v27.5 - https:\/\/yoast.com\/product\/yoast-seo-wordpress\/ -->\n<title>Kasutustingimused - Arveldamine ilma oma ettev\u00f5tteta | Invosy<\/title>\n<meta name=\"robots\" content=\"index, follow, max-snippet:-1, max-image-preview:large, max-video-preview:-1\" \/>\n<link rel=\"canonical\" href=\"https:\/\/invosy.com\/ee\/kasutustingimused\/\" \/>\n<meta property=\"og:locale\" content=\"et_EE\" \/>\n<meta property=\"og:type\" content=\"article\" \/>\n<meta property=\"og:title\" content=\"Kasutustingimused - Arveldamine ilma oma ettev\u00f5tteta | Invosy\" \/>\n<meta property=\"og:description\" content=\"Kasutustingimused 1. Invosy.com\/ee-teenust osutab Invosy Estonia O\u00dc (\u00e4rinimi: 16340821, IP-aadress: www.invosy.com\/ee). Nendes tingimustes viitab \u201cInvosy\u201d, \u201cmeie\u201d v\u00f5i \u201cmeile\u201d Invosy Estonia O\u00dc-le v\u00f5i Invosy Estonia O\u00dc poolt registreeritud lisanimele. Teenuse kasutaja on t\u00f6\u00f6v\u00f5tja, kes t\u00f6\u00f6tab kliendi heaks ja lepib t\u00f6\u00f6\u00fclesannete ja hinnakujunduse tingimustes s\u00f5ltumatult kokku. 2. Invosy ei turusta ega m\u00fc\u00fc teenuse kasutajate t\u00f6\u00f6d. Invosy ja [&hellip;]\" \/>\n<meta property=\"og:url\" content=\"https:\/\/invosy.com\/ee\/kasutustingimused\/\" \/>\n<meta property=\"og:site_name\" content=\"Arveldamine ilma oma ettev\u00f5tteta | Invosy\" \/>\n<meta property=\"article:publisher\" content=\"https:\/\/www.facebook.com\/invosy\/\" \/>\n<meta property=\"article:modified_time\" content=\"2026-03-18T09:23:57+00:00\" \/>\n<meta property=\"og:image\" content=\"https:\/\/invosy.com\/ee\/wp-content\/uploads\/2024\/01\/invosy_se_-_graphics_-_label_-_only_28_p-EST.png\" \/>\n\t<meta property=\"og:image:width\" content=\"352\" \/>\n\t<meta property=\"og:image:height\" content=\"352\" \/>\n\t<meta property=\"og:image:type\" content=\"image\/png\" \/>\n<meta name=\"twitter:card\" content=\"summary_large_image\" \/>\n<meta name=\"twitter:label1\" content=\"Est. reading time\" \/>\n\t<meta name=\"twitter:data1\" content=\"4 minutes\" \/>\n<script type=\"application\/ld+json\" class=\"yoast-schema-graph\">{\"@context\":\"https:\\\/\\\/schema.org\",\"@graph\":[{\"@type\":\"WebPage\",\"@id\":\"https:\\\/\\\/invosy.com\\\/ee\\\/kasutustingimused\\\/\",\"url\":\"https:\\\/\\\/invosy.com\\\/ee\\\/kasutustingimused\\\/\",\"name\":\"Kasutustingimused - Arveldamine ilma oma ettev\u00f5tteta | Invosy\",\"isPartOf\":{\"@id\":\"https:\\\/\\\/invosy.com\\\/ee\\\/#website\"},\"datePublished\":\"2026-03-18T09:23:03+00:00\",\"dateModified\":\"2026-03-18T09:23:57+00:00\",\"breadcrumb\":{\"@id\":\"https:\\\/\\\/invosy.com\\\/ee\\\/kasutustingimused\\\/#breadcrumb\"},\"inLanguage\":\"et\",\"potentialAction\":[{\"@type\":\"ReadAction\",\"target\":[\"https:\\\/\\\/invosy.com\\\/ee\\\/kasutustingimused\\\/\"]}]},{\"@type\":\"BreadcrumbList\",\"@id\":\"https:\\\/\\\/invosy.com\\\/ee\\\/kasutustingimused\\\/#breadcrumb\",\"itemListElement\":[{\"@type\":\"ListItem\",\"position\":1,\"name\":\"Home\",\"item\":\"https:\\\/\\\/invosy.com\\\/ee\\\/\"},{\"@type\":\"ListItem\",\"position\":2,\"name\":\"Kasutustingimused\"}]},{\"@type\":\"WebSite\",\"@id\":\"https:\\\/\\\/invosy.com\\\/ee\\\/#website\",\"url\":\"https:\\\/\\\/invosy.com\\\/ee\\\/\",\"name\":\"Arveldamine ilma oma ettev\u00f5tteta | Invosy\",\"description\":\"Nutikas valik\",\"publisher\":{\"@id\":\"https:\\\/\\\/invosy.com\\\/ee\\\/#organization\"},\"potentialAction\":[{\"@type\":\"SearchAction\",\"target\":{\"@type\":\"EntryPoint\",\"urlTemplate\":\"https:\\\/\\\/invosy.com\\\/ee\\\/?s={search_term_string}\"},\"query-input\":{\"@type\":\"PropertyValueSpecification\",\"valueRequired\":true,\"valueName\":\"search_term_string\"}}],\"inLanguage\":\"et\"},{\"@type\":\"Organization\",\"@id\":\"https:\\\/\\\/invosy.com\\\/ee\\\/#organization\",\"name\":\"Invosy\",\"url\":\"https:\\\/\\\/invosy.com\\\/ee\\\/\",\"logo\":{\"@type\":\"ImageObject\",\"inLanguage\":\"et\",\"@id\":\"https:\\\/\\\/invosy.com\\\/ee\\\/#\\\/schema\\\/logo\\\/image\\\/\",\"url\":\"https:\\\/\\\/invosy.com\\\/ee\\\/wp-content\\\/uploads\\\/2022\\\/09\\\/Logo.png\",\"contentUrl\":\"https:\\\/\\\/invosy.com\\\/ee\\\/wp-content\\\/uploads\\\/2022\\\/09\\\/Logo.png\",\"width\":779,\"height\":223,\"caption\":\"Invosy\"},\"image\":{\"@id\":\"https:\\\/\\\/invosy.com\\\/ee\\\/#\\\/schema\\\/logo\\\/image\\\/\"},\"sameAs\":[\"https:\\\/\\\/www.facebook.com\\\/invosy\\\/\",\"https:\\\/\\\/www.instagram.com\\\/invosy\\\/\"]}]}<\/script>\n<!-- \/ Yoast SEO plugin. -->","yoast_head_json":{"title":"Kasutustingimused - Arveldamine ilma oma ettev\u00f5tteta | Invosy","robots":{"index":"index","follow":"follow","max-snippet":"max-snippet:-1","max-image-preview":"max-image-preview:large","max-video-preview":"max-video-preview:-1"},"canonical":"https:\/\/invosy.com\/ee\/kasutustingimused\/","og_locale":"et_EE","og_type":"article","og_title":"Kasutustingimused - Arveldamine ilma oma ettev\u00f5tteta | Invosy","og_description":"Kasutustingimused 1. Invosy.com\/ee-teenust osutab Invosy Estonia O\u00dc (\u00e4rinimi: 16340821, IP-aadress: www.invosy.com\/ee). Nendes tingimustes viitab \u201cInvosy\u201d, \u201cmeie\u201d v\u00f5i \u201cmeile\u201d Invosy Estonia O\u00dc-le v\u00f5i Invosy Estonia O\u00dc poolt registreeritud lisanimele. Teenuse kasutaja on t\u00f6\u00f6v\u00f5tja, kes t\u00f6\u00f6tab kliendi heaks ja lepib t\u00f6\u00f6\u00fclesannete ja hinnakujunduse tingimustes s\u00f5ltumatult kokku. 2. Invosy ei turusta ega m\u00fc\u00fc teenuse kasutajate t\u00f6\u00f6d. Invosy ja [&hellip;]","og_url":"https:\/\/invosy.com\/ee\/kasutustingimused\/","og_site_name":"Arveldamine ilma oma ettev\u00f5tteta | Invosy","article_publisher":"https:\/\/www.facebook.com\/invosy\/","article_modified_time":"2026-03-18T09:23:57+00:00","og_image":[{"width":352,"height":352,"url":"https:\/\/invosy.com\/ee\/wp-content\/uploads\/2024\/01\/invosy_se_-_graphics_-_label_-_only_28_p-EST.png","type":"image\/png"}],"twitter_card":"summary_large_image","twitter_misc":{"Est. reading time":"4 minutes"},"schema":{"@context":"https:\/\/schema.org","@graph":[{"@type":"WebPage","@id":"https:\/\/invosy.com\/ee\/kasutustingimused\/","url":"https:\/\/invosy.com\/ee\/kasutustingimused\/","name":"Kasutustingimused - Arveldamine ilma oma ettev\u00f5tteta | Invosy","isPartOf":{"@id":"https:\/\/invosy.com\/ee\/#website"},"datePublished":"2026-03-18T09:23:03+00:00","dateModified":"2026-03-18T09:23:57+00:00","breadcrumb":{"@id":"https:\/\/invosy.com\/ee\/kasutustingimused\/#breadcrumb"},"inLanguage":"et","potentialAction":[{"@type":"ReadAction","target":["https:\/\/invosy.com\/ee\/kasutustingimused\/"]}]},{"@type":"BreadcrumbList","@id":"https:\/\/invosy.com\/ee\/kasutustingimused\/#breadcrumb","itemListElement":[{"@type":"ListItem","position":1,"name":"Home","item":"https:\/\/invosy.com\/ee\/"},{"@type":"ListItem","position":2,"name":"Kasutustingimused"}]},{"@type":"WebSite","@id":"https:\/\/invosy.com\/ee\/#website","url":"https:\/\/invosy.com\/ee\/","name":"Arveldamine ilma oma ettev\u00f5tteta | Invosy","description":"Nutikas valik","publisher":{"@id":"https:\/\/invosy.com\/ee\/#organization"},"potentialAction":[{"@type":"SearchAction","target":{"@type":"EntryPoint","urlTemplate":"https:\/\/invosy.com\/ee\/?s={search_term_string}"},"query-input":{"@type":"PropertyValueSpecification","valueRequired":true,"valueName":"search_term_string"}}],"inLanguage":"et"},{"@type":"Organization","@id":"https:\/\/invosy.com\/ee\/#organization","name":"Invosy","url":"https:\/\/invosy.com\/ee\/","logo":{"@type":"ImageObject","inLanguage":"et","@id":"https:\/\/invosy.com\/ee\/#\/schema\/logo\/image\/","url":"https:\/\/invosy.com\/ee\/wp-content\/uploads\/2022\/09\/Logo.png","contentUrl":"https:\/\/invosy.com\/ee\/wp-content\/uploads\/2022\/09\/Logo.png","width":779,"height":223,"caption":"Invosy"},"image":{"@id":"https:\/\/invosy.com\/ee\/#\/schema\/logo\/image\/"},"sameAs":["https:\/\/www.facebook.com\/invosy\/","https:\/\/www.instagram.com\/invosy\/"]}]}},"jetpack_sharing_enabled":true,"_links":{"self":[{"href":"https:\/\/invosy.com\/ee\/wp-json\/wp\/v2\/pages\/10088","targetHints":{"allow":["GET"]}}],"collection":[{"href":"https:\/\/invosy.com\/ee\/wp-json\/wp\/v2\/pages"}],"about":[{"href":"https:\/\/invosy.com\/ee\/wp-json\/wp\/v2\/types\/page"}],"author":[{"embeddable":true,"href":"https:\/\/invosy.com\/ee\/wp-json\/wp\/v2\/users\/1"}],"replies":[{"embeddable":true,"href":"https:\/\/invosy.com\/ee\/wp-json\/wp\/v2\/comments?post=10088"}],"version-history":[{"count":4,"href":"https:\/\/invosy.com\/ee\/wp-json\/wp\/v2\/pages\/10088\/revisions"}],"predecessor-version":[{"id":10092,"href":"https:\/\/invosy.com\/ee\/wp-json\/wp\/v2\/pages\/10088\/revisions\/10092"}],"wp:attachment":[{"href":"https:\/\/invosy.com\/ee\/wp-json\/wp\/v2\/media?parent=10088"}],"curies":[{"name":"wp","href":"https:\/\/api.w.org\/{rel}","templated":true}]}}