{"id":9721,"date":"2025-05-05T07:27:25","date_gmt":"2025-05-05T05:27:25","guid":{"rendered":"https:\/\/invosy.com\/ee\/?page_id=9721"},"modified":"2025-05-05T07:41:53","modified_gmt":"2025-05-05T05:41:53","slug":"kontakt","status":"publish","type":"page","link":"https:\/\/invosy.com\/ee\/kontakt\/","title":{"rendered":"Kontakt"},"content":{"rendered":"\t\t<div data-elementor-type=\"wp-page\" data-elementor-id=\"9721\" class=\"elementor elementor-9721\" data-elementor-post-type=\"page\">\n\t\t\t\t\t\t<section class=\"has_eae_slider elementor-section elementor-top-section elementor-element elementor-element-50551388 elementor-section-boxed elementor-section-height-default elementor-section-height-default\" data-eae-slider=\"86824\" data-id=\"50551388\" data-element_type=\"section\" data-e-type=\"section\" data-settings=\"{&quot;background_background&quot;:&quot;classic&quot;}\">\n\t\t\t\t\t\t<div class=\"elementor-container elementor-column-gap-default\">\n\t\t\t\t\t<div class=\"has_eae_slider elementor-column elementor-col-100 elementor-top-column elementor-element elementor-element-18064578\" data-eae-slider=\"28165\" data-id=\"18064578\" data-element_type=\"column\" data-e-type=\"column\">\n\t\t\t<div class=\"elementor-widget-wrap elementor-element-populated\">\n\t\t\t\t\t\t<section class=\"has_eae_slider elementor-section elementor-inner-section elementor-element elementor-element-c789b20 elementor-section-boxed elementor-section-height-default elementor-section-height-default\" data-eae-slider=\"7316\" data-id=\"c789b20\" data-element_type=\"section\" data-e-type=\"section\">\n\t\t\t\t\t\t<div class=\"elementor-container elementor-column-gap-default\">\n\t\t\t\t\t<div class=\"has_eae_slider elementor-column elementor-col-50 elementor-inner-column elementor-element elementor-element-3e8b4bda\" data-eae-slider=\"87667\" data-id=\"3e8b4bda\" data-element_type=\"column\" data-e-type=\"column\">\n\t\t\t<div class=\"elementor-widget-wrap elementor-element-populated\">\n\t\t\t\t\t\t<div class=\"elementor-element elementor-element-2aca3b9a elementor-absolute elementor-widget elementor-widget-heading\" data-id=\"2aca3b9a\" data-element_type=\"widget\" data-e-type=\"widget\" data-settings=\"{&quot;_position&quot;:&quot;absolute&quot;}\" data-widget_type=\"heading.default\">\n\t\t\t\t<div class=\"elementor-widget-container\">\n\t\t\t\t\t<h2 class=\"elementor-heading-title elementor-size-default\">V\u00f5tke meiega \u00fchendust<\/h2>\t\t\t\t<\/div>\n\t\t\t\t<\/div>\n\t\t\t\t\t<\/div>\n\t\t<\/div>\n\t\t\t\t<div class=\"has_eae_slider elementor-column elementor-col-50 elementor-inner-column elementor-element elementor-element-595c1a0c\" data-eae-slider=\"82852\" data-id=\"595c1a0c\" data-element_type=\"column\" data-e-type=\"column\">\n\t\t\t<div class=\"elementor-widget-wrap elementor-element-populated\">\n\t\t\t\t\t\t<div class=\"elementor-element elementor-element-6bdd8353 animated-slow elementor-invisible elementor-widget elementor-widget-image\" data-id=\"6bdd8353\" data-element_type=\"widget\" data-e-type=\"widget\" data-settings=\"{&quot;_animation&quot;:&quot;fadeIn&quot;}\" data-widget_type=\"image.default\">\n\t\t\t\t<div class=\"elementor-widget-container\">\n\t\t\t\t\t\t\t\t\t\t\t\t\t\t\t<img fetchpriority=\"high\" decoding=\"async\" width=\"800\" height=\"800\" src=\"https:\/\/invosy.com\/ee\/wp-content\/uploads\/2025\/04\/Markkinoiden-halvin-17-1024x1024.png\" class=\"attachment-large size-large wp-image-9677\" alt=\"\" srcset=\"https:\/\/invosy.com\/ee\/wp-content\/uploads\/2025\/04\/Markkinoiden-halvin-17-1024x1024.png 1024w, https:\/\/invosy.com\/ee\/wp-content\/uploads\/2025\/04\/Markkinoiden-halvin-17-300x300.png 300w, https:\/\/invosy.com\/ee\/wp-content\/uploads\/2025\/04\/Markkinoiden-halvin-17-150x150.png 150w, https:\/\/invosy.com\/ee\/wp-content\/uploads\/2025\/04\/Markkinoiden-halvin-17-768x768.png 768w, https:\/\/invosy.com\/ee\/wp-content\/uploads\/2025\/04\/Markkinoiden-halvin-17-12x12.png 12w, https:\/\/invosy.com\/ee\/wp-content\/uploads\/2025\/04\/Markkinoiden-halvin-17.png 1080w\" sizes=\"(max-width: 800px) 100vw, 800px\" \/>\t\t\t\t\t\t\t\t\t\t\t\t\t\t\t<\/div>\n\t\t\t\t<\/div>\n\t\t\t\t\t<\/div>\n\t\t<\/div>\n\t\t\t\t\t<\/div>\n\t\t<\/section>\n\t\t\t\t\t<\/div>\n\t\t<\/div>\n\t\t\t\t\t<\/div>\n\t\t<\/section>\n\t\t\t\t<section class=\"has_eae_slider elementor-section elementor-top-section elementor-element elementor-element-43c4ec4c elementor-section-boxed elementor-section-height-default elementor-section-height-default\" data-eae-slider=\"41952\" data-id=\"43c4ec4c\" data-element_type=\"section\" data-e-type=\"section\" data-settings=\"{&quot;background_background&quot;:&quot;classic&quot;}\">\n\t\t\t\t\t\t<div class=\"elementor-container elementor-column-gap-default\">\n\t\t\t\t\t<div class=\"has_eae_slider elementor-column elementor-col-100 elementor-top-column elementor-element elementor-element-2d9a052d\" data-eae-slider=\"67596\" data-id=\"2d9a052d\" data-element_type=\"column\" data-e-type=\"column\">\n\t\t\t<div class=\"elementor-widget-wrap elementor-element-populated\">\n\t\t\t\t\t\t<section class=\"has_eae_slider elementor-section elementor-inner-section elementor-element elementor-element-307f465b elementor-section-boxed elementor-section-height-default elementor-section-height-default\" data-eae-slider=\"22734\" data-id=\"307f465b\" data-element_type=\"section\" data-e-type=\"section\">\n\t\t\t\t\t\t<div class=\"elementor-container elementor-column-gap-default\">\n\t\t\t\t\t<div class=\"has_eae_slider elementor-column elementor-col-50 elementor-inner-column elementor-element elementor-element-3f481ea7\" data-eae-slider=\"28831\" data-id=\"3f481ea7\" data-element_type=\"column\" data-e-type=\"column\">\n\t\t\t<div class=\"elementor-widget-wrap elementor-element-populated\">\n\t\t\t\t\t\t<div class=\"elementor-element elementor-element-4f190662 elementor-widget elementor-widget-heading\" data-id=\"4f190662\" data-element_type=\"widget\" data-e-type=\"widget\" data-widget_type=\"heading.default\">\n\t\t\t\t<div class=\"elementor-widget-container\">\n\t\t\t\t\t<h2 class=\"elementor-heading-title elementor-size-default\">Klienditeenindus<\/h2>\t\t\t\t<\/div>\n\t\t\t\t<\/div>\n\t\t\t\t<div class=\"elementor-element elementor-element-ec8b28d elementor-widget elementor-widget-spacer\" data-id=\"ec8b28d\" data-element_type=\"widget\" data-e-type=\"widget\" data-widget_type=\"spacer.default\">\n\t\t\t\t<div class=\"elementor-widget-container\">\n\t\t\t\t\t\t\t<div class=\"elementor-spacer\">\n\t\t\t<div class=\"elementor-spacer-inner\"><\/div>\n\t\t<\/div>\n\t\t\t\t\t\t<\/div>\n\t\t\t\t<\/div>\n\t\t\t\t<div class=\"elementor-element elementor-element-4e9bc2a5 elementor-widget elementor-widget-text-editor\" data-id=\"4e9bc2a5\" data-element_type=\"widget\" data-e-type=\"widget\" data-widget_type=\"text-editor.default\">\n\t\t\t\t<div class=\"elementor-widget-container\">\n\t\t\t\t\t\t\t\t\t<p><strong>Tel.<\/strong> +372 6843262<\/p><p><strong>E-post: <a title=\"mailto:klienditeenindus@invosy.com\" href=\"mailto:klienditeenindus@invosy.com\" data-testid=\"link-with-safety\" data-renderer-mark=\"true\"><u style=\"color: #e56a2f;\" data-renderer-mark=\"true\">klienditeenindus@invosy.com<\/u><\/a><\/strong><\/p><p>Teenindame t\u00f6\u00f6p\u00e4eviti kell 9:00-17:00.<\/p><p><strong>Aadress<\/strong><\/p><p>Aia 4<br \/>10111 Tallinn<\/p>\t\t\t\t\t\t\t\t<\/div>\n\t\t\t\t<\/div>\n\t\t\t\t\t<\/div>\n\t\t<\/div>\n\t\t\t\t<div class=\"has_eae_slider elementor-column elementor-col-50 elementor-inner-column elementor-element elementor-element-1b6eb239\" data-eae-slider=\"24280\" data-id=\"1b6eb239\" data-element_type=\"column\" data-e-type=\"column\">\n\t\t\t<div class=\"elementor-widget-wrap elementor-element-populated\">\n\t\t\t\t\t\t<div class=\"elementor-element elementor-element-58d12799 elementor-widget elementor-widget-heading\" data-id=\"58d12799\" data-element_type=\"widget\" data-e-type=\"widget\" data-widget_type=\"heading.default\">\n\t\t\t\t<div class=\"elementor-widget-container\">\n\t\t\t\t\t<h2 class=\"elementor-heading-title elementor-size-default\">Kirjuta meile siin<\/h2>\t\t\t\t<\/div>\n\t\t\t\t<\/div>\n\t\t\t\t<div class=\"elementor-element elementor-element-72be7864 elementor-widget elementor-widget-shortcode\" data-id=\"72be7864\" data-element_type=\"widget\" data-e-type=\"widget\" data-widget_type=\"shortcode.default\">\n\t\t\t\t<div class=\"elementor-widget-container\">\n\t\t\t\t\t\t\t<div class=\"elementor-shortcode\"><div class=\"wpforms-container wpforms-container-full\" id=\"wpforms-8505\"><form id=\"wpforms-form-8505\" class=\"wpforms-validate wpforms-form wpforms-ajax-form\" data-formid=\"8505\" method=\"post\" enctype=\"multipart\/form-data\" action=\"\/ee\/wp-json\/wp\/v2\/pages\/9721\" data-token=\"b9aa178e450974b92bcf4efeeb01895b\" data-token-time=\"1778078017\"><noscript class=\"wpforms-error-noscript\">Please enable JavaScript in your browser to complete this form.<\/noscript><div class=\"wpforms-field-container\"><div id=\"wpforms-8505-field_2-container\" class=\"wpforms-field wpforms-field-text\" data-field-id=\"2\"><label class=\"wpforms-field-label wpforms-label-hide\" for=\"wpforms-8505-field_2\">Single Line Text <span class=\"wpforms-required-label\">*<\/span><\/label><input type=\"text\" id=\"wpforms-8505-field_2\" class=\"wpforms-field-large wpforms-field-required\" name=\"wpforms[fields][2]\" placeholder=\"Nimi *\" required><\/div><div id=\"wpforms-8505-field_3-container\" class=\"wpforms-field wpforms-field-email\" data-field-id=\"3\"><label class=\"wpforms-field-label wpforms-label-hide\" for=\"wpforms-8505-field_3\">Email <span class=\"wpforms-required-label\">*<\/span><\/label><input type=\"email\" id=\"wpforms-8505-field_3\" class=\"wpforms-field-large wpforms-field-required\" name=\"wpforms[fields][3]\" placeholder=\"Meil *\" spellcheck=\"false\" required><\/div><div id=\"wpforms-8505-field_4-container\" class=\"wpforms-field wpforms-field-textarea\" data-field-id=\"4\"><label class=\"wpforms-field-label wpforms-label-hide\" for=\"wpforms-8505-field_4\">S\u00f5num <span class=\"wpforms-required-label\">*<\/span><\/label><textarea id=\"wpforms-8505-field_4\" class=\"wpforms-field-medium wpforms-field-required\" name=\"wpforms[fields][4]\" placeholder=\"S\u00f5num *\" required><\/textarea><\/div>\t\t<div id=\"wpforms-8505-field_1-container\"\n\t\t\tclass=\"wpforms-field wpforms-field-text\"\n\t\t\tdata-field-type=\"text\"\n\t\t\tdata-field-id=\"1\"\n\t\t\t>\n\t\t\t<label class=\"wpforms-field-label\" for=\"wpforms-8505-field_1\" >Text S\u00f5num Single<\/label>\n\t\t\t<input type=\"text\" id=\"wpforms-8505-field_1\" class=\"wpforms-field-medium\" name=\"wpforms[fields][1]\" >\n\t\t<\/div>\n\t\t<div id=\"wpforms-8505-field_5-container\" class=\"wpforms-field wpforms-field-checkbox\" data-field-id=\"5\"><label class=\"wpforms-field-label wpforms-label-hide\">Checkboxes <span class=\"wpforms-required-label\">*<\/span><\/label><ul id=\"wpforms-8505-field_5\" class=\"wpforms-field-required\"><li class=\"choice-1 depth-1\"><input type=\"checkbox\" id=\"wpforms-8505-field_5_1\" name=\"wpforms[fields][5][]\" value=\"Ma ei ole robot *\" required ><label class=\"wpforms-field-label-inline\" for=\"wpforms-8505-field_5_1\">Ma ei ole robot *<\/label><\/li><\/ul><\/div><script>\n\t\t\t\t( function() {\n\t\t\t\t\tconst style = document.createElement( 'style' );\n\t\t\t\t\tstyle.appendChild( document.createTextNode( '#wpforms-8505-field_1-container { position: absolute !important; overflow: hidden !important; display: inline !important; height: 1px !important; width: 1px !important; z-index: -1000 !important; padding: 0 !important; } #wpforms-8505-field_1-container input { visibility: hidden; } #wpforms-conversational-form-page #wpforms-8505-field_1-container label { counter-increment: none; }' ) );\n\t\t\t\t\tdocument.head.appendChild( style );\n\t\t\t\t\tdocument.currentScript?.remove();\n\t\t\t\t} )();\n\t\t\t<\/script><\/div><!-- .wpforms-field-container --><div class=\"wpforms-submit-container\" ><input type=\"hidden\" name=\"wpforms[id]\" value=\"8505\"><input type=\"hidden\" name=\"page_title\" value=\"\"><input type=\"hidden\" name=\"page_url\" value=\"https:\/\/invosy.com\/ee\/wp-json\/wp\/v2\/pages\/9721\"><input type=\"hidden\" name=\"url_referer\" value=\"\"><button type=\"submit\" name=\"wpforms[submit]\" id=\"wpforms-submit-8505\" class=\"wpforms-submit\" data-alt-text=\"...\" data-submit-text=\"Saada\" aria-live=\"assertive\" value=\"wpforms-submit\">Saada<\/button><img decoding=\"async\" src=\"https:\/\/invosy.com\/ee\/wp-content\/plugins\/wpforms-lite\/assets\/images\/submit-spin.svg\" class=\"wpforms-submit-spinner\" style=\"display: none;\" width=\"26\" height=\"26\" alt=\"Loading\"><\/div><\/form><\/div>  <!-- .wpforms-container --><\/div>\n\t\t\t\t\t\t<\/div>\n\t\t\t\t<\/div>\n\t\t\t\t\t<\/div>\n\t\t<\/div>\n\t\t\t\t\t<\/div>\n\t\t<\/section>\n\t\t\t\t\t<\/div>\n\t\t<\/div>\n\t\t\t\t\t<\/div>\n\t\t<\/section>\n\t\t\t\t<\/div>\n\t\t","protected":false},"excerpt":{"rendered":"<p>V\u00f5tke meiega \u00fchendust Klienditeenindus Tel. +372 6843262 E-post: klienditeenindus@invosy.com Teenindame t\u00f6\u00f6p\u00e4eviti kell 9:00-17:00. Aadress Aia 410111 Tallinn Kirjuta meile siin<\/p>\n","protected":false},"author":1,"featured_media":0,"parent":0,"menu_order":0,"comment_status":"closed","ping_status":"closed","template":"","meta":{"_eb_attr":"","footnotes":""},"class_list":["post-9721","page","type-page","status-publish","hentry"],"yoast_head":"<!-- This site is optimized with the Yoast SEO plugin v27.5 - https:\/\/yoast.com\/product\/yoast-seo-wordpress\/ -->\n<title>Kontakt - Arveldamine ilma oma ettev\u00f5tteta | Invosy<\/title>\n<meta name=\"robots\" content=\"index, follow, max-snippet:-1, max-image-preview:large, max-video-preview:-1\" \/>\n<link rel=\"canonical\" href=\"https:\/\/invosy.com\/ee\/kontakt\/\" \/>\n<meta property=\"og:locale\" content=\"et_EE\" \/>\n<meta property=\"og:type\" content=\"article\" \/>\n<meta property=\"og:title\" content=\"Kontakt - Arveldamine ilma oma ettev\u00f5tteta | Invosy\" \/>\n<meta property=\"og:description\" content=\"V\u00f5tke meiega \u00fchendust Klienditeenindus Tel. +372 6843262 E-post: klienditeenindus@invosy.com Teenindame t\u00f6\u00f6p\u00e4eviti kell 9:00-17:00. Aadress Aia 410111 Tallinn Kirjuta meile siin\" \/>\n<meta property=\"og:url\" content=\"https:\/\/invosy.com\/ee\/kontakt\/\" \/>\n<meta property=\"og:site_name\" content=\"Arveldamine ilma oma ettev\u00f5tteta | Invosy\" \/>\n<meta property=\"article:publisher\" content=\"https:\/\/www.facebook.com\/invosy\/\" \/>\n<meta property=\"article:modified_time\" content=\"2025-05-05T05:41:53+00:00\" \/>\n<meta property=\"og:image\" content=\"https:\/\/invosy.com\/ee\/wp-content\/uploads\/2025\/04\/Markkinoiden-halvin-17.png\" \/>\n\t<meta property=\"og:image:width\" content=\"1080\" \/>\n\t<meta property=\"og:image:height\" content=\"1080\" \/>\n\t<meta property=\"og:image:type\" content=\"image\/png\" \/>\n<meta name=\"twitter:card\" content=\"summary_large_image\" \/>\n<meta name=\"twitter:label1\" content=\"Est. reading time\" \/>\n\t<meta name=\"twitter:data1\" content=\"1 minute\" \/>\n<script type=\"application\/ld+json\" class=\"yoast-schema-graph\">{\"@context\":\"https:\\\/\\\/schema.org\",\"@graph\":[{\"@type\":\"WebPage\",\"@id\":\"https:\\\/\\\/invosy.com\\\/ee\\\/kontakt\\\/\",\"url\":\"https:\\\/\\\/invosy.com\\\/ee\\\/kontakt\\\/\",\"name\":\"Kontakt - Arveldamine ilma oma ettev\u00f5tteta | Invosy\",\"isPartOf\":{\"@id\":\"https:\\\/\\\/invosy.com\\\/ee\\\/#website\"},\"primaryImageOfPage\":{\"@id\":\"https:\\\/\\\/invosy.com\\\/ee\\\/kontakt\\\/#primaryimage\"},\"image\":{\"@id\":\"https:\\\/\\\/invosy.com\\\/ee\\\/kontakt\\\/#primaryimage\"},\"thumbnailUrl\":\"https:\\\/\\\/invosy.com\\\/ee\\\/wp-content\\\/uploads\\\/2025\\\/04\\\/Markkinoiden-halvin-17-1024x1024.png\",\"datePublished\":\"2025-05-05T05:27:25+00:00\",\"dateModified\":\"2025-05-05T05:41:53+00:00\",\"breadcrumb\":{\"@id\":\"https:\\\/\\\/invosy.com\\\/ee\\\/kontakt\\\/#breadcrumb\"},\"inLanguage\":\"et\",\"potentialAction\":[{\"@type\":\"ReadAction\",\"target\":[\"https:\\\/\\\/invosy.com\\\/ee\\\/kontakt\\\/\"]}]},{\"@type\":\"ImageObject\",\"inLanguage\":\"et\",\"@id\":\"https:\\\/\\\/invosy.com\\\/ee\\\/kontakt\\\/#primaryimage\",\"url\":\"https:\\\/\\\/invosy.com\\\/ee\\\/wp-content\\\/uploads\\\/2025\\\/04\\\/Markkinoiden-halvin-17.png\",\"contentUrl\":\"https:\\\/\\\/invosy.com\\\/ee\\\/wp-content\\\/uploads\\\/2025\\\/04\\\/Markkinoiden-halvin-17.png\",\"width\":1080,\"height\":1080},{\"@type\":\"BreadcrumbList\",\"@id\":\"https:\\\/\\\/invosy.com\\\/ee\\\/kontakt\\\/#breadcrumb\",\"itemListElement\":[{\"@type\":\"ListItem\",\"position\":1,\"name\":\"Home\",\"item\":\"https:\\\/\\\/invosy.com\\\/ee\\\/\"},{\"@type\":\"ListItem\",\"position\":2,\"name\":\"Kontakt\"}]},{\"@type\":\"WebSite\",\"@id\":\"https:\\\/\\\/invosy.com\\\/ee\\\/#website\",\"url\":\"https:\\\/\\\/invosy.com\\\/ee\\\/\",\"name\":\"Arveldamine ilma oma ettev\u00f5tteta | Invosy\",\"description\":\"Nutikas valik\",\"publisher\":{\"@id\":\"https:\\\/\\\/invosy.com\\\/ee\\\/#organization\"},\"potentialAction\":[{\"@type\":\"SearchAction\",\"target\":{\"@type\":\"EntryPoint\",\"urlTemplate\":\"https:\\\/\\\/invosy.com\\\/ee\\\/?s={search_term_string}\"},\"query-input\":{\"@type\":\"PropertyValueSpecification\",\"valueRequired\":true,\"valueName\":\"search_term_string\"}}],\"inLanguage\":\"et\"},{\"@type\":\"Organization\",\"@id\":\"https:\\\/\\\/invosy.com\\\/ee\\\/#organization\",\"name\":\"Invosy\",\"url\":\"https:\\\/\\\/invosy.com\\\/ee\\\/\",\"logo\":{\"@type\":\"ImageObject\",\"inLanguage\":\"et\",\"@id\":\"https:\\\/\\\/invosy.com\\\/ee\\\/#\\\/schema\\\/logo\\\/image\\\/\",\"url\":\"https:\\\/\\\/invosy.com\\\/ee\\\/wp-content\\\/uploads\\\/2022\\\/09\\\/Logo.png\",\"contentUrl\":\"https:\\\/\\\/invosy.com\\\/ee\\\/wp-content\\\/uploads\\\/2022\\\/09\\\/Logo.png\",\"width\":779,\"height\":223,\"caption\":\"Invosy\"},\"image\":{\"@id\":\"https:\\\/\\\/invosy.com\\\/ee\\\/#\\\/schema\\\/logo\\\/image\\\/\"},\"sameAs\":[\"https:\\\/\\\/www.facebook.com\\\/invosy\\\/\",\"https:\\\/\\\/www.instagram.com\\\/invosy\\\/\"]}]}<\/script>\n<!-- \/ Yoast SEO plugin. -->","yoast_head_json":{"title":"Kontakt - Arveldamine ilma oma ettev\u00f5tteta | Invosy","robots":{"index":"index","follow":"follow","max-snippet":"max-snippet:-1","max-image-preview":"max-image-preview:large","max-video-preview":"max-video-preview:-1"},"canonical":"https:\/\/invosy.com\/ee\/kontakt\/","og_locale":"et_EE","og_type":"article","og_title":"Kontakt - Arveldamine ilma oma ettev\u00f5tteta | Invosy","og_description":"V\u00f5tke meiega \u00fchendust Klienditeenindus Tel. +372 6843262 E-post: klienditeenindus@invosy.com Teenindame t\u00f6\u00f6p\u00e4eviti kell 9:00-17:00. Aadress Aia 410111 Tallinn Kirjuta meile siin","og_url":"https:\/\/invosy.com\/ee\/kontakt\/","og_site_name":"Arveldamine ilma oma ettev\u00f5tteta | Invosy","article_publisher":"https:\/\/www.facebook.com\/invosy\/","article_modified_time":"2025-05-05T05:41:53+00:00","og_image":[{"width":1080,"height":1080,"url":"https:\/\/invosy.com\/ee\/wp-content\/uploads\/2025\/04\/Markkinoiden-halvin-17.png","type":"image\/png"}],"twitter_card":"summary_large_image","twitter_misc":{"Est. reading time":"1 minute"},"schema":{"@context":"https:\/\/schema.org","@graph":[{"@type":"WebPage","@id":"https:\/\/invosy.com\/ee\/kontakt\/","url":"https:\/\/invosy.com\/ee\/kontakt\/","name":"Kontakt - Arveldamine ilma oma ettev\u00f5tteta | Invosy","isPartOf":{"@id":"https:\/\/invosy.com\/ee\/#website"},"primaryImageOfPage":{"@id":"https:\/\/invosy.com\/ee\/kontakt\/#primaryimage"},"image":{"@id":"https:\/\/invosy.com\/ee\/kontakt\/#primaryimage"},"thumbnailUrl":"https:\/\/invosy.com\/ee\/wp-content\/uploads\/2025\/04\/Markkinoiden-halvin-17-1024x1024.png","datePublished":"2025-05-05T05:27:25+00:00","dateModified":"2025-05-05T05:41:53+00:00","breadcrumb":{"@id":"https:\/\/invosy.com\/ee\/kontakt\/#breadcrumb"},"inLanguage":"et","potentialAction":[{"@type":"ReadAction","target":["https:\/\/invosy.com\/ee\/kontakt\/"]}]},{"@type":"ImageObject","inLanguage":"et","@id":"https:\/\/invosy.com\/ee\/kontakt\/#primaryimage","url":"https:\/\/invosy.com\/ee\/wp-content\/uploads\/2025\/04\/Markkinoiden-halvin-17.png","contentUrl":"https:\/\/invosy.com\/ee\/wp-content\/uploads\/2025\/04\/Markkinoiden-halvin-17.png","width":1080,"height":1080},{"@type":"BreadcrumbList","@id":"https:\/\/invosy.com\/ee\/kontakt\/#breadcrumb","itemListElement":[{"@type":"ListItem","position":1,"name":"Home","item":"https:\/\/invosy.com\/ee\/"},{"@type":"ListItem","position":2,"name":"Kontakt"}]},{"@type":"WebSite","@id":"https:\/\/invosy.com\/ee\/#website","url":"https:\/\/invosy.com\/ee\/","name":"Arveldamine ilma oma ettev\u00f5tteta | Invosy","description":"Nutikas valik","publisher":{"@id":"https:\/\/invosy.com\/ee\/#organization"},"potentialAction":[{"@type":"SearchAction","target":{"@type":"EntryPoint","urlTemplate":"https:\/\/invosy.com\/ee\/?s={search_term_string}"},"query-input":{"@type":"PropertyValueSpecification","valueRequired":true,"valueName":"search_term_string"}}],"inLanguage":"et"},{"@type":"Organization","@id":"https:\/\/invosy.com\/ee\/#organization","name":"Invosy","url":"https:\/\/invosy.com\/ee\/","logo":{"@type":"ImageObject","inLanguage":"et","@id":"https:\/\/invosy.com\/ee\/#\/schema\/logo\/image\/","url":"https:\/\/invosy.com\/ee\/wp-content\/uploads\/2022\/09\/Logo.png","contentUrl":"https:\/\/invosy.com\/ee\/wp-content\/uploads\/2022\/09\/Logo.png","width":779,"height":223,"caption":"Invosy"},"image":{"@id":"https:\/\/invosy.com\/ee\/#\/schema\/logo\/image\/"},"sameAs":["https:\/\/www.facebook.com\/invosy\/","https:\/\/www.instagram.com\/invosy\/"]}]}},"jetpack_sharing_enabled":true,"_links":{"self":[{"href":"https:\/\/invosy.com\/ee\/wp-json\/wp\/v2\/pages\/9721","targetHints":{"allow":["GET"]}}],"collection":[{"href":"https:\/\/invosy.com\/ee\/wp-json\/wp\/v2\/pages"}],"about":[{"href":"https:\/\/invosy.com\/ee\/wp-json\/wp\/v2\/types\/page"}],"author":[{"embeddable":true,"href":"https:\/\/invosy.com\/ee\/wp-json\/wp\/v2\/users\/1"}],"replies":[{"embeddable":true,"href":"https:\/\/invosy.com\/ee\/wp-json\/wp\/v2\/comments?post=9721"}],"version-history":[{"count":23,"href":"https:\/\/invosy.com\/ee\/wp-json\/wp\/v2\/pages\/9721\/revisions"}],"predecessor-version":[{"id":9822,"href":"https:\/\/invosy.com\/ee\/wp-json\/wp\/v2\/pages\/9721\/revisions\/9822"}],"wp:attachment":[{"href":"https:\/\/invosy.com\/ee\/wp-json\/wp\/v2\/media?parent=9721"}],"curies":[{"name":"wp","href":"https:\/\/api.w.org\/{rel}","templated":true}]}}