{"id":11643,"date":"2025-04-23T07:37:24","date_gmt":"2025-04-23T05:37:24","guid":{"rendered":"https:\/\/invosy.com\/fi\/?page_id=11643"},"modified":"2026-02-20T14:04:09","modified_gmt":"2026-02-20T12:04:09","slug":"yhteystiedot","status":"publish","type":"page","link":"https:\/\/invosy.com\/fi\/eng\/yhteystiedot\/","title":{"rendered":"Contact us"},"content":{"rendered":"\t\t<div data-elementor-type=\"wp-page\" data-elementor-id=\"11643\" class=\"elementor elementor-11643\" data-elementor-post-type=\"page\">\n\t\t\t\t\t\t<section class=\"has_eae_slider elementor-section elementor-top-section elementor-element elementor-element-6ad7738 elementor-section-boxed elementor-section-height-default elementor-section-height-default\" data-eae-slider=\"77238\" data-id=\"6ad7738\" data-element_type=\"section\" data-e-type=\"section\" data-settings=\"{&quot;background_background&quot;:&quot;classic&quot;}\">\n\t\t\t\t\t\t<div class=\"elementor-container elementor-column-gap-default\">\n\t\t\t\t\t<div class=\"has_eae_slider elementor-column elementor-col-100 elementor-top-column elementor-element elementor-element-4fffbc5\" data-eae-slider=\"96102\" data-id=\"4fffbc5\" data-element_type=\"column\" data-e-type=\"column\">\n\t\t\t<div class=\"elementor-widget-wrap elementor-element-populated\">\n\t\t\t\t\t\t<section class=\"has_eae_slider elementor-section elementor-inner-section elementor-element elementor-element-30c2d82 elementor-section-boxed elementor-section-height-default elementor-section-height-default\" data-eae-slider=\"39831\" data-id=\"30c2d82\" data-element_type=\"section\" data-e-type=\"section\">\n\t\t\t\t\t\t<div class=\"elementor-container elementor-column-gap-default\">\n\t\t\t\t\t<div class=\"has_eae_slider elementor-column elementor-col-50 elementor-inner-column elementor-element elementor-element-4cd9d78\" data-eae-slider=\"24283\" data-id=\"4cd9d78\" data-element_type=\"column\" data-e-type=\"column\">\n\t\t\t<div class=\"elementor-widget-wrap elementor-element-populated\">\n\t\t\t\t\t\t<div class=\"elementor-element elementor-element-4741586 elementor-absolute elementor-widget elementor-widget-heading\" data-id=\"4741586\" data-element_type=\"widget\" data-e-type=\"widget\" data-settings=\"{&quot;_position&quot;:&quot;absolute&quot;}\" data-widget_type=\"heading.default\">\n\t\t\t\t<div class=\"elementor-widget-container\">\n\t\t\t\t\t<h2 class=\"elementor-heading-title elementor-size-default\">Ota meihin yhteytt\u00e4<\/h2>\t\t\t\t<\/div>\n\t\t\t\t<\/div>\n\t\t\t\t\t<\/div>\n\t\t<\/div>\n\t\t\t\t<div class=\"has_eae_slider elementor-column elementor-col-50 elementor-inner-column elementor-element elementor-element-08416b6\" data-eae-slider=\"76269\" data-id=\"08416b6\" data-element_type=\"column\" data-e-type=\"column\">\n\t\t\t<div class=\"elementor-widget-wrap elementor-element-populated\">\n\t\t\t\t\t\t<div class=\"elementor-element elementor-element-f140397 animated-slow elementor-invisible elementor-widget elementor-widget-image\" data-id=\"f140397\" data-element_type=\"widget\" data-e-type=\"widget\" data-settings=\"{&quot;_animation&quot;:&quot;fadeIn&quot;}\" data-widget_type=\"image.default\">\n\t\t\t\t<div class=\"elementor-widget-container\">\n\t\t\t\t\t\t\t\t\t\t\t\t\t\t\t<img fetchpriority=\"high\" decoding=\"async\" width=\"800\" height=\"800\" src=\"https:\/\/invosy.com\/fi\/wp-content\/uploads\/2025\/04\/Markkinoiden-halvin-17-1024x1024.png\" class=\"attachment-large size-large wp-image-11434\" alt=\"\" srcset=\"https:\/\/invosy.com\/fi\/wp-content\/uploads\/2025\/04\/Markkinoiden-halvin-17-1024x1024.png 1024w, https:\/\/invosy.com\/fi\/wp-content\/uploads\/2025\/04\/Markkinoiden-halvin-17-300x300.png 300w, https:\/\/invosy.com\/fi\/wp-content\/uploads\/2025\/04\/Markkinoiden-halvin-17-150x150.png 150w, https:\/\/invosy.com\/fi\/wp-content\/uploads\/2025\/04\/Markkinoiden-halvin-17-768x768.png 768w, https:\/\/invosy.com\/fi\/wp-content\/uploads\/2025\/04\/Markkinoiden-halvin-17-12x12.png 12w, https:\/\/invosy.com\/fi\/wp-content\/uploads\/2025\/04\/Markkinoiden-halvin-17.png 1080w\" sizes=\"(max-width: 800px) 100vw, 800px\" \/>\t\t\t\t\t\t\t\t\t\t\t\t\t\t\t<\/div>\n\t\t\t\t<\/div>\n\t\t\t\t\t<\/div>\n\t\t<\/div>\n\t\t\t\t\t<\/div>\n\t\t<\/section>\n\t\t\t\t\t<\/div>\n\t\t<\/div>\n\t\t\t\t\t<\/div>\n\t\t<\/section>\n\t\t\t\t<section class=\"has_eae_slider elementor-section elementor-top-section elementor-element elementor-element-7317897 elementor-section-boxed elementor-section-height-default elementor-section-height-default\" data-eae-slider=\"84112\" data-id=\"7317897\" data-element_type=\"section\" data-e-type=\"section\" data-settings=\"{&quot;background_background&quot;:&quot;classic&quot;}\">\n\t\t\t\t\t\t<div class=\"elementor-container elementor-column-gap-default\">\n\t\t\t\t\t<div class=\"has_eae_slider elementor-column elementor-col-100 elementor-top-column elementor-element elementor-element-f48ae59\" data-eae-slider=\"30052\" data-id=\"f48ae59\" data-element_type=\"column\" data-e-type=\"column\">\n\t\t\t<div class=\"elementor-widget-wrap elementor-element-populated\">\n\t\t\t\t\t\t<section class=\"has_eae_slider elementor-section elementor-inner-section elementor-element elementor-element-aa0f2aa elementor-section-boxed elementor-section-height-default elementor-section-height-default\" data-eae-slider=\"9834\" data-id=\"aa0f2aa\" data-element_type=\"section\" data-e-type=\"section\">\n\t\t\t\t\t\t<div class=\"elementor-container elementor-column-gap-default\">\n\t\t\t\t\t<div class=\"has_eae_slider elementor-column elementor-col-50 elementor-inner-column elementor-element elementor-element-99f988e\" data-eae-slider=\"34781\" data-id=\"99f988e\" data-element_type=\"column\" data-e-type=\"column\">\n\t\t\t<div class=\"elementor-widget-wrap elementor-element-populated\">\n\t\t\t\t\t\t<div class=\"elementor-element elementor-element-f02a5c2 elementor-widget elementor-widget-heading\" data-id=\"f02a5c2\" data-element_type=\"widget\" data-e-type=\"widget\" data-widget_type=\"heading.default\">\n\t\t\t\t<div class=\"elementor-widget-container\">\n\t\t\t\t\t<h2 class=\"elementor-heading-title elementor-size-default\">Asiakaspalvelu<\/h2>\t\t\t\t<\/div>\n\t\t\t\t<\/div>\n\t\t\t\t<div class=\"elementor-element elementor-element-9f9e342 elementor-widget elementor-widget-spacer\" data-id=\"9f9e342\" data-element_type=\"widget\" data-e-type=\"widget\" data-widget_type=\"spacer.default\">\n\t\t\t\t<div class=\"elementor-widget-container\">\n\t\t\t\t\t\t\t<div class=\"elementor-spacer\">\n\t\t\t<div class=\"elementor-spacer-inner\"><\/div>\n\t\t<\/div>\n\t\t\t\t\t\t<\/div>\n\t\t\t\t<\/div>\n\t\t\t\t<div class=\"elementor-element elementor-element-9a22403 elementor-widget elementor-widget-text-editor\" data-id=\"9a22403\" data-element_type=\"widget\" data-e-type=\"widget\" data-widget_type=\"text-editor.default\">\n\t\t\t\t<div class=\"elementor-widget-container\">\n\t\t\t\t\t\t\t\t\t<p><strong>Puh.<\/strong> <a style=\"color: #ff6b00;\" href=\"tel:0207346903\">020 734 6903<\/a><\/p><p><strong>S\u00e4hk\u00f6posti:<br \/><a style=\"color: #ff6b00;\" href=\"mailto:asiakaspalvelu@invosy.com\">asiakaspalvelu@invosy.com<\/a><br \/><\/strong><\/p><p>Palvelemme arkisin klo 9:00 &#8211; 16:00.<\/p><p><strong>Osoite<\/strong><br \/>Salomonkatu 17<br \/>00100 Helsinki<\/p><p><strong>Y-tunnus<\/strong><br \/>3413106-8<\/p>\t\t\t\t\t\t\t\t<\/div>\n\t\t\t\t<\/div>\n\t\t\t\t\t<\/div>\n\t\t<\/div>\n\t\t\t\t<div class=\"has_eae_slider elementor-column elementor-col-50 elementor-inner-column elementor-element elementor-element-30b4934\" data-eae-slider=\"22926\" data-id=\"30b4934\" data-element_type=\"column\" data-e-type=\"column\">\n\t\t\t<div class=\"elementor-widget-wrap elementor-element-populated\">\n\t\t\t\t\t\t<div class=\"elementor-element elementor-element-37d544e elementor-widget elementor-widget-heading\" data-id=\"37d544e\" data-element_type=\"widget\" data-e-type=\"widget\" data-widget_type=\"heading.default\">\n\t\t\t\t<div class=\"elementor-widget-container\">\n\t\t\t\t\t<h2 class=\"elementor-heading-title elementor-size-default\">Ota yhteytt\u00e4<\/h2>\t\t\t\t<\/div>\n\t\t\t\t<\/div>\n\t\t\t\t<div class=\"elementor-element elementor-element-92ca254 elementor-widget elementor-widget-shortcode\" data-id=\"92ca254\" data-element_type=\"widget\" data-e-type=\"widget\" data-widget_type=\"shortcode.default\">\n\t\t\t\t<div class=\"elementor-widget-container\">\n\t\t\t\t\t\t\t<div class=\"elementor-shortcode\"><div class=\"wpforms-container wpforms-container-full\" id=\"wpforms-4327\"><form id=\"wpforms-form-4327\" class=\"wpforms-validate wpforms-form wpforms-ajax-form\" data-formid=\"4327\" method=\"post\" enctype=\"multipart\/form-data\" action=\"\/fi\/eng\/wp-json\/wp\/v2\/pages\/11643\" data-token=\"74eae3f17201eea98155f87bb238b7f0\" data-token-time=\"1778082683\"><noscript class=\"wpforms-error-noscript\">Please enable JavaScript in your browser to complete this form.<\/noscript><div class=\"wpforms-field-container\"><div id=\"wpforms-4327-field_1-container\" class=\"wpforms-field wpforms-field-name\" data-field-id=\"1\"><label class=\"wpforms-field-label wpforms-label-hide\" for=\"wpforms-4327-field_1\">Name <span class=\"wpforms-required-label\">*<\/span><\/label><input type=\"text\" id=\"wpforms-4327-field_1\" class=\"wpforms-field-large wpforms-field-required\" name=\"wpforms[fields][1]\" placeholder=\"Nimi*\" required><\/div><div id=\"wpforms-4327-field_2-container\" class=\"wpforms-field wpforms-field-email\" data-field-id=\"2\"><label class=\"wpforms-field-label wpforms-label-hide\" for=\"wpforms-4327-field_2\">S\u00e4hk\u00f6posti <span class=\"wpforms-required-label\">*<\/span><\/label><input type=\"email\" id=\"wpforms-4327-field_2\" class=\"wpforms-field-large wpforms-field-required\" name=\"wpforms[fields][2]\" placeholder=\"S\u00e4hk\u00f6posti*\" spellcheck=\"false\" required><\/div><div id=\"wpforms-4327-field_4-container\" class=\"wpforms-field wpforms-field-textarea\" data-field-id=\"4\"><label class=\"wpforms-field-label wpforms-label-hide\" for=\"wpforms-4327-field_4\">Viesti* <span class=\"wpforms-required-label\">*<\/span><\/label><textarea id=\"wpforms-4327-field_4\" class=\"wpforms-field-large wpforms-field-required\" name=\"wpforms[fields][4]\" placeholder=\"Viesti*\" required><\/textarea><\/div><div id=\"wpforms-4327-field_6-container\" class=\"wpforms-field wpforms-field-checkbox\" data-field-id=\"6\"><label class=\"wpforms-field-label wpforms-label-hide\">Checkbox <span class=\"wpforms-required-label\">*<\/span><\/label><ul id=\"wpforms-4327-field_6\" class=\"wpforms-field-required\"><li class=\"choice-1 depth-1\"><input type=\"checkbox\" id=\"wpforms-4327-field_6_1\" name=\"wpforms[fields][6][]\" value=\"En ole robotti\" required ><label class=\"wpforms-field-label-inline\" for=\"wpforms-4327-field_6_1\">En ole robotti<\/label><\/li><\/ul><\/div><\/div><!-- .wpforms-field-container --><div class=\"wpforms-submit-container\" ><input type=\"hidden\" name=\"wpforms[id]\" value=\"4327\"><input type=\"hidden\" name=\"page_title\" value=\"\"><input type=\"hidden\" name=\"page_url\" value=\"https:\/\/invosy.com\/fi\/eng\/wp-json\/wp\/v2\/pages\/11643\"><input type=\"hidden\" name=\"url_referer\" value=\"\"><button type=\"submit\" name=\"wpforms[submit]\" id=\"wpforms-submit-4327\" class=\"wpforms-submit\" data-alt-text=\"...\" data-submit-text=\"L\u00e4het\u00e4\" aria-live=\"assertive\" value=\"wpforms-submit\">L\u00e4het\u00e4<\/button><img decoding=\"async\" src=\"https:\/\/invosy.com\/fi\/wp-content\/plugins\/wpforms-lite\/assets\/images\/submit-spin.svg\" class=\"wpforms-submit-spinner\" style=\"display: none;\" width=\"26\" height=\"26\" alt=\"Loading\"><\/div><\/form><\/div>  <!-- .wpforms-container --><\/div>\n\t\t\t\t\t\t<\/div>\n\t\t\t\t<\/div>\n\t\t\t\t\t<\/div>\n\t\t<\/div>\n\t\t\t\t\t<\/div>\n\t\t<\/section>\n\t\t\t\t\t<\/div>\n\t\t<\/div>\n\t\t\t\t\t<\/div>\n\t\t<\/section>\n\t\t\t\t<\/div>\n\t\t","protected":false},"excerpt":{"rendered":"<p>Ota meihin yhteytt\u00e4 Asiakaspalvelu Puh. 020 734 6903 S\u00e4hk\u00f6posti:asiakaspalvelu@invosy.com Palvelemme arkisin klo 9:00 &#8211; 16:00. OsoiteSalomonkatu 1700100 Helsinki Y-tunnus3413106-8 Ota yhteytt\u00e4<\/p>","protected":false},"author":1,"featured_media":0,"parent":0,"menu_order":0,"comment_status":"closed","ping_status":"closed","template":"","meta":{"footnotes":""},"class_list":["post-11643","page","type-page","status-publish","hentry"],"yoast_head":"<!-- This site is optimized with the Yoast SEO plugin v27.5 - https:\/\/yoast.com\/product\/yoast-seo-wordpress\/ -->\n<title>Yhteystiedot \u2013 Ota yhteytt\u00e4 ja kysy lis\u00e4\u00e4 palveluistamme | Invosy<\/title>\n<meta name=\"description\" content=\"Tarvitsetko apua tai haluatko lis\u00e4tietoa laskutuspalveluista? Sivun yhteystiedot auttavat sinua l\u00f6yt\u00e4m\u00e4\u00e4n oikean asiantuntijan nopeasti.\" \/>\n<meta name=\"robots\" content=\"index, follow, max-snippet:-1, max-image-preview:large, max-video-preview:-1\" \/>\n<link rel=\"canonical\" href=\"https:\/\/invosy.com\/fi\/eng\/yhteystiedot\/\" \/>\n<meta property=\"og:locale\" content=\"en_GB\" \/>\n<meta property=\"og:type\" content=\"article\" \/>\n<meta property=\"og:title\" content=\"Yhteystiedot \u2013 Ota yhteytt\u00e4 ja kysy lis\u00e4\u00e4 palveluistamme | Invosy\" \/>\n<meta property=\"og:description\" content=\"Tarvitsetko apua tai haluatko lis\u00e4tietoa laskutuspalveluista? Sivun yhteystiedot auttavat sinua l\u00f6yt\u00e4m\u00e4\u00e4n oikean asiantuntijan nopeasti.\" \/>\n<meta property=\"og:url\" content=\"https:\/\/invosy.com\/fi\/eng\/yhteystiedot\/\" \/>\n<meta property=\"og:site_name\" content=\"Laskuta ilman omaa yrityst\u00e4 | Invosy\" \/>\n<meta property=\"article:publisher\" content=\"https:\/\/www.facebook.com\/invosy\/\" \/>\n<meta property=\"article:modified_time\" content=\"2026-02-20T12:04:09+00:00\" \/>\n<meta property=\"og:image\" content=\"https:\/\/invosy.com\/fi\/wp-content\/uploads\/2025\/04\/Markkinoiden-halvin-17.png\" \/>\n\t<meta property=\"og:image:width\" content=\"1080\" \/>\n\t<meta property=\"og:image:height\" content=\"1080\" \/>\n\t<meta property=\"og:image:type\" content=\"image\/png\" \/>\n<meta name=\"twitter:card\" content=\"summary_large_image\" \/>\n<meta name=\"twitter:label1\" content=\"Estimated reading time\" \/>\n\t<meta name=\"twitter:data1\" content=\"1 minute\" \/>\n<script type=\"application\/ld+json\" class=\"yoast-schema-graph\">{\"@context\":\"https:\\\/\\\/schema.org\",\"@graph\":[{\"@type\":\"WebPage\",\"@id\":\"https:\\\/\\\/invosy.com\\\/fi\\\/yhteystiedot\\\/\",\"url\":\"https:\\\/\\\/invosy.com\\\/fi\\\/yhteystiedot\\\/\",\"name\":\"Yhteystiedot \u2013 Ota yhteytt\u00e4 ja kysy lis\u00e4\u00e4 palveluistamme | Invosy\",\"isPartOf\":{\"@id\":\"https:\\\/\\\/invosy.com\\\/fi\\\/#website\"},\"primaryImageOfPage\":{\"@id\":\"https:\\\/\\\/invosy.com\\\/fi\\\/yhteystiedot\\\/#primaryimage\"},\"image\":{\"@id\":\"https:\\\/\\\/invosy.com\\\/fi\\\/yhteystiedot\\\/#primaryimage\"},\"thumbnailUrl\":\"https:\\\/\\\/invosy.com\\\/fi\\\/wp-content\\\/uploads\\\/2025\\\/04\\\/Markkinoiden-halvin-17-1024x1024.png\",\"datePublished\":\"2025-04-23T05:37:24+00:00\",\"dateModified\":\"2026-02-20T12:04:09+00:00\",\"description\":\"Tarvitsetko apua tai haluatko lis\u00e4tietoa laskutuspalveluista? Sivun yhteystiedot auttavat sinua l\u00f6yt\u00e4m\u00e4\u00e4n oikean asiantuntijan nopeasti.\",\"breadcrumb\":{\"@id\":\"https:\\\/\\\/invosy.com\\\/fi\\\/yhteystiedot\\\/#breadcrumb\"},\"inLanguage\":\"en-GB\",\"potentialAction\":[{\"@type\":\"ReadAction\",\"target\":[\"https:\\\/\\\/invosy.com\\\/fi\\\/yhteystiedot\\\/\"]}]},{\"@type\":\"ImageObject\",\"inLanguage\":\"en-GB\",\"@id\":\"https:\\\/\\\/invosy.com\\\/fi\\\/yhteystiedot\\\/#primaryimage\",\"url\":\"https:\\\/\\\/invosy.com\\\/fi\\\/wp-content\\\/uploads\\\/2025\\\/04\\\/Markkinoiden-halvin-17-1024x1024.png\",\"contentUrl\":\"https:\\\/\\\/invosy.com\\\/fi\\\/wp-content\\\/uploads\\\/2025\\\/04\\\/Markkinoiden-halvin-17-1024x1024.png\"},{\"@type\":\"BreadcrumbList\",\"@id\":\"https:\\\/\\\/invosy.com\\\/fi\\\/yhteystiedot\\\/#breadcrumb\",\"itemListElement\":[{\"@type\":\"ListItem\",\"position\":1,\"name\":\"Home\",\"item\":\"https:\\\/\\\/invosy.com\\\/fi\\\/\"},{\"@type\":\"ListItem\",\"position\":2,\"name\":\"Yhteystiedot\"}]},{\"@type\":\"WebSite\",\"@id\":\"https:\\\/\\\/invosy.com\\\/fi\\\/#website\",\"url\":\"https:\\\/\\\/invosy.com\\\/fi\\\/\",\"name\":\"Laskuta ilman omaa yrityst\u00e4 | Invosy\",\"description\":\"Enemm\u00e4n kassavirtaa\",\"publisher\":{\"@id\":\"https:\\\/\\\/invosy.com\\\/fi\\\/#organization\"},\"potentialAction\":[{\"@type\":\"SearchAction\",\"target\":{\"@type\":\"EntryPoint\",\"urlTemplate\":\"https:\\\/\\\/invosy.com\\\/fi\\\/?s={search_term_string}\"},\"query-input\":{\"@type\":\"PropertyValueSpecification\",\"valueRequired\":true,\"valueName\":\"search_term_string\"}}],\"inLanguage\":\"en-GB\"},{\"@type\":\"Organization\",\"@id\":\"https:\\\/\\\/invosy.com\\\/fi\\\/#organization\",\"name\":\"Invosy\",\"url\":\"https:\\\/\\\/invosy.com\\\/fi\\\/\",\"logo\":{\"@type\":\"ImageObject\",\"inLanguage\":\"en-GB\",\"@id\":\"https:\\\/\\\/invosy.com\\\/fi\\\/#\\\/schema\\\/logo\\\/image\\\/\",\"url\":\"https:\\\/\\\/invosy.com\\\/fi\\\/wp-content\\\/uploads\\\/2022\\\/09\\\/Invosy_Logotype-1-FIN.gif\",\"contentUrl\":\"https:\\\/\\\/invosy.com\\\/fi\\\/wp-content\\\/uploads\\\/2022\\\/09\\\/Invosy_Logotype-1-FIN.gif\",\"width\":1000,\"height\":289,\"caption\":\"Invosy\"},\"image\":{\"@id\":\"https:\\\/\\\/invosy.com\\\/fi\\\/#\\\/schema\\\/logo\\\/image\\\/\"},\"sameAs\":[\"https:\\\/\\\/www.facebook.com\\\/invosy\\\/\",\"https:\\\/\\\/www.instagram.com\\\/invosy\\\/\"]}]}<\/script>\n<!-- \/ Yoast SEO plugin. -->","yoast_head_json":{"title":"Yhteystiedot \u2013 Ota yhteytt\u00e4 ja kysy lis\u00e4\u00e4 palveluistamme | Invosy","description":"Tarvitsetko apua tai haluatko lis\u00e4tietoa laskutuspalveluista? Sivun yhteystiedot auttavat sinua l\u00f6yt\u00e4m\u00e4\u00e4n oikean asiantuntijan nopeasti.","robots":{"index":"index","follow":"follow","max-snippet":"max-snippet:-1","max-image-preview":"max-image-preview:large","max-video-preview":"max-video-preview:-1"},"canonical":"https:\/\/invosy.com\/fi\/eng\/yhteystiedot\/","og_locale":"en_GB","og_type":"article","og_title":"Yhteystiedot \u2013 Ota yhteytt\u00e4 ja kysy lis\u00e4\u00e4 palveluistamme | Invosy","og_description":"Tarvitsetko apua tai haluatko lis\u00e4tietoa laskutuspalveluista? Sivun yhteystiedot auttavat sinua l\u00f6yt\u00e4m\u00e4\u00e4n oikean asiantuntijan nopeasti.","og_url":"https:\/\/invosy.com\/fi\/eng\/yhteystiedot\/","og_site_name":"Laskuta ilman omaa yrityst\u00e4 | Invosy","article_publisher":"https:\/\/www.facebook.com\/invosy\/","article_modified_time":"2026-02-20T12:04:09+00:00","og_image":[{"width":1080,"height":1080,"url":"https:\/\/invosy.com\/fi\/wp-content\/uploads\/2025\/04\/Markkinoiden-halvin-17.png","type":"image\/png"}],"twitter_card":"summary_large_image","twitter_misc":{"Estimated reading time":"1 minute"},"schema":{"@context":"https:\/\/schema.org","@graph":[{"@type":"WebPage","@id":"https:\/\/invosy.com\/fi\/yhteystiedot\/","url":"https:\/\/invosy.com\/fi\/yhteystiedot\/","name":"Yhteystiedot \u2013 Ota yhteytt\u00e4 ja kysy lis\u00e4\u00e4 palveluistamme | Invosy","isPartOf":{"@id":"https:\/\/invosy.com\/fi\/#website"},"primaryImageOfPage":{"@id":"https:\/\/invosy.com\/fi\/yhteystiedot\/#primaryimage"},"image":{"@id":"https:\/\/invosy.com\/fi\/yhteystiedot\/#primaryimage"},"thumbnailUrl":"https:\/\/invosy.com\/fi\/wp-content\/uploads\/2025\/04\/Markkinoiden-halvin-17-1024x1024.png","datePublished":"2025-04-23T05:37:24+00:00","dateModified":"2026-02-20T12:04:09+00:00","description":"Tarvitsetko apua tai haluatko lis\u00e4tietoa laskutuspalveluista? Sivun yhteystiedot auttavat sinua l\u00f6yt\u00e4m\u00e4\u00e4n oikean asiantuntijan nopeasti.","breadcrumb":{"@id":"https:\/\/invosy.com\/fi\/yhteystiedot\/#breadcrumb"},"inLanguage":"en-GB","potentialAction":[{"@type":"ReadAction","target":["https:\/\/invosy.com\/fi\/yhteystiedot\/"]}]},{"@type":"ImageObject","inLanguage":"en-GB","@id":"https:\/\/invosy.com\/fi\/yhteystiedot\/#primaryimage","url":"https:\/\/invosy.com\/fi\/wp-content\/uploads\/2025\/04\/Markkinoiden-halvin-17-1024x1024.png","contentUrl":"https:\/\/invosy.com\/fi\/wp-content\/uploads\/2025\/04\/Markkinoiden-halvin-17-1024x1024.png"},{"@type":"BreadcrumbList","@id":"https:\/\/invosy.com\/fi\/yhteystiedot\/#breadcrumb","itemListElement":[{"@type":"ListItem","position":1,"name":"Home","item":"https:\/\/invosy.com\/fi\/"},{"@type":"ListItem","position":2,"name":"Yhteystiedot"}]},{"@type":"WebSite","@id":"https:\/\/invosy.com\/fi\/#website","url":"https:\/\/invosy.com\/fi\/","name":"Laskuta ilman omaa yrityst\u00e4 | Invosy","description":"Enemm\u00e4n kassavirtaa","publisher":{"@id":"https:\/\/invosy.com\/fi\/#organization"},"potentialAction":[{"@type":"SearchAction","target":{"@type":"EntryPoint","urlTemplate":"https:\/\/invosy.com\/fi\/?s={search_term_string}"},"query-input":{"@type":"PropertyValueSpecification","valueRequired":true,"valueName":"search_term_string"}}],"inLanguage":"en-GB"},{"@type":"Organization","@id":"https:\/\/invosy.com\/fi\/#organization","name":"Invosy","url":"https:\/\/invosy.com\/fi\/","logo":{"@type":"ImageObject","inLanguage":"en-GB","@id":"https:\/\/invosy.com\/fi\/#\/schema\/logo\/image\/","url":"https:\/\/invosy.com\/fi\/wp-content\/uploads\/2022\/09\/Invosy_Logotype-1-FIN.gif","contentUrl":"https:\/\/invosy.com\/fi\/wp-content\/uploads\/2022\/09\/Invosy_Logotype-1-FIN.gif","width":1000,"height":289,"caption":"Invosy"},"image":{"@id":"https:\/\/invosy.com\/fi\/#\/schema\/logo\/image\/"},"sameAs":["https:\/\/www.facebook.com\/invosy\/","https:\/\/www.instagram.com\/invosy\/"]}]}},"_links":{"self":[{"href":"https:\/\/invosy.com\/fi\/eng\/wp-json\/wp\/v2\/pages\/11643","targetHints":{"allow":["GET"]}}],"collection":[{"href":"https:\/\/invosy.com\/fi\/eng\/wp-json\/wp\/v2\/pages"}],"about":[{"href":"https:\/\/invosy.com\/fi\/eng\/wp-json\/wp\/v2\/types\/page"}],"author":[{"embeddable":true,"href":"https:\/\/invosy.com\/fi\/eng\/wp-json\/wp\/v2\/users\/1"}],"replies":[{"embeddable":true,"href":"https:\/\/invosy.com\/fi\/eng\/wp-json\/wp\/v2\/comments?post=11643"}],"version-history":[{"count":32,"href":"https:\/\/invosy.com\/fi\/eng\/wp-json\/wp\/v2\/pages\/11643\/revisions"}],"predecessor-version":[{"id":12886,"href":"https:\/\/invosy.com\/fi\/eng\/wp-json\/wp\/v2\/pages\/11643\/revisions\/12886"}],"wp:attachment":[{"href":"https:\/\/invosy.com\/fi\/eng\/wp-json\/wp\/v2\/media?parent=11643"}],"curies":[{"name":"wp","href":"https:\/\/api.w.org\/{rel}","templated":true}]}}