{"id":12890,"date":"2026-03-20T08:31:31","date_gmt":"2026-03-20T06:31:31","guid":{"rendered":"https:\/\/invosy.com\/fi\/?page_id=12890"},"modified":"2026-03-20T08:33:48","modified_gmt":"2026-03-20T06:33:48","slug":"tietosuojaseloste","status":"publish","type":"page","link":"https:\/\/invosy.com\/fi\/tietosuojaseloste\/","title":{"rendered":"Tietosuojaseloste\u00a0"},"content":{"rendered":"\t\t<div data-elementor-type=\"wp-page\" data-elementor-id=\"12890\" class=\"elementor elementor-12890\" data-elementor-post-type=\"page\">\n\t\t\t\t\t\t<section class=\"has_eae_slider elementor-section elementor-top-section elementor-element elementor-element-0ef16ff elementor-section-boxed elementor-section-height-default elementor-section-height-default\" data-eae-slider=\"29815\" data-id=\"0ef16ff\" data-element_type=\"section\" data-e-type=\"section\">\n\t\t\t\t\t\t<div class=\"elementor-container elementor-column-gap-default\">\n\t\t\t\t\t<div class=\"has_eae_slider elementor-column elementor-col-100 elementor-top-column elementor-element elementor-element-e63aefc\" data-eae-slider=\"705\" data-id=\"e63aefc\" data-element_type=\"column\" data-e-type=\"column\">\n\t\t\t<div class=\"elementor-widget-wrap elementor-element-populated\">\n\t\t\t\t\t\t<div class=\"elementor-element elementor-element-426bf70 elementor-widget elementor-widget-heading\" data-id=\"426bf70\" data-element_type=\"widget\" data-e-type=\"widget\" data-widget_type=\"heading.default\">\n\t\t\t\t<div class=\"elementor-widget-container\">\n\t\t\t\t\t<h2 class=\"elementor-heading-title elementor-size-default\">Tietosuojaseloste <\/h2>\t\t\t\t<\/div>\n\t\t\t\t<\/div>\n\t\t\t\t<div class=\"elementor-element elementor-element-5810a7f elementor-widget__width-initial elementor-widget elementor-widget-text-editor\" data-id=\"5810a7f\" data-element_type=\"widget\" data-e-type=\"widget\" data-widget_type=\"text-editor.default\">\n\t\t\t\t<div class=\"elementor-widget-container\">\n\t\t\t\t\t\t\t\t\t<p><strong>1. Rekisterinpit\u00e4j\u00e4<\/strong><\/p><p>Invosy Finland Oy<\/p><p>Y-tunnus: 3413106-8<\/p><p>Salomonkatu 17 B<br \/>00100 Helsinki<br \/>Suomi<\/p><p>S\u00e4hk\u00f6posti: invosy@asiakaspalvelu.com<\/p><p><strong>2. Rekisteriasioista vastaava henkil\u00f6<\/strong><\/p><p>Weckstr\u00f6m J\u00f6rgen Nils-Erik<\/p><p>S\u00e4hk\u00f6posti: invosy@asiakaspalvelu.com<\/p><p><strong>3. Rekisterin nimi<\/strong><\/p><p>Invosy asiakas- ja k\u00e4ytt\u00e4j\u00e4rekisteri<\/p><p><strong>4. Rekister\u00f6idyt henkil\u00f6t<\/strong><\/p><p>\u2013 Invosy-ohjelmistoa k\u00e4ytt\u00e4v\u00e4t yritysten omistajat ja ty\u00f6ntekij\u00e4t<\/p><p>\u2013 Verkkosivuston k\u00e4vij\u00e4t<\/p><p>\u2013 Uutiskirjeiden ja markkinointiviestien vastaanottajat<\/p><p>\u2013 Kumppanit ja palveluntarjoajat<\/p><p><strong>5. Henkil\u00f6tietojen k\u00e4sittelyn tarkoitus<\/strong><\/p><p>Henkil\u00f6tietoja k\u00e4ytet\u00e4\u00e4n:<\/p><p>\u2013 ohjelmistopalveluiden tarjoamiseen ja k\u00e4ytt\u00e4j\u00e4tilien hallintaan<\/p><p>\u2013 asiakaspalveluun ja viestint\u00e4\u00e4n<\/p><p>\u2013 laskutukseen ja sopimushallintaan<\/p><p>\u2013 markkinointiviestint\u00e4\u00e4n ja uutiskirjeisiin (suostumuksella)<\/p><p>\u2013 verkkosivuston analytiikkaan ja palvelun kehitt\u00e4miseen<\/p><p>K\u00e4sittely perustuu:<\/p><p>\u2013 sopimuksiin ja asiakassuhteisiin<\/p><p>\u2013 lakis\u00e4\u00e4teisiin velvoitteisiin (esim. kirjanpitolaki)<\/p><p>\u2013 rekister\u00f6idyn suostumukseen (esim. markkinointi)<\/p><p><strong>6. Rekisterin tietosis\u00e4lt\u00f6<\/strong><\/p><p>Rekisteriin tallennettavia tietoja voivat olla:<\/p><p>\u2013 yhteystiedot: nimi, s\u00e4hk\u00f6posti, puhelinnumero, yritys, titteli<\/p><p>\u2013 kirjautumistiedot (s\u00e4hk\u00f6posti ja salasanan tiiviste)<\/p><p>\u2013 laskutustiedot: laskut, maksut ja sopimukset<\/p><p>\u2013 vuorovaikutustiedot: tukipyynn\u00f6t, asiakasviestint\u00e4 ja k\u00e4ytt\u00f6logit<\/p><p>\u2013 analytiikkatiedot: IP-osoite, selain, laite ja sivustok\u00e4ytt\u00e4ytyminen<\/p><p>Tietoja voi pyyt\u00e4\u00e4 korjattavaksi tai poistettavaksi, ellei laki muuta vaadi.<\/p><p><strong>7. S\u00e4\u00e4nn\u00f6nmukaiset tietojen luovutukset<\/strong><\/p><p>Tietoja voidaan luovuttaa:<\/p><p>\u2013 viranomaisille (esim. Verohallinto)<\/p><p>\u2013 IT- ja hosting-palveluntarjoajille<\/p><p>\u2013 maksu- ja kirjanpitopalveluille<\/p><p>\u2013 s\u00e4hk\u00f6posti- ja analytiikka-alustoille (esim. uutiskirje- ja analytiikkaty\u00f6kalut)<\/p><p>Tietoja ei myyd\u00e4 tai luovuteta kolmansille osapuolille markkinointitarkoituksiin ilman rekister\u00f6idyn suostumusta.<\/p><p><strong>8. Tietojen siirto EU:n ulkopuolelle<\/strong><\/p><p>Tiedot s\u00e4ilytet\u00e4\u00e4n ensisijaisesti EU\/ETA-alueella.<\/p><p>Jos tietoja siirret\u00e4\u00e4n EU\/ETA-alueen ulkopuolelle, k\u00e4ytet\u00e4\u00e4n EU:n hyv\u00e4ksymi\u00e4 suojatoimia, kuten vakiosopimuslausekkeita.<\/p><p><strong>9. Rekisterin suojauksen periaatteet<\/strong><\/p><p>Tietoturva varmistetaan:<\/p><p>\u2013 palomuureilla ja salauksella<\/p><p>\u2013 turvallisella tunnistautumisella<\/p><p>\u2013 k\u00e4ytt\u00f6oikeuksien hallinnalla (vain valtuutetut ty\u00f6ntekij\u00e4t p\u00e4\u00e4sev\u00e4t tietoihin)<\/p><p>\u2013 s\u00e4\u00e4nn\u00f6llisill\u00e4 j\u00e4rjestelm\u00e4p\u00e4ivityksill\u00e4 ja tietoturvatarkastuksilla<\/p><p><strong>10. Tietojen s\u00e4ilytys ja poistaminen<\/strong><\/p><p>\u2013 kirjanpitotiedot: 6 vuotta (kirjanpitolaki)<\/p><p>\u2013 asiakastiedot: 2 vuotta asiakassuhteen p\u00e4\u00e4ttymisest\u00e4<\/p><p>\u2013 analytiikkatiedot: ev\u00e4ste- ja ty\u00f6kalukohtaisten s\u00e4ilytysaikojen mukaisesti<\/p><p>Tiedot poistetaan tai anonymisoidaan, kun niit\u00e4 ei en\u00e4\u00e4 tarvita k\u00e4sittelyn tarkoitukseen.<\/p><p><strong>11. Rekister\u00f6idyn oikeudet<\/strong><\/p><p>Rekister\u00f6idyll\u00e4 on oikeus:<\/p><p>\u2013 saada tieto henkil\u00f6tietojensa k\u00e4sittelyst\u00e4<\/p><p>\u2013 tarkastaa ja korjata omat tietonsa<\/p><p>\u2013 pyyt\u00e4\u00e4 tietojen poistamista, jos k\u00e4sittelylle ei ole perustetta<\/p><p>\u2013 vastustaa tai rajoittaa tietojen k\u00e4sittely\u00e4<\/p><p>\u2013 peruuttaa suostumus (esim. markkinointiviestit)<\/p><p>\u2013 tehd\u00e4 valitus tietosuojaviranomaiselle<\/p><p>Tietopyynn\u00f6t k\u00e4sitell\u00e4\u00e4n 30 p\u00e4iv\u00e4n kuluessa.<\/p>\t\t\t\t\t\t\t\t<\/div>\n\t\t\t\t<\/div>\n\t\t\t\t\t<\/div>\n\t\t<\/div>\n\t\t\t\t\t<\/div>\n\t\t<\/section>\n\t\t\t\t<\/div>\n\t\t","protected":false},"excerpt":{"rendered":"<p>Tietosuojaseloste 1. Rekisterinpit\u00e4j\u00e4 Invosy Finland Oy Y-tunnus: 3413106-8 Salomonkatu 17 B00100 HelsinkiSuomi S\u00e4hk\u00f6posti: invosy@asiakaspalvelu.com 2. Rekisteriasioista vastaava henkil\u00f6 Weckstr\u00f6m J\u00f6rgen Nils-Erik S\u00e4hk\u00f6posti: invosy@asiakaspalvelu.com 3. Rekisterin nimi Invosy asiakas- ja k\u00e4ytt\u00e4j\u00e4rekisteri 4. Rekister\u00f6idyt henkil\u00f6t \u2013 Invosy-ohjelmistoa k\u00e4ytt\u00e4v\u00e4t yritysten omistajat ja ty\u00f6ntekij\u00e4t \u2013 Verkkosivuston k\u00e4vij\u00e4t \u2013 Uutiskirjeiden ja markkinointiviestien vastaanottajat \u2013 Kumppanit ja palveluntarjoajat 5. Henkil\u00f6tietojen k\u00e4sittelyn [&hellip;]<\/p>\n","protected":false},"author":1,"featured_media":0,"parent":0,"menu_order":0,"comment_status":"closed","ping_status":"closed","template":"","meta":{"footnotes":""},"class_list":["post-12890","page","type-page","status-publish","hentry"],"yoast_head":"<!-- This site is optimized with the Yoast SEO plugin v27.5 - https:\/\/yoast.com\/product\/yoast-seo-wordpress\/ -->\n<title>Tietosuojaseloste\u00a0 - Laskuta ilman omaa yrityst\u00e4 | Invosy<\/title>\n<meta name=\"robots\" content=\"index, follow, max-snippet:-1, max-image-preview:large, max-video-preview:-1\" \/>\n<link rel=\"canonical\" href=\"https:\/\/invosy.com\/fi\/tietosuojaseloste\/\" \/>\n<meta property=\"og:locale\" content=\"fi_FI\" \/>\n<meta property=\"og:type\" content=\"article\" \/>\n<meta property=\"og:title\" content=\"Tietosuojaseloste\u00a0 - Laskuta ilman omaa yrityst\u00e4 | Invosy\" \/>\n<meta property=\"og:description\" content=\"Tietosuojaseloste 1. Rekisterinpit\u00e4j\u00e4 Invosy Finland Oy Y-tunnus: 3413106-8 Salomonkatu 17 B00100 HelsinkiSuomi S\u00e4hk\u00f6posti: invosy@asiakaspalvelu.com 2. Rekisteriasioista vastaava henkil\u00f6 Weckstr\u00f6m J\u00f6rgen Nils-Erik S\u00e4hk\u00f6posti: invosy@asiakaspalvelu.com 3. Rekisterin nimi Invosy asiakas- ja k\u00e4ytt\u00e4j\u00e4rekisteri 4. Rekister\u00f6idyt henkil\u00f6t \u2013 Invosy-ohjelmistoa k\u00e4ytt\u00e4v\u00e4t yritysten omistajat ja ty\u00f6ntekij\u00e4t \u2013 Verkkosivuston k\u00e4vij\u00e4t \u2013 Uutiskirjeiden ja markkinointiviestien vastaanottajat \u2013 Kumppanit ja palveluntarjoajat 5. Henkil\u00f6tietojen k\u00e4sittelyn [&hellip;]\" \/>\n<meta property=\"og:url\" content=\"https:\/\/invosy.com\/fi\/tietosuojaseloste\/\" \/>\n<meta property=\"og:site_name\" content=\"Laskuta ilman omaa yrityst\u00e4 | Invosy\" \/>\n<meta property=\"article:publisher\" content=\"https:\/\/www.facebook.com\/invosy\/\" \/>\n<meta property=\"article:modified_time\" content=\"2026-03-20T06:33:48+00:00\" \/>\n<meta name=\"twitter:card\" content=\"summary_large_image\" \/>\n<meta name=\"twitter:label1\" content=\"Arvioitu lukuaika\" \/>\n\t<meta name=\"twitter:data1\" content=\"2 minuuttia\" \/>\n<script type=\"application\/ld+json\" class=\"yoast-schema-graph\">{\"@context\":\"https:\\\/\\\/schema.org\",\"@graph\":[{\"@type\":\"WebPage\",\"@id\":\"https:\\\/\\\/invosy.com\\\/fi\\\/tietosuojaseloste\\\/\",\"url\":\"https:\\\/\\\/invosy.com\\\/fi\\\/tietosuojaseloste\\\/\",\"name\":\"Tietosuojaseloste\u00a0 - Laskuta ilman omaa yrityst\u00e4 | Invosy\",\"isPartOf\":{\"@id\":\"https:\\\/\\\/invosy.com\\\/fi\\\/#website\"},\"datePublished\":\"2026-03-20T06:31:31+00:00\",\"dateModified\":\"2026-03-20T06:33:48+00:00\",\"breadcrumb\":{\"@id\":\"https:\\\/\\\/invosy.com\\\/fi\\\/tietosuojaseloste\\\/#breadcrumb\"},\"inLanguage\":\"fi\",\"potentialAction\":[{\"@type\":\"ReadAction\",\"target\":[\"https:\\\/\\\/invosy.com\\\/fi\\\/tietosuojaseloste\\\/\"]}]},{\"@type\":\"BreadcrumbList\",\"@id\":\"https:\\\/\\\/invosy.com\\\/fi\\\/tietosuojaseloste\\\/#breadcrumb\",\"itemListElement\":[{\"@type\":\"ListItem\",\"position\":1,\"name\":\"Home\",\"item\":\"https:\\\/\\\/invosy.com\\\/fi\\\/\"},{\"@type\":\"ListItem\",\"position\":2,\"name\":\"Tietosuojaseloste\u00a0\"}]},{\"@type\":\"WebSite\",\"@id\":\"https:\\\/\\\/invosy.com\\\/fi\\\/#website\",\"url\":\"https:\\\/\\\/invosy.com\\\/fi\\\/\",\"name\":\"Laskuta ilman omaa yrityst\u00e4 | Invosy\",\"description\":\"Enemm\u00e4n kassavirtaa\",\"publisher\":{\"@id\":\"https:\\\/\\\/invosy.com\\\/fi\\\/#organization\"},\"potentialAction\":[{\"@type\":\"SearchAction\",\"target\":{\"@type\":\"EntryPoint\",\"urlTemplate\":\"https:\\\/\\\/invosy.com\\\/fi\\\/?s={search_term_string}\"},\"query-input\":{\"@type\":\"PropertyValueSpecification\",\"valueRequired\":true,\"valueName\":\"search_term_string\"}}],\"inLanguage\":\"fi\"},{\"@type\":\"Organization\",\"@id\":\"https:\\\/\\\/invosy.com\\\/fi\\\/#organization\",\"name\":\"Invosy\",\"url\":\"https:\\\/\\\/invosy.com\\\/fi\\\/\",\"logo\":{\"@type\":\"ImageObject\",\"inLanguage\":\"fi\",\"@id\":\"https:\\\/\\\/invosy.com\\\/fi\\\/#\\\/schema\\\/logo\\\/image\\\/\",\"url\":\"https:\\\/\\\/invosy.com\\\/fi\\\/wp-content\\\/uploads\\\/2022\\\/09\\\/Invosy_Logotype-1-FIN.gif\",\"contentUrl\":\"https:\\\/\\\/invosy.com\\\/fi\\\/wp-content\\\/uploads\\\/2022\\\/09\\\/Invosy_Logotype-1-FIN.gif\",\"width\":1000,\"height\":289,\"caption\":\"Invosy\"},\"image\":{\"@id\":\"https:\\\/\\\/invosy.com\\\/fi\\\/#\\\/schema\\\/logo\\\/image\\\/\"},\"sameAs\":[\"https:\\\/\\\/www.facebook.com\\\/invosy\\\/\",\"https:\\\/\\\/www.instagram.com\\\/invosy\\\/\"]}]}<\/script>\n<!-- \/ Yoast SEO plugin. -->","yoast_head_json":{"title":"Tietosuojaseloste\u00a0 - Laskuta ilman omaa yrityst\u00e4 | Invosy","robots":{"index":"index","follow":"follow","max-snippet":"max-snippet:-1","max-image-preview":"max-image-preview:large","max-video-preview":"max-video-preview:-1"},"canonical":"https:\/\/invosy.com\/fi\/tietosuojaseloste\/","og_locale":"fi_FI","og_type":"article","og_title":"Tietosuojaseloste\u00a0 - Laskuta ilman omaa yrityst\u00e4 | Invosy","og_description":"Tietosuojaseloste 1. Rekisterinpit\u00e4j\u00e4 Invosy Finland Oy Y-tunnus: 3413106-8 Salomonkatu 17 B00100 HelsinkiSuomi S\u00e4hk\u00f6posti: invosy@asiakaspalvelu.com 2. Rekisteriasioista vastaava henkil\u00f6 Weckstr\u00f6m J\u00f6rgen Nils-Erik S\u00e4hk\u00f6posti: invosy@asiakaspalvelu.com 3. Rekisterin nimi Invosy asiakas- ja k\u00e4ytt\u00e4j\u00e4rekisteri 4. Rekister\u00f6idyt henkil\u00f6t \u2013 Invosy-ohjelmistoa k\u00e4ytt\u00e4v\u00e4t yritysten omistajat ja ty\u00f6ntekij\u00e4t \u2013 Verkkosivuston k\u00e4vij\u00e4t \u2013 Uutiskirjeiden ja markkinointiviestien vastaanottajat \u2013 Kumppanit ja palveluntarjoajat 5. Henkil\u00f6tietojen k\u00e4sittelyn [&hellip;]","og_url":"https:\/\/invosy.com\/fi\/tietosuojaseloste\/","og_site_name":"Laskuta ilman omaa yrityst\u00e4 | Invosy","article_publisher":"https:\/\/www.facebook.com\/invosy\/","article_modified_time":"2026-03-20T06:33:48+00:00","twitter_card":"summary_large_image","twitter_misc":{"Arvioitu lukuaika":"2 minuuttia"},"schema":{"@context":"https:\/\/schema.org","@graph":[{"@type":"WebPage","@id":"https:\/\/invosy.com\/fi\/tietosuojaseloste\/","url":"https:\/\/invosy.com\/fi\/tietosuojaseloste\/","name":"Tietosuojaseloste\u00a0 - Laskuta ilman omaa yrityst\u00e4 | Invosy","isPartOf":{"@id":"https:\/\/invosy.com\/fi\/#website"},"datePublished":"2026-03-20T06:31:31+00:00","dateModified":"2026-03-20T06:33:48+00:00","breadcrumb":{"@id":"https:\/\/invosy.com\/fi\/tietosuojaseloste\/#breadcrumb"},"inLanguage":"fi","potentialAction":[{"@type":"ReadAction","target":["https:\/\/invosy.com\/fi\/tietosuojaseloste\/"]}]},{"@type":"BreadcrumbList","@id":"https:\/\/invosy.com\/fi\/tietosuojaseloste\/#breadcrumb","itemListElement":[{"@type":"ListItem","position":1,"name":"Home","item":"https:\/\/invosy.com\/fi\/"},{"@type":"ListItem","position":2,"name":"Tietosuojaseloste\u00a0"}]},{"@type":"WebSite","@id":"https:\/\/invosy.com\/fi\/#website","url":"https:\/\/invosy.com\/fi\/","name":"Laskuta ilman omaa yrityst\u00e4 | Invosy","description":"Enemm\u00e4n kassavirtaa","publisher":{"@id":"https:\/\/invosy.com\/fi\/#organization"},"potentialAction":[{"@type":"SearchAction","target":{"@type":"EntryPoint","urlTemplate":"https:\/\/invosy.com\/fi\/?s={search_term_string}"},"query-input":{"@type":"PropertyValueSpecification","valueRequired":true,"valueName":"search_term_string"}}],"inLanguage":"fi"},{"@type":"Organization","@id":"https:\/\/invosy.com\/fi\/#organization","name":"Invosy","url":"https:\/\/invosy.com\/fi\/","logo":{"@type":"ImageObject","inLanguage":"fi","@id":"https:\/\/invosy.com\/fi\/#\/schema\/logo\/image\/","url":"https:\/\/invosy.com\/fi\/wp-content\/uploads\/2022\/09\/Invosy_Logotype-1-FIN.gif","contentUrl":"https:\/\/invosy.com\/fi\/wp-content\/uploads\/2022\/09\/Invosy_Logotype-1-FIN.gif","width":1000,"height":289,"caption":"Invosy"},"image":{"@id":"https:\/\/invosy.com\/fi\/#\/schema\/logo\/image\/"},"sameAs":["https:\/\/www.facebook.com\/invosy\/","https:\/\/www.instagram.com\/invosy\/"]}]}},"_links":{"self":[{"href":"https:\/\/invosy.com\/fi\/wp-json\/wp\/v2\/pages\/12890","targetHints":{"allow":["GET"]}}],"collection":[{"href":"https:\/\/invosy.com\/fi\/wp-json\/wp\/v2\/pages"}],"about":[{"href":"https:\/\/invosy.com\/fi\/wp-json\/wp\/v2\/types\/page"}],"author":[{"embeddable":true,"href":"https:\/\/invosy.com\/fi\/wp-json\/wp\/v2\/users\/1"}],"replies":[{"embeddable":true,"href":"https:\/\/invosy.com\/fi\/wp-json\/wp\/v2\/comments?post=12890"}],"version-history":[{"count":6,"href":"https:\/\/invosy.com\/fi\/wp-json\/wp\/v2\/pages\/12890\/revisions"}],"predecessor-version":[{"id":12904,"href":"https:\/\/invosy.com\/fi\/wp-json\/wp\/v2\/pages\/12890\/revisions\/12904"}],"wp:attachment":[{"href":"https:\/\/invosy.com\/fi\/wp-json\/wp\/v2\/media?parent=12890"}],"curies":[{"name":"wp","href":"https:\/\/api.w.org\/{rel}","templated":true}]}}