{"id":12891,"date":"2026-03-20T08:29:47","date_gmt":"2026-03-20T06:29:47","guid":{"rendered":"https:\/\/invosy.com\/fi\/?page_id=12891"},"modified":"2026-03-20T08:31:39","modified_gmt":"2026-03-20T06:31:39","slug":"kayttoehdot","status":"publish","type":"page","link":"https:\/\/invosy.com\/fi\/kayttoehdot\/","title":{"rendered":"K\u00e4ytt\u00f6ehdot\u00a0"},"content":{"rendered":"\t\t<div data-elementor-type=\"wp-page\" data-elementor-id=\"12891\" class=\"elementor elementor-12891\" data-elementor-post-type=\"page\">\n\t\t\t\t\t\t<section class=\"has_eae_slider elementor-section elementor-top-section elementor-element elementor-element-54e3d23 elementor-section-boxed elementor-section-height-default elementor-section-height-default\" data-eae-slider=\"32386\" data-id=\"54e3d23\" data-element_type=\"section\" data-e-type=\"section\">\n\t\t\t\t\t\t<div class=\"elementor-container elementor-column-gap-default\">\n\t\t\t\t\t<div class=\"has_eae_slider elementor-column elementor-col-100 elementor-top-column elementor-element elementor-element-a08abc0\" data-eae-slider=\"18883\" data-id=\"a08abc0\" data-element_type=\"column\" data-e-type=\"column\">\n\t\t\t<div class=\"elementor-widget-wrap elementor-element-populated\">\n\t\t\t\t\t\t<div class=\"elementor-element elementor-element-fb88d8e elementor-widget elementor-widget-heading\" data-id=\"fb88d8e\" data-element_type=\"widget\" data-e-type=\"widget\" data-widget_type=\"heading.default\">\n\t\t\t\t<div class=\"elementor-widget-container\">\n\t\t\t\t\t<h2 class=\"elementor-heading-title elementor-size-default\">K\u00e4ytt\u00f6ehdot <\/h2>\t\t\t\t<\/div>\n\t\t\t\t<\/div>\n\t\t\t\t<div class=\"elementor-element elementor-element-1f3cd94 elementor-widget__width-initial elementor-widget elementor-widget-text-editor\" data-id=\"1f3cd94\" data-element_type=\"widget\" data-e-type=\"widget\" data-widget_type=\"text-editor.default\">\n\t\t\t\t<div class=\"elementor-widget-container\">\n\t\t\t\t\t\t\t\t\t<p><strong>1.<\/strong> Invosy.com\/fi &#8211; palvelun tuottaa Invosy Oy (y-tunnus 3413106-8, IP-osoite: www.invosy.com\/fi). Hallintoyrityksell\u00e4 tarkoitetaan Invosy Oy:t\u00e4 tai Invosy Oy:n rekister\u00f6im\u00e4\u00e4 aputoiminime\u00e4. Palvelun k\u00e4ytt\u00e4j\u00e4ll\u00e4 tarkoitetaan ty\u00f6n suorittajaa, joka sopii itsen\u00e4isesti toimeksiantajansa kanssa ty\u00f6teht\u00e4vist\u00e4 sek\u00e4 hinnoittelusta.<\/p><p><strong>2.<\/strong> Hallintoyritys ei p\u00e4\u00e4s\u00e4\u00e4nt\u00f6isesti markkinoi tai myy palvelun k\u00e4ytt\u00e4jien ty\u00f6suorituksia. Myynninedist\u00e4misen toimenpiteist\u00e4 sek\u00e4 kattomarkkinoinnista on sovittava erikseen henkil\u00f6kohtaisesti Hallintoyrityksen ja palvelun k\u00e4ytt\u00e4j\u00e4n kesken.<\/p><p><strong>3.<\/strong> Palvelun k\u00e4ytt\u00f6\u00f6notto edellytt\u00e4\u00e4 tunnusten luomista invosy.com\/fi -sivulle. Tunnusten luominen on masutonta eik\u00e4 sido k\u00e4ytt\u00e4j\u00e4\u00e4 mihink\u00e4\u00e4n. Hallintoyritys vahvistaa tunnusten toimivuuden palvelun k\u00e4ytt\u00e4j\u00e4lle erillisell\u00e4 ilmoituksella: &#8221;Kiitos rekister\u00f6itymisest\u00e4. Voit nyt kirjautua sis\u00e4\u00e4n palveluun&#8221;.<\/p><p><strong>4.<\/strong> Hallintoyritys ei ole milt\u00e4\u00e4n osin vastuussa k\u00e4ytt\u00e4jiens\u00e4 ty\u00f6suoritteisiin liittyvist\u00e4 vastuista tai velvoitteista. Vastuut ja velvoitteet k\u00e4sitt\u00e4v\u00e4t t\u00e4ss\u00e4 yhteydess\u00e4 k\u00e4ytt\u00e4j\u00e4n ty\u00f6suoritteen aikana, tai sen j\u00e4lkeen ilmenevi\u00e4 virheit\u00e4, viiv\u00e4styksi\u00e4 tai puutteita. Palvelun k\u00e4ytt\u00e4j\u00e4n tulee sopia ty\u00f6suoritusta koskevat erimielisyydet itsen\u00e4isesti toimeksiantajansa kanssa. Mik\u00e4li palvelun k\u00e4ytt\u00e4j\u00e4 ei suostu, pysty tai muuten kykene korjaamaan aiheuttamaansa virhett\u00e4, on Hallintoyrityksell\u00e4 oikeus korjauttaa virheellinen ty\u00f6suorite ja peri\u00e4 kustannukset palvelun k\u00e4ytt\u00e4j\u00e4lt\u00e4. Palvelun k\u00e4ytt\u00e4j\u00e4n on huolehdittava siit\u00e4, ett\u00e4 toimeksiantaja sek\u00e4 mahdolliset muut kolmannet osapuolet ovat t\u00e4ysin tietoisia Hallintoyrityksen asemasta sek\u00e4 vastuiden jakautumisesta osapuolten v\u00e4lill\u00e4.<\/p><p><strong>5.<\/strong> Palvelun k\u00e4ytt\u00e4j\u00e4 on vakuutettu lakis\u00e4\u00e4teisill\u00e4 vakuutuksilla Hallintoyrityksen kautta laskutettavaa ty\u00f6t\u00e4 tehdess\u00e4 ja t\u00e4h\u00e4n liittyvill\u00e4 matkoilla. Vakuutuksiin kuuluu tapaturma- ja vastuuvakuutus. Tapaturma- ja vastuuvakuutuksemme kattavat yleisimm\u00e4t kevytyritt\u00e4j\u00e4n ty\u00f6t. K\u00e4ytt\u00e4j\u00e4 vastaa itse siit\u00e4, ett\u00e4 h\u00e4nen tekem\u00e4ns\u00e4 ty\u00f6 on Invosyn tapaturma- ja vastuuvakuutuksen kattamaa toimintaa. Hallintoyritys tarjoaa vakuutukset yhdess\u00e4 Keskin\u00e4isen Vakuutusyhti\u00f6 Fennian kanssa. Palvelun k\u00e4ytt\u00e4j\u00e4 on vastuussa vakuutuskorvauksen omavastuuosuuden suorittamisesta. Vakuutus ei korvaa ep\u00e4ammattimaisesta ty\u00f6nteosta aiheutuneita vahinkoja. Jos ammattialaa, jolla palvelun k\u00e4ytt\u00e4j\u00e4 toimii, valvotaan viranomaisten toimesta, on Hallintoyritykselle toimitettava riitt\u00e4v\u00e4t ja oikeat todistukset sek\u00e4 dokumentit palvelun k\u00e4ytt\u00e4j\u00e4n ammatillisesta p\u00e4tevyydest\u00e4.<\/p><p><strong>6.<\/strong> Hallintoyritys huolehtii palvelun k\u00e4ytt\u00e4jien tietosuojasta tietosuojalain (2018\/1050) sek\u00e4 s\u00e4hk\u00f6isen viestinn\u00e4n tietosuojalain (516\/2004) mukaisesti. Palvelun k\u00e4ytt\u00e4j\u00e4ll\u00e4 ei ole oikeutta tehd\u00e4 ostoja laskulla, luotto-, osamaksu-, tai alihankintasopimuksia Hallintoyrityksen nimiss\u00e4. Palvelun k\u00e4ytt\u00e4j\u00e4n sopimukset on teht\u00e4v\u00e4 siin\u00e4 mieless\u00e4, ett\u00e4 Hallintoyritys on hallinnollinen yritys ja palvelun k\u00e4ytt\u00e4j\u00e4 vastaavat itse sopimusvelvoitteistaan. Hallintoyrityksen yritystunnusta ei saa k\u00e4ytt\u00e4\u00e4 arvonlis\u00e4verottomiin hankintoihin EU:n alueella tai sen ulkopuolella.<\/p><p><strong>7.<\/strong> Hallintoyrityksen nettisivuilla ilmoittama ja voimassaoleva palvelumaksu perit\u00e4\u00e4n palkanmaksun yhteydess\u00e4. Palvelumaksu on progressiivinen ja riippuvainen palvelun k\u00e4ytt\u00e4j\u00e4n kokonaislaskutuksesta. Palvelumaksu on prosentuaalinen ja se lasketaan laskutuksen arvonlis\u00e4verottomasta hinnasta.Palvelumaksulle ei ole m\u00e4\u00e4ritelty erillist\u00e4 v\u00e4himm\u00e4ishintaa.<\/p><p>Pikapalkan palvelumaksu on 3,5 % (+ ALV 25,5%), joka veloitetaan normaalin palvelumaksun lis\u00e4ksi.Pikapalkka on laskukohtainen, ja sen k\u00e4ytt\u00f6\u00f6nottamiseksi on valittava laskutuslomakkeesta erillinen Pikapalkka -vaihtoehto. Pikapalkka on riippuvainen laskun oikeellisuuden vahvistamisesta. Pikapalkan k\u00e4ytt\u00e4j\u00e4 saa palkkansa pankkitililleen jopa samana p\u00e4iv\u00e4n\u00e4 8riippuen pankkien v\u00e4lisist\u00e4 yhteyksist\u00e4), kun vahvistus laskun oikeellisuudesta on saatu toimeksiantajalta, eli laskun oikeellisuus pystyt\u00e4\u00e4n vahvistamaan, se on riidaton, lopullinen ja laskun saajalla ei ole luottoh\u00e4iri\u00f6merkint\u00f6j\u00e4. Pikapalkan oikeellisuus vahvistetaan suoraan toimeksiantajalta, ellei k\u00e4ytt\u00e4j\u00e4 ole v\u00e4litt\u00e4nyt laskusta kirjallista vahvistusta. Pikapalkkoja voi olla avoinna vain yksi kerrallaan. Laskun loppusumma voi olla korkeintaan 4000e. Pikapalkan edellytyksen\u00e4 on se, ett\u00e4 toimeksiantajan tilaama ty\u00f6 on valmis.<\/p><p><strong>8.<\/strong> Palvelun k\u00e4ytt\u00e4j\u00e4n on toimitettava Hallintoyritykselle verokortti palkanmaksua varten. Verokortti tulee toimittaa ennen ensimm\u00e4ist\u00e4 palkanmaksua. Laskutusm\u00e4\u00e4r\u00e4ys asiakkaalle on mahdollista tehd\u00e4 ennen verokortin toimittamista. Mik\u00e4li verokorttia ei toimiteta ennen ensimm\u00e4ist\u00e4 palkanmaksua, tehd\u00e4\u00e4n ennakonpid\u00e4tys 60 % mukaisesti.<\/p><p><strong>9.<\/strong> Hallintoyritys maksaa palkan palvelun k\u00e4ytt\u00e4j\u00e4lle, kun toimeksiantajan maksusuoritus on saapunut Hallintoyrityksen tilille tai erillisen sopimuksen mukaan. Palkka maksetaan, kun kaikki tarvittavat tiedot(kuitit, matkalaskut, riitt\u00e4v\u00e4t omat tiedot, yms) on asianmukaisesti toimitettu Hallintoyritykselle.<\/p><p>Palvelun k\u00e4ytt\u00e4j\u00e4n palkka m\u00e4\u00e4r\u00e4ytyy laskutuksen arvonlis\u00e4verottoman summan perusteella. Laskutetusta arvonlis\u00e4verottomasta summasta v\u00e4hennet\u00e4\u00e4n Hallintoyrityksen palvelumaksu, lakis\u00e4\u00e4teiset ty\u00f6nantajakulut sek\u00e4 palvelun k\u00e4ytt\u00e4j\u00e4n henkil\u00f6kohtainen ennakonpid\u00e4tys. Maksettavat palkat ja kulukorvaukset ovat toimeksiannon mukaisesti sovittuja sek\u00e4 kertakaikkisia, sis\u00e4lt\u00e4en lomakorvaukset.<\/p><p>Palkanmaksun ohessa k\u00e4ytt\u00e4j\u00e4lle toimitetaan s\u00e4hk\u00f6inen palkkaerittely. K\u00e4ytt\u00e4j\u00e4ll\u00e4 on my\u00f6s oikeus saada pyynn\u00f6st\u00e4\u00e4n palkkatodistus. Lis\u00e4ksi todetaan, ett\u00e4 palvelun k\u00e4ytt\u00e4j\u00e4n ei tarvitse erikseen tehd\u00e4 palkastaan ilmoituksia tai erillisi\u00e4 maksuja muille tahoille.<\/p><p><strong>10.<\/strong> Palvelun k\u00e4ytt\u00e4j\u00e4 on velvollinen noudattamaan ty\u00f6suojelum\u00e4\u00e4r\u00e4yksi\u00e4. Ty\u00f6h\u00f6n liittyv\u00e4t verovapaat kulukorvaukset ja p\u00e4iv\u00e4rahat korvataan asianmukaisia kuitteja vastaan. Kulukorvauksia voidaan maksaa ty\u00f6matkoista, (poissulkien kodin ja ty\u00f6paikan v\u00e4linen matka) oman auton k\u00e4yt\u00f6st\u00e4 sek\u00e4 ty\u00f6h\u00f6n liittyvist\u00e4 materiaalikuluista.<\/p><p>K\u00e4ytt\u00f6omaisuushankintoja palvelun k\u00e4ytt\u00e4j\u00e4n ei ole mahdollista v\u00e4hent\u00e4\u00e4 Hallintoyrityksen kautta, sill\u00e4 muuten kirjanpidollinen omistusoikeus siirtyy Hallintoyritykselle. Edell\u00e4 mainitun kaltaiset hankinnat on v\u00e4hennett\u00e4v\u00e4 palvelun k\u00e4ytt\u00e4j\u00e4n henkil\u00f6kohtaisessa verotuksessa. Palvelun k\u00e4ytt\u00e4j\u00e4 on lis\u00e4ksi vastuussa siit\u00e4, ett\u00e4 ilmoitetut verottomat kulukorvaukset sek\u00e4 muut kulut ovat oikeellisia ja enint\u00e4\u00e4n kaksi kuukautta vanhoja (kulukuitit on toimitettava alkuper\u00e4isin\u00e4 viimeist\u00e4\u00e4n maksun yhteydess\u00e4). Hallintoyritys pid\u00e4tt\u00e4\u00e4 oikeuden olla hyv\u00e4ksym\u00e4tt\u00e4 kulukuitteja.<\/p><p><strong>11.<\/strong> Palvelun k\u00e4ytt\u00e4j\u00e4 on velvollinen sopimaan ty\u00f6suorituksista sek\u00e4 hinnoista toimeksiantajansa kanssa.Hallintoyritys suosittelee erillisen sopimuspohjan tai ty\u00f6sopimuksen tekoa, josta k\u00e4yv\u00e4t ilmi v\u00e4hint\u00e4\u00e4n ty\u00f6suoritteen v\u00e4himm\u00e4issis\u00e4lt\u00f6. K\u00e4ytt\u00e4j\u00e4n on m\u00e4\u00e4ritelt\u00e4v\u00e4 kokonaislaskutushintansa siten, ettei siit\u00e4 m\u00e4\u00e4r\u00e4ytyv\u00e4 bruttopalkka alita alan voimassa olevan ty\u00f6sopimuksen m\u00e4\u00e4r\u00e4\u00e4m\u00e4\u00e4 ansiota. Ansiot eiv\u00e4t saa alittaa alan minimipalkkas\u00e4\u00e4d\u00f6ksi\u00e4, kun mukaan otetaan kustannusten verovapaiden korvausten maksaminen. Hallintoyritys pid\u00e4tt\u00e4\u00e4 oikeuden olla maksamatta toimeksiantoa, jos edell\u00e4 mainittujen s\u00e4\u00e4nt\u00f6jen rikkomusta on aiheellista ep\u00e4ill\u00e4.<\/p><p><strong>12.<\/strong> Lis\u00e4ksi todetaan:<br \/>Palvelun k\u00e4ytt\u00e4j\u00e4n tulee noudattaa Ruotsissa voimassa olevaa lains\u00e4\u00e4d\u00e4nt\u00f6\u00e4.<\/p><p>Palvelun k\u00e4ytt\u00e4j\u00e4n on noudatettava ty\u00f6turvallisuusm\u00e4\u00e4r\u00e4yksi\u00e4, ja h\u00e4n on velvollinen perehtym\u00e4\u00e4n tulevan ty\u00f6n vaara- ja haittatekij\u00f6ihin sek\u00e4 niihin liittyviin ty\u00f6suojelutoimenpiteisiin ennen ty\u00f6n aloittamista. Palvelun k\u00e4ytt\u00e4j\u00e4n on huolehdittava siit\u00e4, ett\u00e4 h\u00e4nell\u00e4 on ty\u00f6n tekoon tarvittavat oikeat ja ajantasaiset suojav\u00e4lineet. Palvelun k\u00e4ytt\u00e4j\u00e4 my\u00f6s vastaa n\u00e4iden v\u00e4lineiden k\u00e4yt\u00f6st\u00e4.<\/p><p>Ammattialaa valvottaessa viranomaisten toimesta, on palvelun k\u00e4ytt\u00e4j\u00e4n todistettava p\u00e4tevyytens\u00e4 asianmukaisin dokumentein. Jos ty\u00f6suoritus vaatii erillisi\u00e4 lupia, on palvelun k\u00e4ytt\u00e4j\u00e4 vastuussa siit\u00e4, ett\u00e4 h\u00e4nell\u00e4 on asianmukaiset ja ajantasaiset luvat ty\u00f6n suorittamiseen. Luvanvaraiset ty\u00f6suoritteet on hyv\u00e4ksytt\u00e4v\u00e4 Hallintoyrityksen kanssa etuk\u00e4teen. Mik\u00e4li n\u00e4it\u00e4 ehtoja rikotaan, palvelun k\u00e4ytt\u00e4j\u00e4 ei ole oikeutettu saamaan korvauksia Invosy Oy:n voimassa olevan vastuuvakuutuksen kautta<\/p><p>Palvelun k\u00e4ytt\u00e4j\u00e4 on henkil\u00f6kohtaisesti vastuussa kaikkien toimittamiensa tietojen oikeellisuudesta. T\u00e4m\u00e4 koskee muun muassa laskutuslomakkeelle annettavia tietoja sek\u00e4 verottomien kulukorvausten ja muiden kulujen ilmoittamista. Hallintoyritys ei miss\u00e4\u00e4n tilanteessa anna takuuta ty\u00f6nsuorittajan tekem\u00e4st\u00e4 ty\u00f6st\u00e4, eik\u00e4 my\u00f6sk\u00e4\u00e4n suorita vahingonkorvauksia tuotevastuulain (649\/1990) perusteella. Verotuksellisesti sek\u00e4 kirjanpitovelvollisuuden kannalta ty\u00f6nsuorittaja todetaan Hallintoyrityksen ty\u00f6ntekij\u00e4ksi. Muissa suhteissa, kuten ty\u00f6oikeudellisesti tarkasteltuna, ty\u00f6nsuorittajan oikeudellinen asema saattaa kuitenkin poiketa siit\u00e4. Ty\u00f6tt\u00f6myyskorvausten osalta ty\u00f6nsuorittaja voidaan luokitella yritt\u00e4j\u00e4ksi. El\u00e4kevakuuttamisen osalta ty\u00f6ntekij\u00e4 on itse vastuussa YEL-vakuutuksen ottamisesta.Hallintoyritys mahdollistaa YEL-vakuutuksen ottamisen palvelun kautta yhteisty\u00f6ss\u00e4 el\u00e4kevakuutusyhti\u00f6 Varman kanssa.<\/p>\t\t\t\t\t\t\t\t<\/div>\n\t\t\t\t<\/div>\n\t\t\t\t\t<\/div>\n\t\t<\/div>\n\t\t\t\t\t<\/div>\n\t\t<\/section>\n\t\t\t\t<\/div>\n\t\t","protected":false},"excerpt":{"rendered":"<p>K\u00e4ytt\u00f6ehdot 1. Invosy.com\/fi &#8211; palvelun tuottaa Invosy Oy (y-tunnus 3413106-8, IP-osoite: www.invosy.com\/fi). Hallintoyrityksell\u00e4 tarkoitetaan Invosy Oy:t\u00e4 tai Invosy Oy:n rekister\u00f6im\u00e4\u00e4 aputoiminime\u00e4. Palvelun k\u00e4ytt\u00e4j\u00e4ll\u00e4 tarkoitetaan ty\u00f6n suorittajaa, joka sopii itsen\u00e4isesti toimeksiantajansa kanssa ty\u00f6teht\u00e4vist\u00e4 sek\u00e4 hinnoittelusta. 2. Hallintoyritys ei p\u00e4\u00e4s\u00e4\u00e4nt\u00f6isesti markkinoi tai myy palvelun k\u00e4ytt\u00e4jien ty\u00f6suorituksia. Myynninedist\u00e4misen toimenpiteist\u00e4 sek\u00e4 kattomarkkinoinnista on sovittava erikseen henkil\u00f6kohtaisesti Hallintoyrityksen ja palvelun [&hellip;]<\/p>\n","protected":false},"author":1,"featured_media":0,"parent":0,"menu_order":0,"comment_status":"closed","ping_status":"closed","template":"","meta":{"footnotes":""},"class_list":["post-12891","page","type-page","status-publish","hentry"],"yoast_head":"<!-- This site is optimized with the Yoast SEO plugin v27.5 - https:\/\/yoast.com\/product\/yoast-seo-wordpress\/ -->\n<title>K\u00e4ytt\u00f6ehdot\u00a0 - Laskuta ilman omaa yrityst\u00e4 | Invosy<\/title>\n<meta name=\"robots\" content=\"index, follow, max-snippet:-1, max-image-preview:large, max-video-preview:-1\" \/>\n<link rel=\"canonical\" href=\"https:\/\/invosy.com\/fi\/kayttoehdot\/\" \/>\n<meta property=\"og:locale\" content=\"fi_FI\" \/>\n<meta property=\"og:type\" content=\"article\" \/>\n<meta property=\"og:title\" content=\"K\u00e4ytt\u00f6ehdot\u00a0 - Laskuta ilman omaa yrityst\u00e4 | Invosy\" \/>\n<meta property=\"og:description\" content=\"K\u00e4ytt\u00f6ehdot 1. Invosy.com\/fi &#8211; palvelun tuottaa Invosy Oy (y-tunnus 3413106-8, IP-osoite: www.invosy.com\/fi). Hallintoyrityksell\u00e4 tarkoitetaan Invosy Oy:t\u00e4 tai Invosy Oy:n rekister\u00f6im\u00e4\u00e4 aputoiminime\u00e4. Palvelun k\u00e4ytt\u00e4j\u00e4ll\u00e4 tarkoitetaan ty\u00f6n suorittajaa, joka sopii itsen\u00e4isesti toimeksiantajansa kanssa ty\u00f6teht\u00e4vist\u00e4 sek\u00e4 hinnoittelusta. 2. Hallintoyritys ei p\u00e4\u00e4s\u00e4\u00e4nt\u00f6isesti markkinoi tai myy palvelun k\u00e4ytt\u00e4jien ty\u00f6suorituksia. Myynninedist\u00e4misen toimenpiteist\u00e4 sek\u00e4 kattomarkkinoinnista on sovittava erikseen henkil\u00f6kohtaisesti Hallintoyrityksen ja palvelun [&hellip;]\" \/>\n<meta property=\"og:url\" content=\"https:\/\/invosy.com\/fi\/kayttoehdot\/\" \/>\n<meta property=\"og:site_name\" content=\"Laskuta ilman omaa yrityst\u00e4 | Invosy\" \/>\n<meta property=\"article:publisher\" content=\"https:\/\/www.facebook.com\/invosy\/\" \/>\n<meta property=\"article:modified_time\" content=\"2026-03-20T06:31:39+00:00\" \/>\n<meta name=\"twitter:card\" content=\"summary_large_image\" \/>\n<meta name=\"twitter:label1\" content=\"Arvioitu lukuaika\" \/>\n\t<meta name=\"twitter:data1\" content=\"5 minuuttia\" \/>\n<script type=\"application\/ld+json\" class=\"yoast-schema-graph\">{\"@context\":\"https:\\\/\\\/schema.org\",\"@graph\":[{\"@type\":\"WebPage\",\"@id\":\"https:\\\/\\\/invosy.com\\\/fi\\\/kayttoehdot\\\/\",\"url\":\"https:\\\/\\\/invosy.com\\\/fi\\\/kayttoehdot\\\/\",\"name\":\"K\u00e4ytt\u00f6ehdot\u00a0 - Laskuta ilman omaa yrityst\u00e4 | Invosy\",\"isPartOf\":{\"@id\":\"https:\\\/\\\/invosy.com\\\/fi\\\/#website\"},\"datePublished\":\"2026-03-20T06:29:47+00:00\",\"dateModified\":\"2026-03-20T06:31:39+00:00\",\"breadcrumb\":{\"@id\":\"https:\\\/\\\/invosy.com\\\/fi\\\/kayttoehdot\\\/#breadcrumb\"},\"inLanguage\":\"fi\",\"potentialAction\":[{\"@type\":\"ReadAction\",\"target\":[\"https:\\\/\\\/invosy.com\\\/fi\\\/kayttoehdot\\\/\"]}]},{\"@type\":\"BreadcrumbList\",\"@id\":\"https:\\\/\\\/invosy.com\\\/fi\\\/kayttoehdot\\\/#breadcrumb\",\"itemListElement\":[{\"@type\":\"ListItem\",\"position\":1,\"name\":\"Home\",\"item\":\"https:\\\/\\\/invosy.com\\\/fi\\\/\"},{\"@type\":\"ListItem\",\"position\":2,\"name\":\"K\u00e4ytt\u00f6ehdot\u00a0\"}]},{\"@type\":\"WebSite\",\"@id\":\"https:\\\/\\\/invosy.com\\\/fi\\\/#website\",\"url\":\"https:\\\/\\\/invosy.com\\\/fi\\\/\",\"name\":\"Laskuta ilman omaa yrityst\u00e4 | Invosy\",\"description\":\"Enemm\u00e4n kassavirtaa\",\"publisher\":{\"@id\":\"https:\\\/\\\/invosy.com\\\/fi\\\/#organization\"},\"potentialAction\":[{\"@type\":\"SearchAction\",\"target\":{\"@type\":\"EntryPoint\",\"urlTemplate\":\"https:\\\/\\\/invosy.com\\\/fi\\\/?s={search_term_string}\"},\"query-input\":{\"@type\":\"PropertyValueSpecification\",\"valueRequired\":true,\"valueName\":\"search_term_string\"}}],\"inLanguage\":\"fi\"},{\"@type\":\"Organization\",\"@id\":\"https:\\\/\\\/invosy.com\\\/fi\\\/#organization\",\"name\":\"Invosy\",\"url\":\"https:\\\/\\\/invosy.com\\\/fi\\\/\",\"logo\":{\"@type\":\"ImageObject\",\"inLanguage\":\"fi\",\"@id\":\"https:\\\/\\\/invosy.com\\\/fi\\\/#\\\/schema\\\/logo\\\/image\\\/\",\"url\":\"https:\\\/\\\/invosy.com\\\/fi\\\/wp-content\\\/uploads\\\/2022\\\/09\\\/Invosy_Logotype-1-FIN.gif\",\"contentUrl\":\"https:\\\/\\\/invosy.com\\\/fi\\\/wp-content\\\/uploads\\\/2022\\\/09\\\/Invosy_Logotype-1-FIN.gif\",\"width\":1000,\"height\":289,\"caption\":\"Invosy\"},\"image\":{\"@id\":\"https:\\\/\\\/invosy.com\\\/fi\\\/#\\\/schema\\\/logo\\\/image\\\/\"},\"sameAs\":[\"https:\\\/\\\/www.facebook.com\\\/invosy\\\/\",\"https:\\\/\\\/www.instagram.com\\\/invosy\\\/\"]}]}<\/script>\n<!-- \/ Yoast SEO plugin. -->","yoast_head_json":{"title":"K\u00e4ytt\u00f6ehdot\u00a0 - Laskuta ilman omaa yrityst\u00e4 | Invosy","robots":{"index":"index","follow":"follow","max-snippet":"max-snippet:-1","max-image-preview":"max-image-preview:large","max-video-preview":"max-video-preview:-1"},"canonical":"https:\/\/invosy.com\/fi\/kayttoehdot\/","og_locale":"fi_FI","og_type":"article","og_title":"K\u00e4ytt\u00f6ehdot\u00a0 - Laskuta ilman omaa yrityst\u00e4 | Invosy","og_description":"K\u00e4ytt\u00f6ehdot 1. Invosy.com\/fi &#8211; palvelun tuottaa Invosy Oy (y-tunnus 3413106-8, IP-osoite: www.invosy.com\/fi). Hallintoyrityksell\u00e4 tarkoitetaan Invosy Oy:t\u00e4 tai Invosy Oy:n rekister\u00f6im\u00e4\u00e4 aputoiminime\u00e4. Palvelun k\u00e4ytt\u00e4j\u00e4ll\u00e4 tarkoitetaan ty\u00f6n suorittajaa, joka sopii itsen\u00e4isesti toimeksiantajansa kanssa ty\u00f6teht\u00e4vist\u00e4 sek\u00e4 hinnoittelusta. 2. Hallintoyritys ei p\u00e4\u00e4s\u00e4\u00e4nt\u00f6isesti markkinoi tai myy palvelun k\u00e4ytt\u00e4jien ty\u00f6suorituksia. Myynninedist\u00e4misen toimenpiteist\u00e4 sek\u00e4 kattomarkkinoinnista on sovittava erikseen henkil\u00f6kohtaisesti Hallintoyrityksen ja palvelun [&hellip;]","og_url":"https:\/\/invosy.com\/fi\/kayttoehdot\/","og_site_name":"Laskuta ilman omaa yrityst\u00e4 | Invosy","article_publisher":"https:\/\/www.facebook.com\/invosy\/","article_modified_time":"2026-03-20T06:31:39+00:00","twitter_card":"summary_large_image","twitter_misc":{"Arvioitu lukuaika":"5 minuuttia"},"schema":{"@context":"https:\/\/schema.org","@graph":[{"@type":"WebPage","@id":"https:\/\/invosy.com\/fi\/kayttoehdot\/","url":"https:\/\/invosy.com\/fi\/kayttoehdot\/","name":"K\u00e4ytt\u00f6ehdot\u00a0 - Laskuta ilman omaa yrityst\u00e4 | Invosy","isPartOf":{"@id":"https:\/\/invosy.com\/fi\/#website"},"datePublished":"2026-03-20T06:29:47+00:00","dateModified":"2026-03-20T06:31:39+00:00","breadcrumb":{"@id":"https:\/\/invosy.com\/fi\/kayttoehdot\/#breadcrumb"},"inLanguage":"fi","potentialAction":[{"@type":"ReadAction","target":["https:\/\/invosy.com\/fi\/kayttoehdot\/"]}]},{"@type":"BreadcrumbList","@id":"https:\/\/invosy.com\/fi\/kayttoehdot\/#breadcrumb","itemListElement":[{"@type":"ListItem","position":1,"name":"Home","item":"https:\/\/invosy.com\/fi\/"},{"@type":"ListItem","position":2,"name":"K\u00e4ytt\u00f6ehdot\u00a0"}]},{"@type":"WebSite","@id":"https:\/\/invosy.com\/fi\/#website","url":"https:\/\/invosy.com\/fi\/","name":"Laskuta ilman omaa yrityst\u00e4 | Invosy","description":"Enemm\u00e4n kassavirtaa","publisher":{"@id":"https:\/\/invosy.com\/fi\/#organization"},"potentialAction":[{"@type":"SearchAction","target":{"@type":"EntryPoint","urlTemplate":"https:\/\/invosy.com\/fi\/?s={search_term_string}"},"query-input":{"@type":"PropertyValueSpecification","valueRequired":true,"valueName":"search_term_string"}}],"inLanguage":"fi"},{"@type":"Organization","@id":"https:\/\/invosy.com\/fi\/#organization","name":"Invosy","url":"https:\/\/invosy.com\/fi\/","logo":{"@type":"ImageObject","inLanguage":"fi","@id":"https:\/\/invosy.com\/fi\/#\/schema\/logo\/image\/","url":"https:\/\/invosy.com\/fi\/wp-content\/uploads\/2022\/09\/Invosy_Logotype-1-FIN.gif","contentUrl":"https:\/\/invosy.com\/fi\/wp-content\/uploads\/2022\/09\/Invosy_Logotype-1-FIN.gif","width":1000,"height":289,"caption":"Invosy"},"image":{"@id":"https:\/\/invosy.com\/fi\/#\/schema\/logo\/image\/"},"sameAs":["https:\/\/www.facebook.com\/invosy\/","https:\/\/www.instagram.com\/invosy\/"]}]}},"_links":{"self":[{"href":"https:\/\/invosy.com\/fi\/wp-json\/wp\/v2\/pages\/12891","targetHints":{"allow":["GET"]}}],"collection":[{"href":"https:\/\/invosy.com\/fi\/wp-json\/wp\/v2\/pages"}],"about":[{"href":"https:\/\/invosy.com\/fi\/wp-json\/wp\/v2\/types\/page"}],"author":[{"embeddable":true,"href":"https:\/\/invosy.com\/fi\/wp-json\/wp\/v2\/users\/1"}],"replies":[{"embeddable":true,"href":"https:\/\/invosy.com\/fi\/wp-json\/wp\/v2\/comments?post=12891"}],"version-history":[{"count":7,"href":"https:\/\/invosy.com\/fi\/wp-json\/wp\/v2\/pages\/12891\/revisions"}],"predecessor-version":[{"id":12898,"href":"https:\/\/invosy.com\/fi\/wp-json\/wp\/v2\/pages\/12891\/revisions\/12898"}],"wp:attachment":[{"href":"https:\/\/invosy.com\/fi\/wp-json\/wp\/v2\/media?parent=12891"}],"curies":[{"name":"wp","href":"https:\/\/api.w.org\/{rel}","templated":true}]}}