{"id":10838,"date":"2026-03-02T11:08:35","date_gmt":"2026-03-02T09:08:35","guid":{"rendered":"https:\/\/invosy.com\/se\/?page_id=10838"},"modified":"2026-03-02T13:54:21","modified_gmt":"2026-03-02T11:54:21","slug":"egenanstallda","status":"publish","type":"page","link":"https:\/\/invosy.com\/se\/eng\/egenanstallda\/","title":{"rendered":"Self-employed"},"content":{"rendered":"<div data-elementor-type=\"wp-page\" data-elementor-id=\"10838\" class=\"elementor elementor-10838\" data-elementor-post-type=\"page\">\n\t\t\t\t<div class=\"elementor-element elementor-element-ede0a34 e-flex e-con-boxed e-con e-parent\" data-id=\"ede0a34\" data-element_type=\"container\" data-e-type=\"container\">\n\t\t\t\t\t<div class=\"e-con-inner\">\n\t\t\t\t<div class=\"elementor-element elementor-element-cbdad83 elementor-widget elementor-widget-heading\" data-id=\"cbdad83\" data-element_type=\"widget\" data-e-type=\"widget\" data-widget_type=\"heading.default\">\n\t\t\t\t<div class=\"elementor-widget-container\">\n\t\t\t\t\t<h2 class=\"elementor-heading-title elementor-size-default\">Self-employed<\/h2>\t\t\t\t<\/div>\n\t\t\t\t<\/div>\n\t\t\t\t<div class=\"elementor-element elementor-element-b6baad5 elementor-widget elementor-widget-text-editor\" data-id=\"b6baad5\" data-element_type=\"widget\" data-e-type=\"widget\" data-widget_type=\"text-editor.default\">\n\t\t\t\t<div class=\"elementor-widget-container\">\n\t\t\t\t\t\t\t\t\t<ol><li>The service Invosy.com is provided by Invosy AB (company registration number 559236-7311, website: www.invosy.com\n).\n\nIn these terms and conditions, Invosy is referred to as \u201cwe,\u201d \u201cus,\u201d or a registered partner company name.\n\nThe user of the service refers to an entrepreneur who independently agrees with their client on work tasks and pricing.<\/li><li>In principle, Invosy shall not market or sell the services provided to users of the service.\n\nSales promotion activities and marketing must be agreed upon separately and personally between Invosy and the user.<\/li><li>The implementation of the service requires that accounts be created on the website invosy.com. Creating an account is straightforward and does not bind the user to anything.\n\nInvosy confirms the functionality of the ID to the service user with a separate message: \u201cThank you for registering. You can now log in to the service.\u201d<\/li><li>Invosy shall not in any way be held responsible for the users\u2019 responsibilities or obligations regarding the performance of their work.\n\nResponsibilities and obligations in this context include errors, delays, or omissions that occur during or after the execution of the user\u2019s work.<\/li><\/ol><p>The user of the service must independently resolve any disputes regarding the performance of work with their client.\n\nIf the user of the service does not consent, is unable, or otherwise fails to correct an error they caused, Invosy has the right to rectify the incorrect performance of the work and recover the costs from the user of the service.\n\nThe service user must ensure that the client and any other third parties are fully aware of Invosy\u2019s status and the allocation of responsibilities between the parties.<\/p><ol start=\"5\"><li>The user of the service is covered by statutory insurance for work invoiced through Invosy and any related travel. The insurance covers accident, legal protection, and liability insurance.\n\nOur accident, legal protection, and liability insurance cover the most common jobs for a small-scale entrepreneur.\n\nThe user is responsible for ensuring that the work they perform falls within activities covered by Invosy\u2019s accident, legal protection, and liability insurance. Invosy provides this insurance in partnership with the mutual insurance company Svedea.<\/li><\/ol><p>The user of the service is responsible for paying the deductible for any insurance claims. The insurance does not cover damages caused by unqualified work.\n\nIf the profession in which the service user operates is regulated by authorities, Invosy must be provided with sufficient and accurate certificates and documents regarding the service user\u2019s professional qualifications.<\/p><ol start=\"6\"><li>Invosy shall ensure the data protection of service users in accordance with the Data Protection Act (2018:218) and the GDPR (2016\/679).\n\nThe user of the service is not entitled to make purchases by invoice, credit, installment, or subcontractor agreement in Invosy\u2019s name.\n\nThe service user\u2019s agreements shall be structured so that Invosy acts as an administrative company, and the service user is responsible for their own contractual obligations.\n\nInvosy\u2019s name may not be used for VAT-exempt purchases within or outside the EU.<\/li><li>The service fee stated and applicable on the Invosy website will be charged in connection with the payment of wages. The service fee is progressive and depends on the service user\u2019s total invoicing. The service fee is a percentage calculated from the invoice amount excluding VAT. There is no separate minimum amount for the service fee.<\/li><\/ol><p>The service fee for QuickPay is 3.5% (+ 25% VAT) and is charged in addition to the standard service fee. QuickPay is invoice-specific, and to activate it, you must select a separate QuickPay option from the invoicing form.\n\nQuickPay requires that the invoice is correct and verified. The QuickPay user receives their payment in their bank account on the same day (depending on interbank connections) once confirmation of the invoice\u2019s accuracy has been received from the client, i.e., the correctness of the invoice can be verified.\n\nThe accuracy of the specified payment is confirmed directly by the client, unless the user has provided a written confirmation of the invoice. Only one QuickPay can be open at a time. The total invoice amount can be up to SEK 40,000.\n\nA prerequisite for QuickPay is that the work ordered by the client has been completed.<\/p><ol start=\"8\"><li>The service user is responsible for ensuring that the correct tax rate is selected in their account settings. If this is not done before the first paycheck, a withholding tax of 58% will apply.<\/li><li>Invosy shall pay the salary to the service user once the payment from the client has been received in Invosy\u2019s account or according to a separate agreement. The salary will be paid when all necessary information (receipts, travel claims, sufficient personal information, etc.) has been submitted to Invosy.<\/li><\/ol><p>The service user\u2019s salary is determined based on the VAT-excluded amount of the invoicing. Invosy\u2019s service fee, statutory employer costs, and the service user\u2019s personal withholding tax are deducted from the invoiced VAT-excluded amount.\n\nSalaries and reimbursements to be paid are agreed upon in accordance with the assignment and are one-time payments, including holiday pay.<\/p><p>In addition to the salary payment, an electronic payslip will be provided to the user. The user also has the right to request a payslip. Furthermore, it is stated that the service user does not need to make separate tax declarations for their salary or separate payments to others.<\/p><ol start=\"10\"><li>The user of the service is obliged to comply with occupational safety regulations.\n\nTax-free reimbursements and daily allowances related to work are reimbursed upon submission of proper receipts. Expenses may be reimbursed for business travel (excluding commuting between home and work), for the use of a personal vehicle, and for material costs related to the work.<\/li><\/ol><p>It is not possible for the service user to deduct the acquisition of fixed assets through Invosy, as the accounting ownership would otherwise transfer to Invosy. Such acquisitions must be deducted in the personal taxation of the service user.\n\nFurthermore, the user of the service is responsible for ensuring that the declared tax-free expenses and other costs are correct and not older than two months (receipts must be submitted in original form no later than when the payment is made). Invosy reserves the right to reject receipts.<\/p><ol start=\"11\"><li>The user of the service is obliged to agree on the work performed and the prices with their client. Invosy recommends entering into a separate contract or employment agreement, which at a minimum specifies the scope of the work.\n\nThe user must set their total invoicing price in such a way that the resulting gross salary does not fall below the income specified in the applicable industry employment agreement. The income must not be lower than the industry\u2019s minimum wage regulations, including the payment of tax-free expense reimbursements.\n\nInvosy reserves the right not to pay the order if there is reason to suspect a breach of the above rules.<\/li><li>Additionally:<\/li><\/ol><p>The user of the service must comply with applicable legislation in Sweden.<\/p><p>The user of the service must comply with occupational safety regulations and is obliged to familiarize themselves with the hazards and disadvantages of the upcoming work, as well as the associated safety measures, before starting the work.\n\nThe service user must ensure they have the correct and up-to-date protective equipment required to perform the work. The service user is also responsible for the proper use of this equipment.<\/p><p>For regulated professions, the service user must provide proof of their qualifications through appropriate documentation. If the performance of the work requires separate permits, the service user is responsible for ensuring that they have the appropriate and current permits to carry out the work.\n\nAssignments within regulated professions must be approved by Invosy in advance. If these conditions are violated, the service user is not entitled to compensation through Invosy Sverige AB\u2019s liability insurance.<\/p><p>The user of the service is personally responsible for ensuring that all information provided is accurate. This includes, among other things, the information submitted in the invoicing form and the declaration of tax-free reimbursements and other expenses.\n\nUnder no circumstances will Invosy guarantee the work performed by the entrepreneur, nor will it pay damages under the Product Liability Act (1992:18). For tax and accounting purposes, the entrepreneur is considered employed by Invosy. In other respects, such as labor law, the employer\u2019s legal status may differ. For unemployment benefits, the employer may be classified as a business owner. <strong>INVOSY <\/strong><\/p><ul><li>Invosy Sverige AB<\/li><li><span data-teams=\"true\">Cylinderv\u00e4gen 12<\/span><\/li><li><span data-teams=\"true\">131 26 Nacka Strand<\/span><\/li><li>Business ID: 559236-7311<\/li><\/ul><p><strong>Navigate <\/strong><\/p>\t\t\t\t\t\t\t\t<\/div>\n\t\t\t\t<\/div>\n\t\t\t\t\t<\/div>\n\t\t\t\t<\/div>\n\t\t\t\t<\/div>","protected":false},"excerpt":{"rendered":"<p>Egenanst\u00e4llda Tj\u00e4nsten Invosy.com tillhandah\u00e5lls av Invosy AB (organisationsnummer 559236-7311, IPadress: www.invosy.com). Med dessa villkor avses Invosy som \u201dvi\u201d, \u201doss\u201d eller ett registrerat hj\u00e4lpf\u00f6retagsnamn. Med anv\u00e4ndaren av tj\u00e4nsten avses en entrepren\u00f6r som sj\u00e4lvst\u00e4ndigt kommer \u00f6verens med sin uppdragsgivare om arbetsuppgifter och priss\u00e4ttning. Invosy ska i princip inte marknadsf\u00f6ra eller s\u00e4lja de tj\u00e4nster som tillhandah\u00e5lls till anv\u00e4ndare [&hellip;]<\/p>\n","protected":false},"author":1,"featured_media":0,"parent":0,"menu_order":0,"comment_status":"closed","ping_status":"closed","template":"","meta":{"_eb_attr":"","footnotes":""},"class_list":["post-10838","page","type-page","status-publish","hentry"],"yoast_head":"<!-- This site is optimized with the Yoast SEO plugin v27.5 - https:\/\/yoast.com\/product\/yoast-seo-wordpress\/ -->\n<title>Egenanst\u00e4llda - Fakturera utan eget f\u00f6retag | Invosy<\/title>\n<meta name=\"robots\" content=\"index, follow, max-snippet:-1, max-image-preview:large, max-video-preview:-1\" \/>\n<link rel=\"canonical\" href=\"https:\/\/invosy.com\/se\/eng\/egenanstallda\/\" \/>\n<meta property=\"og:locale\" content=\"en_GB\" \/>\n<meta property=\"og:type\" content=\"article\" \/>\n<meta property=\"og:title\" content=\"Egenanst\u00e4llda - Fakturera utan eget f\u00f6retag | Invosy\" \/>\n<meta property=\"og:description\" content=\"Egenanst\u00e4llda Tj\u00e4nsten Invosy.com tillhandah\u00e5lls av Invosy AB (organisationsnummer 559236-7311, IPadress: www.invosy.com). Med dessa villkor avses Invosy som \u201dvi\u201d, \u201doss\u201d eller ett registrerat hj\u00e4lpf\u00f6retagsnamn. Med anv\u00e4ndaren av tj\u00e4nsten avses en entrepren\u00f6r som sj\u00e4lvst\u00e4ndigt kommer \u00f6verens med sin uppdragsgivare om arbetsuppgifter och priss\u00e4ttning. Invosy ska i princip inte marknadsf\u00f6ra eller s\u00e4lja de tj\u00e4nster som tillhandah\u00e5lls till anv\u00e4ndare [&hellip;]\" \/>\n<meta property=\"og:url\" content=\"https:\/\/invosy.com\/se\/eng\/egenanstallda\/\" \/>\n<meta property=\"og:site_name\" content=\"Fakturera utan eget f\u00f6retag | Invosy\" \/>\n<meta property=\"article:publisher\" content=\"https:\/\/www.facebook.com\/invosy\/\" \/>\n<meta property=\"article:modified_time\" content=\"2026-03-02T11:54:21+00:00\" \/>\n<meta name=\"twitter:card\" content=\"summary_large_image\" \/>\n<meta name=\"twitter:label1\" content=\"Estimated reading time\" \/>\n\t<meta name=\"twitter:data1\" content=\"5 minutes\" \/>\n<script type=\"application\/ld+json\" class=\"yoast-schema-graph\">{\"@context\":\"https:\\\/\\\/schema.org\",\"@graph\":[{\"@type\":\"WebPage\",\"@id\":\"https:\\\/\\\/invosy.com\\\/se\\\/egenanstallda\\\/\",\"url\":\"https:\\\/\\\/invosy.com\\\/se\\\/egenanstallda\\\/\",\"name\":\"Egenanst\u00e4llda - Fakturera utan eget f\u00f6retag | Invosy\",\"isPartOf\":{\"@id\":\"https:\\\/\\\/invosy.com\\\/se\\\/#website\"},\"datePublished\":\"2026-03-02T09:08:35+00:00\",\"dateModified\":\"2026-03-02T11:54:21+00:00\",\"breadcrumb\":{\"@id\":\"https:\\\/\\\/invosy.com\\\/se\\\/egenanstallda\\\/#breadcrumb\"},\"inLanguage\":\"en-GB\",\"potentialAction\":[{\"@type\":\"ReadAction\",\"target\":[\"https:\\\/\\\/invosy.com\\\/se\\\/egenanstallda\\\/\"]}]},{\"@type\":\"BreadcrumbList\",\"@id\":\"https:\\\/\\\/invosy.com\\\/se\\\/egenanstallda\\\/#breadcrumb\",\"itemListElement\":[{\"@type\":\"ListItem\",\"position\":1,\"name\":\"Home\",\"item\":\"https:\\\/\\\/invosy.com\\\/se\\\/\"},{\"@type\":\"ListItem\",\"position\":2,\"name\":\"Egenanst\u00e4llda\"}]},{\"@type\":\"WebSite\",\"@id\":\"https:\\\/\\\/invosy.com\\\/se\\\/#website\",\"url\":\"https:\\\/\\\/invosy.com\\\/se\\\/\",\"name\":\"Fakturera utan eget f\u00f6retag | Invosy\",\"description\":\"Det smarta alternativet\",\"publisher\":{\"@id\":\"https:\\\/\\\/invosy.com\\\/se\\\/#organization\"},\"potentialAction\":[{\"@type\":\"SearchAction\",\"target\":{\"@type\":\"EntryPoint\",\"urlTemplate\":\"https:\\\/\\\/invosy.com\\\/se\\\/?s={search_term_string}\"},\"query-input\":{\"@type\":\"PropertyValueSpecification\",\"valueRequired\":true,\"valueName\":\"search_term_string\"}}],\"inLanguage\":\"en-GB\"},{\"@type\":\"Organization\",\"@id\":\"https:\\\/\\\/invosy.com\\\/se\\\/#organization\",\"name\":\"Invosy\",\"url\":\"https:\\\/\\\/invosy.com\\\/se\\\/\",\"logo\":{\"@type\":\"ImageObject\",\"inLanguage\":\"en-GB\",\"@id\":\"https:\\\/\\\/invosy.com\\\/se\\\/#\\\/schema\\\/logo\\\/image\\\/\",\"url\":\"https:\\\/\\\/invosy.com\\\/se\\\/wp-content\\\/uploads\\\/2022\\\/09\\\/Invosy_Logotype-orig.png\",\"contentUrl\":\"https:\\\/\\\/invosy.com\\\/se\\\/wp-content\\\/uploads\\\/2022\\\/09\\\/Invosy_Logotype-orig.png\",\"width\":1000,\"height\":289,\"caption\":\"Invosy\"},\"image\":{\"@id\":\"https:\\\/\\\/invosy.com\\\/se\\\/#\\\/schema\\\/logo\\\/image\\\/\"},\"sameAs\":[\"https:\\\/\\\/www.facebook.com\\\/invosy\\\/\",\"https:\\\/\\\/www.instagram.com\\\/invosy\\\/\"]}]}<\/script>\n<!-- \/ Yoast SEO plugin. -->","yoast_head_json":{"title":"Egenanst\u00e4llda - Fakturera utan eget f\u00f6retag | Invosy","robots":{"index":"index","follow":"follow","max-snippet":"max-snippet:-1","max-image-preview":"max-image-preview:large","max-video-preview":"max-video-preview:-1"},"canonical":"https:\/\/invosy.com\/se\/eng\/egenanstallda\/","og_locale":"en_GB","og_type":"article","og_title":"Egenanst\u00e4llda - Fakturera utan eget f\u00f6retag | Invosy","og_description":"Egenanst\u00e4llda Tj\u00e4nsten Invosy.com tillhandah\u00e5lls av Invosy AB (organisationsnummer 559236-7311, IPadress: www.invosy.com). Med dessa villkor avses Invosy som \u201dvi\u201d, \u201doss\u201d eller ett registrerat hj\u00e4lpf\u00f6retagsnamn. Med anv\u00e4ndaren av tj\u00e4nsten avses en entrepren\u00f6r som sj\u00e4lvst\u00e4ndigt kommer \u00f6verens med sin uppdragsgivare om arbetsuppgifter och priss\u00e4ttning. Invosy ska i princip inte marknadsf\u00f6ra eller s\u00e4lja de tj\u00e4nster som tillhandah\u00e5lls till anv\u00e4ndare [&hellip;]","og_url":"https:\/\/invosy.com\/se\/eng\/egenanstallda\/","og_site_name":"Fakturera utan eget f\u00f6retag | Invosy","article_publisher":"https:\/\/www.facebook.com\/invosy\/","article_modified_time":"2026-03-02T11:54:21+00:00","twitter_card":"summary_large_image","twitter_misc":{"Estimated reading time":"5 minutes"},"schema":{"@context":"https:\/\/schema.org","@graph":[{"@type":"WebPage","@id":"https:\/\/invosy.com\/se\/egenanstallda\/","url":"https:\/\/invosy.com\/se\/egenanstallda\/","name":"Egenanst\u00e4llda - Fakturera utan eget f\u00f6retag | Invosy","isPartOf":{"@id":"https:\/\/invosy.com\/se\/#website"},"datePublished":"2026-03-02T09:08:35+00:00","dateModified":"2026-03-02T11:54:21+00:00","breadcrumb":{"@id":"https:\/\/invosy.com\/se\/egenanstallda\/#breadcrumb"},"inLanguage":"en-GB","potentialAction":[{"@type":"ReadAction","target":["https:\/\/invosy.com\/se\/egenanstallda\/"]}]},{"@type":"BreadcrumbList","@id":"https:\/\/invosy.com\/se\/egenanstallda\/#breadcrumb","itemListElement":[{"@type":"ListItem","position":1,"name":"Home","item":"https:\/\/invosy.com\/se\/"},{"@type":"ListItem","position":2,"name":"Egenanst\u00e4llda"}]},{"@type":"WebSite","@id":"https:\/\/invosy.com\/se\/#website","url":"https:\/\/invosy.com\/se\/","name":"Fakturera utan eget f\u00f6retag | Invosy","description":"Det smarta alternativet","publisher":{"@id":"https:\/\/invosy.com\/se\/#organization"},"potentialAction":[{"@type":"SearchAction","target":{"@type":"EntryPoint","urlTemplate":"https:\/\/invosy.com\/se\/?s={search_term_string}"},"query-input":{"@type":"PropertyValueSpecification","valueRequired":true,"valueName":"search_term_string"}}],"inLanguage":"en-GB"},{"@type":"Organization","@id":"https:\/\/invosy.com\/se\/#organization","name":"Invosy","url":"https:\/\/invosy.com\/se\/","logo":{"@type":"ImageObject","inLanguage":"en-GB","@id":"https:\/\/invosy.com\/se\/#\/schema\/logo\/image\/","url":"https:\/\/invosy.com\/se\/wp-content\/uploads\/2022\/09\/Invosy_Logotype-orig.png","contentUrl":"https:\/\/invosy.com\/se\/wp-content\/uploads\/2022\/09\/Invosy_Logotype-orig.png","width":1000,"height":289,"caption":"Invosy"},"image":{"@id":"https:\/\/invosy.com\/se\/#\/schema\/logo\/image\/"},"sameAs":["https:\/\/www.facebook.com\/invosy\/","https:\/\/www.instagram.com\/invosy\/"]}]}},"_links":{"self":[{"href":"https:\/\/invosy.com\/se\/eng\/wp-json\/wp\/v2\/pages\/10838","targetHints":{"allow":["GET"]}}],"collection":[{"href":"https:\/\/invosy.com\/se\/eng\/wp-json\/wp\/v2\/pages"}],"about":[{"href":"https:\/\/invosy.com\/se\/eng\/wp-json\/wp\/v2\/types\/page"}],"author":[{"embeddable":true,"href":"https:\/\/invosy.com\/se\/eng\/wp-json\/wp\/v2\/users\/1"}],"replies":[{"embeddable":true,"href":"https:\/\/invosy.com\/se\/eng\/wp-json\/wp\/v2\/comments?post=10838"}],"version-history":[{"count":13,"href":"https:\/\/invosy.com\/se\/eng\/wp-json\/wp\/v2\/pages\/10838\/revisions"}],"predecessor-version":[{"id":10854,"href":"https:\/\/invosy.com\/se\/eng\/wp-json\/wp\/v2\/pages\/10838\/revisions\/10854"}],"wp:attachment":[{"href":"https:\/\/invosy.com\/se\/eng\/wp-json\/wp\/v2\/media?parent=10838"}],"curies":[{"name":"wp","href":"https:\/\/api.w.org\/{rel}","templated":true}]}}