{"id":9152,"date":"2025-04-30T07:37:54","date_gmt":"2025-04-30T05:37:54","guid":{"rendered":"https:\/\/invosy.com\/se\/?page_id=9152"},"modified":"2025-12-18T12:29:11","modified_gmt":"2025-12-18T10:29:11","slug":"kontakta-oss","status":"publish","type":"page","link":"https:\/\/invosy.com\/se\/eng\/kontakta-oss\/","title":{"rendered":"Contact us"},"content":{"rendered":"\t\t<div data-elementor-type=\"wp-page\" data-elementor-id=\"9152\" class=\"elementor elementor-9152\" data-elementor-post-type=\"page\">\n\t\t\t\t\t\t<section class=\"elementor-section elementor-top-section elementor-element elementor-element-2af43f1e elementor-section-boxed elementor-section-height-default elementor-section-height-default\" data-id=\"2af43f1e\" data-element_type=\"section\" data-e-type=\"section\" data-settings=\"{&quot;background_background&quot;:&quot;classic&quot;}\">\n\t\t\t\t\t\t<div class=\"elementor-container elementor-column-gap-default\">\n\t\t\t\t\t<div class=\"elementor-column elementor-col-100 elementor-top-column elementor-element elementor-element-373a5127\" data-id=\"373a5127\" data-element_type=\"column\" data-e-type=\"column\">\n\t\t\t<div class=\"elementor-widget-wrap elementor-element-populated\">\n\t\t\t\t\t\t<section class=\"elementor-section elementor-inner-section elementor-element elementor-element-738ddeab elementor-section-boxed elementor-section-height-default elementor-section-height-default\" data-id=\"738ddeab\" data-element_type=\"section\" data-e-type=\"section\">\n\t\t\t\t\t\t<div class=\"elementor-container elementor-column-gap-default\">\n\t\t\t\t\t<div class=\"elementor-column elementor-col-50 elementor-inner-column elementor-element elementor-element-70eecdf6\" data-id=\"70eecdf6\" data-element_type=\"column\" data-e-type=\"column\">\n\t\t\t<div class=\"elementor-widget-wrap elementor-element-populated\">\n\t\t\t\t\t\t<div class=\"elementor-element elementor-element-216f9726 elementor-absolute elementor-widget elementor-widget-heading\" data-id=\"216f9726\" data-element_type=\"widget\" data-e-type=\"widget\" data-settings=\"{&quot;_position&quot;:&quot;absolute&quot;}\" data-widget_type=\"heading.default\">\n\t\t\t\t<div class=\"elementor-widget-container\">\n\t\t\t\t\t<h2 class=\"elementor-heading-title elementor-size-default\">Kundtj\u00e4nst och support<\/h2>\t\t\t\t<\/div>\n\t\t\t\t<\/div>\n\t\t\t\t\t<\/div>\n\t\t<\/div>\n\t\t\t\t<div class=\"elementor-column elementor-col-50 elementor-inner-column elementor-element elementor-element-1e5c3f88\" data-id=\"1e5c3f88\" data-element_type=\"column\" data-e-type=\"column\">\n\t\t\t<div class=\"elementor-widget-wrap elementor-element-populated\">\n\t\t\t\t\t\t<div class=\"elementor-element elementor-element-789b8f40 animated-slow elementor-invisible elementor-widget elementor-widget-image\" data-id=\"789b8f40\" data-element_type=\"widget\" data-e-type=\"widget\" data-settings=\"{&quot;_animation&quot;:&quot;fadeIn&quot;}\" data-widget_type=\"image.default\">\n\t\t\t\t<div class=\"elementor-widget-container\">\n\t\t\t\t\t\t\t\t\t\t\t\t\t\t\t<img fetchpriority=\"high\" decoding=\"async\" width=\"800\" height=\"800\" src=\"https:\/\/invosy.com\/se\/wp-content\/uploads\/2025\/04\/Markkinoiden-halvin-17-1024x1024.png\" class=\"attachment-large size-large wp-image-9119\" alt=\"Leende kvinna illustrerar Invosy Sveriges 1,9 % serviceavgift f\u00f6r fakturering utan f\u00f6retag och bra kundtj\u00e4nst.\" srcset=\"https:\/\/invosy.com\/se\/wp-content\/uploads\/2025\/04\/Markkinoiden-halvin-17-1024x1024.png 1024w, https:\/\/invosy.com\/se\/wp-content\/uploads\/2025\/04\/Markkinoiden-halvin-17-300x300.png 300w, https:\/\/invosy.com\/se\/wp-content\/uploads\/2025\/04\/Markkinoiden-halvin-17-150x150.png 150w, https:\/\/invosy.com\/se\/wp-content\/uploads\/2025\/04\/Markkinoiden-halvin-17-768x768.png 768w, https:\/\/invosy.com\/se\/wp-content\/uploads\/2025\/04\/Markkinoiden-halvin-17-12x12.png 12w, https:\/\/invosy.com\/se\/wp-content\/uploads\/2025\/04\/Markkinoiden-halvin-17.png 1080w\" sizes=\"(max-width: 800px) 100vw, 800px\" \/>\t\t\t\t\t\t\t\t\t\t\t\t\t\t\t<\/div>\n\t\t\t\t<\/div>\n\t\t\t\t\t<\/div>\n\t\t<\/div>\n\t\t\t\t\t<\/div>\n\t\t<\/section>\n\t\t\t\t\t<\/div>\n\t\t<\/div>\n\t\t\t\t\t<\/div>\n\t\t<\/section>\n\t\t\t\t<section class=\"elementor-section elementor-top-section elementor-element elementor-element-4a5a3512 elementor-section-boxed elementor-section-height-default elementor-section-height-default\" data-id=\"4a5a3512\" data-element_type=\"section\" data-e-type=\"section\" data-settings=\"{&quot;background_background&quot;:&quot;classic&quot;}\">\n\t\t\t\t\t\t<div class=\"elementor-container elementor-column-gap-default\">\n\t\t\t\t\t<div class=\"elementor-column elementor-col-100 elementor-top-column elementor-element elementor-element-13a1da5b\" data-id=\"13a1da5b\" data-element_type=\"column\" data-e-type=\"column\">\n\t\t\t<div class=\"elementor-widget-wrap elementor-element-populated\">\n\t\t\t\t\t\t<section class=\"elementor-section elementor-inner-section elementor-element elementor-element-7378c0bc elementor-section-boxed elementor-section-height-default elementor-section-height-default\" data-id=\"7378c0bc\" data-element_type=\"section\" data-e-type=\"section\">\n\t\t\t\t\t\t<div class=\"elementor-container elementor-column-gap-default\">\n\t\t\t\t\t<div class=\"elementor-column elementor-col-50 elementor-inner-column elementor-element elementor-element-76a038b8\" data-id=\"76a038b8\" data-element_type=\"column\" data-e-type=\"column\">\n\t\t\t<div class=\"elementor-widget-wrap elementor-element-populated\">\n\t\t\t\t\t\t<div class=\"elementor-element elementor-element-52dd3b21 elementor-widget elementor-widget-heading\" data-id=\"52dd3b21\" data-element_type=\"widget\" data-e-type=\"widget\" data-widget_type=\"heading.default\">\n\t\t\t\t<div class=\"elementor-widget-container\">\n\t\t\t\t\t<h2 class=\"elementor-heading-title elementor-size-default\">Kundtj\u00e4nst<\/h2>\t\t\t\t<\/div>\n\t\t\t\t<\/div>\n\t\t\t\t<div class=\"elementor-element elementor-element-22d43f69 elementor-widget elementor-widget-spacer\" data-id=\"22d43f69\" data-element_type=\"widget\" data-e-type=\"widget\" data-widget_type=\"spacer.default\">\n\t\t\t\t<div class=\"elementor-widget-container\">\n\t\t\t\t\t\t\t<div class=\"elementor-spacer\">\n\t\t\t<div class=\"elementor-spacer-inner\"><\/div>\n\t\t<\/div>\n\t\t\t\t\t\t<\/div>\n\t\t\t\t<\/div>\n\t\t\t\t<div class=\"elementor-element elementor-element-7ac8f1ee elementor-widget elementor-widget-text-editor\" data-id=\"7ac8f1ee\" data-element_type=\"widget\" data-e-type=\"widget\" data-widget_type=\"text-editor.default\">\n\t\t\t\t<div class=\"elementor-widget-container\">\n\t\t\t\t\t\t\t\t\t<p><strong>Telefon.<\/strong> 010-251 50 60<\/p><p><strong>E-post: <a style=\"color: #ff6b00;\" href=\"mailto:asiakaspalvelu@invosy.com\">kundtjanst@invosy.com<\/a><br \/><\/strong><\/p><p data-renderer-start-pos=\"99\">V\u00e5ra telefontider \u00e4r:<\/p><p data-renderer-start-pos=\"99\">Vardagar: 9:00 &#8211; 16:00<br \/><span style=\"font-size: .68em;\">(lunchst\u00e4ngt 12:00 &#8211; 13:00)<\/span><\/p><p data-renderer-start-pos=\"99\">Midsommar-, jul- och Ny\u00e5rsafton: 10:00-12:00<\/p><p><b>Adress<\/b><\/p><p>Invosy Sverige AB<\/p><p>Cylinderv\u00e4gen 12 7tr<br aria-hidden=\"true\" \/>131 52 Nacka Strand.<\/p><p><b>Org.nr:<\/b><\/p><p>559236-7311<\/p>\t\t\t\t\t\t\t\t<\/div>\n\t\t\t\t<\/div>\n\t\t\t\t\t<\/div>\n\t\t<\/div>\n\t\t\t\t<div class=\"elementor-column elementor-col-50 elementor-inner-column elementor-element elementor-element-6c0c7a06\" data-id=\"6c0c7a06\" data-element_type=\"column\" data-e-type=\"column\">\n\t\t\t<div class=\"elementor-widget-wrap elementor-element-populated\">\n\t\t\t\t\t\t<div class=\"elementor-element elementor-element-3b9e88c elementor-widget elementor-widget-heading\" data-id=\"3b9e88c\" data-element_type=\"widget\" data-e-type=\"widget\" data-widget_type=\"heading.default\">\n\t\t\t\t<div class=\"elementor-widget-container\">\n\t\t\t\t\t<h2 class=\"elementor-heading-title elementor-size-default\">Kontakta oss<\/h2>\t\t\t\t<\/div>\n\t\t\t\t<\/div>\n\t\t\t\t<div class=\"elementor-element elementor-element-6d271aa9 elementor-widget elementor-widget-shortcode\" data-id=\"6d271aa9\" data-element_type=\"widget\" data-e-type=\"widget\" data-widget_type=\"shortcode.default\">\n\t\t\t\t<div class=\"elementor-widget-container\">\n\t\t\t\t\t\t\t<div class=\"elementor-shortcode\"><div class=\"wpforms-container wpforms-container-full\" id=\"wpforms-8097\"><form id=\"wpforms-form-8097\" class=\"wpforms-validate wpforms-form wpforms-ajax-form\" data-formid=\"8097\" method=\"post\" enctype=\"multipart\/form-data\" action=\"\/se\/eng\/wp-json\/wp\/v2\/pages\/9152\" data-token=\"4935205e8297397393e0f897d87b8376\" data-token-time=\"1778082682\"><noscript class=\"wpforms-error-noscript\">Please enable JavaScript in your browser to complete this form.<\/noscript><div class=\"wpforms-field-container\"><div id=\"wpforms-8097-field_1-container\" class=\"wpforms-field wpforms-field-text\" data-field-id=\"1\"><label class=\"wpforms-field-label wpforms-label-hide\" for=\"wpforms-8097-field_1\">Namn  <span class=\"wpforms-required-label\">*<\/span><\/label><input type=\"text\" id=\"wpforms-8097-field_1\" class=\"wpforms-field-large wpforms-field-required\" name=\"wpforms[fields][1]\" placeholder=\"Namn *\" required><\/div><div id=\"wpforms-8097-field_2-container\" class=\"wpforms-field wpforms-field-email\" data-field-id=\"2\"><label class=\"wpforms-field-label wpforms-label-hide\" for=\"wpforms-8097-field_2\">E-post  <span class=\"wpforms-required-label\">*<\/span><\/label><input type=\"email\" id=\"wpforms-8097-field_2\" class=\"wpforms-field-large wpforms-field-required\" name=\"wpforms[fields][2]\" placeholder=\"E-post *\" spellcheck=\"false\" required><\/div><div id=\"wpforms-8097-field_3-container\" class=\"wpforms-field wpforms-field-textarea\" data-field-id=\"3\"><label class=\"wpforms-field-label wpforms-label-hide\" for=\"wpforms-8097-field_3\">Meddelande <span class=\"wpforms-required-label\">*<\/span><\/label><textarea id=\"wpforms-8097-field_3\" class=\"wpforms-field-large wpforms-field-required\" name=\"wpforms[fields][3]\" placeholder=\"Meddelande *\" required><\/textarea><\/div><div id=\"wpforms-8097-field_5-container\" class=\"wpforms-field wpforms-field-checkbox\" data-field-id=\"5\"><ul id=\"wpforms-8097-field_5\" class=\"wpforms-field-required\"><li class=\"choice-1 depth-1\"><input type=\"checkbox\" id=\"wpforms-8097-field_5_1\" name=\"wpforms[fields][5][]\" value=\"Jag \u00e4r ingen robot *\" required ><label class=\"wpforms-field-label-inline\" for=\"wpforms-8097-field_5_1\">Jag \u00e4r ingen robot *<\/label><\/li><\/ul><\/div><\/div><!-- .wpforms-field-container --><div class=\"wpforms-submit-container\" ><input type=\"hidden\" name=\"wpforms[id]\" value=\"8097\"><input type=\"hidden\" name=\"page_title\" value=\"\"><input type=\"hidden\" name=\"page_url\" value=\"https:\/\/invosy.com\/se\/eng\/wp-json\/wp\/v2\/pages\/9152\"><input type=\"hidden\" name=\"url_referer\" value=\"\"><button type=\"submit\" name=\"wpforms[submit]\" id=\"wpforms-submit-8097\" class=\"wpforms-submit\" data-alt-text=\"...\" data-submit-text=\"Skicka\" aria-live=\"assertive\" value=\"wpforms-submit\">Skicka<\/button><img decoding=\"async\" src=\"https:\/\/invosy.com\/se\/wp-content\/plugins\/wpforms-lite\/assets\/images\/submit-spin.svg\" class=\"wpforms-submit-spinner\" style=\"display: none;\" width=\"26\" height=\"26\" alt=\"Loading\"><\/div><\/form><\/div>  <!-- .wpforms-container --><\/div>\n\t\t\t\t\t\t<\/div>\n\t\t\t\t<\/div>\n\t\t\t\t\t<\/div>\n\t\t<\/div>\n\t\t\t\t\t<\/div>\n\t\t<\/section>\n\t\t\t\t\t<\/div>\n\t\t<\/div>\n\t\t\t\t\t<\/div>\n\t\t<\/section>\n\t\t\t\t<\/div>\n\t\t","protected":false},"excerpt":{"rendered":"<p>Kundtj\u00e4nst och support Kundtj\u00e4nst Telefon. 010-251 50 60 E-post: kundtjanst@invosy.com V\u00e5ra telefontider \u00e4r: Vardagar: 9:00 &#8211; 16:00(lunchst\u00e4ngt 12:00 &#8211; 13:00) Midsommar-, jul- och Ny\u00e5rsafton: 10:00-12:00 Adress Invosy Sverige AB Cylinderv\u00e4gen 12 7tr131 52 Nacka Strand. Org.nr: 559236-7311 Kontakta oss<\/p>","protected":false},"author":1,"featured_media":0,"parent":0,"menu_order":0,"comment_status":"closed","ping_status":"closed","template":"","meta":{"_eb_attr":"","footnotes":""},"class_list":["post-9152","page","type-page","status-publish","hentry"],"yoast_head":"<!-- This site is optimized with the Yoast SEO plugin v27.5 - https:\/\/yoast.com\/product\/yoast-seo-wordpress\/ -->\n<title>Kontakta oss - Fakturera utan eget f\u00f6retag \u2502Invosy<\/title>\n<meta name=\"description\" content=\"Invosy g\u00f6r det enkelt att fakturera utan f\u00f6retag. Kontakta oss f\u00f6r support, fr\u00e5gor och personlig hj\u00e4lp med bara 1,9% serviceavgift.\" \/>\n<meta name=\"robots\" content=\"index, follow, max-snippet:-1, max-image-preview:large, max-video-preview:-1\" \/>\n<link rel=\"canonical\" href=\"https:\/\/invosy.com\/se\/eng\/kontakta-oss\/\" \/>\n<meta property=\"og:locale\" content=\"en_GB\" \/>\n<meta property=\"og:type\" content=\"article\" \/>\n<meta property=\"og:title\" content=\"Kontakta oss - Fakturera utan eget f\u00f6retag \u2502Invosy\" \/>\n<meta property=\"og:description\" content=\"Invosy g\u00f6r det enkelt att fakturera utan f\u00f6retag. Kontakta oss f\u00f6r support, fr\u00e5gor och personlig hj\u00e4lp med bara 1,9% serviceavgift.\" \/>\n<meta property=\"og:url\" content=\"https:\/\/invosy.com\/se\/eng\/kontakta-oss\/\" \/>\n<meta property=\"og:site_name\" content=\"Fakturera utan eget f\u00f6retag | Invosy\" \/>\n<meta property=\"article:publisher\" content=\"https:\/\/www.facebook.com\/invosy\/\" \/>\n<meta property=\"article:modified_time\" content=\"2025-12-18T10:29:11+00:00\" \/>\n<meta property=\"og:image\" content=\"https:\/\/invosy.com\/se\/wp-content\/uploads\/2025\/04\/Markkinoiden-halvin-17.png\" \/>\n\t<meta property=\"og:image:width\" content=\"1080\" \/>\n\t<meta property=\"og:image:height\" content=\"1080\" \/>\n\t<meta property=\"og:image:type\" content=\"image\/png\" \/>\n<meta name=\"twitter:card\" content=\"summary_large_image\" \/>\n<meta name=\"twitter:label1\" content=\"Estimated reading time\" \/>\n\t<meta name=\"twitter:data1\" content=\"1 minute\" \/>\n<script type=\"application\/ld+json\" class=\"yoast-schema-graph\">{\"@context\":\"https:\\\/\\\/schema.org\",\"@graph\":[{\"@type\":\"WebPage\",\"@id\":\"https:\\\/\\\/invosy.com\\\/se\\\/kontakta-oss\\\/\",\"url\":\"https:\\\/\\\/invosy.com\\\/se\\\/kontakta-oss\\\/\",\"name\":\"Kontakta oss - Fakturera utan eget f\u00f6retag \u2502Invosy\",\"isPartOf\":{\"@id\":\"https:\\\/\\\/invosy.com\\\/se\\\/#website\"},\"primaryImageOfPage\":{\"@id\":\"https:\\\/\\\/invosy.com\\\/se\\\/kontakta-oss\\\/#primaryimage\"},\"image\":{\"@id\":\"https:\\\/\\\/invosy.com\\\/se\\\/kontakta-oss\\\/#primaryimage\"},\"thumbnailUrl\":\"https:\\\/\\\/invosy.com\\\/se\\\/wp-content\\\/uploads\\\/2025\\\/04\\\/Markkinoiden-halvin-17-1024x1024.png\",\"datePublished\":\"2025-04-30T05:37:54+00:00\",\"dateModified\":\"2025-12-18T10:29:11+00:00\",\"description\":\"Invosy g\u00f6r det enkelt att fakturera utan f\u00f6retag. Kontakta oss f\u00f6r support, fr\u00e5gor och personlig hj\u00e4lp med bara 1,9% serviceavgift.\",\"breadcrumb\":{\"@id\":\"https:\\\/\\\/invosy.com\\\/se\\\/kontakta-oss\\\/#breadcrumb\"},\"inLanguage\":\"en-GB\",\"potentialAction\":[{\"@type\":\"ReadAction\",\"target\":[\"https:\\\/\\\/invosy.com\\\/se\\\/kontakta-oss\\\/\"]}]},{\"@type\":\"ImageObject\",\"inLanguage\":\"en-GB\",\"@id\":\"https:\\\/\\\/invosy.com\\\/se\\\/kontakta-oss\\\/#primaryimage\",\"url\":\"https:\\\/\\\/invosy.com\\\/se\\\/wp-content\\\/uploads\\\/2025\\\/04\\\/Markkinoiden-halvin-17-1024x1024.png\",\"contentUrl\":\"https:\\\/\\\/invosy.com\\\/se\\\/wp-content\\\/uploads\\\/2025\\\/04\\\/Markkinoiden-halvin-17-1024x1024.png\"},{\"@type\":\"BreadcrumbList\",\"@id\":\"https:\\\/\\\/invosy.com\\\/se\\\/kontakta-oss\\\/#breadcrumb\",\"itemListElement\":[{\"@type\":\"ListItem\",\"position\":1,\"name\":\"Home\",\"item\":\"https:\\\/\\\/invosy.com\\\/se\\\/\"},{\"@type\":\"ListItem\",\"position\":2,\"name\":\"Kontakta oss\"}]},{\"@type\":\"WebSite\",\"@id\":\"https:\\\/\\\/invosy.com\\\/se\\\/#website\",\"url\":\"https:\\\/\\\/invosy.com\\\/se\\\/\",\"name\":\"Fakturera utan eget f\u00f6retag | Invosy\",\"description\":\"Det smarta alternativet\",\"publisher\":{\"@id\":\"https:\\\/\\\/invosy.com\\\/se\\\/#organization\"},\"potentialAction\":[{\"@type\":\"SearchAction\",\"target\":{\"@type\":\"EntryPoint\",\"urlTemplate\":\"https:\\\/\\\/invosy.com\\\/se\\\/?s={search_term_string}\"},\"query-input\":{\"@type\":\"PropertyValueSpecification\",\"valueRequired\":true,\"valueName\":\"search_term_string\"}}],\"inLanguage\":\"en-GB\"},{\"@type\":\"Organization\",\"@id\":\"https:\\\/\\\/invosy.com\\\/se\\\/#organization\",\"name\":\"Invosy\",\"url\":\"https:\\\/\\\/invosy.com\\\/se\\\/\",\"logo\":{\"@type\":\"ImageObject\",\"inLanguage\":\"en-GB\",\"@id\":\"https:\\\/\\\/invosy.com\\\/se\\\/#\\\/schema\\\/logo\\\/image\\\/\",\"url\":\"https:\\\/\\\/invosy.com\\\/se\\\/wp-content\\\/uploads\\\/2022\\\/09\\\/Invosy_Logotype-orig.png\",\"contentUrl\":\"https:\\\/\\\/invosy.com\\\/se\\\/wp-content\\\/uploads\\\/2022\\\/09\\\/Invosy_Logotype-orig.png\",\"width\":1000,\"height\":289,\"caption\":\"Invosy\"},\"image\":{\"@id\":\"https:\\\/\\\/invosy.com\\\/se\\\/#\\\/schema\\\/logo\\\/image\\\/\"},\"sameAs\":[\"https:\\\/\\\/www.facebook.com\\\/invosy\\\/\",\"https:\\\/\\\/www.instagram.com\\\/invosy\\\/\"]}]}<\/script>\n<!-- \/ Yoast SEO plugin. -->","yoast_head_json":{"title":"Kontakta oss - Fakturera utan eget f\u00f6retag \u2502Invosy","description":"Invosy g\u00f6r det enkelt att fakturera utan f\u00f6retag. Kontakta oss f\u00f6r support, fr\u00e5gor och personlig hj\u00e4lp med bara 1,9% serviceavgift.","robots":{"index":"index","follow":"follow","max-snippet":"max-snippet:-1","max-image-preview":"max-image-preview:large","max-video-preview":"max-video-preview:-1"},"canonical":"https:\/\/invosy.com\/se\/eng\/kontakta-oss\/","og_locale":"en_GB","og_type":"article","og_title":"Kontakta oss - Fakturera utan eget f\u00f6retag \u2502Invosy","og_description":"Invosy g\u00f6r det enkelt att fakturera utan f\u00f6retag. Kontakta oss f\u00f6r support, fr\u00e5gor och personlig hj\u00e4lp med bara 1,9% serviceavgift.","og_url":"https:\/\/invosy.com\/se\/eng\/kontakta-oss\/","og_site_name":"Fakturera utan eget f\u00f6retag | Invosy","article_publisher":"https:\/\/www.facebook.com\/invosy\/","article_modified_time":"2025-12-18T10:29:11+00:00","og_image":[{"width":1080,"height":1080,"url":"https:\/\/invosy.com\/se\/wp-content\/uploads\/2025\/04\/Markkinoiden-halvin-17.png","type":"image\/png"}],"twitter_card":"summary_large_image","twitter_misc":{"Estimated reading time":"1 minute"},"schema":{"@context":"https:\/\/schema.org","@graph":[{"@type":"WebPage","@id":"https:\/\/invosy.com\/se\/kontakta-oss\/","url":"https:\/\/invosy.com\/se\/kontakta-oss\/","name":"Kontakta oss - Fakturera utan eget f\u00f6retag \u2502Invosy","isPartOf":{"@id":"https:\/\/invosy.com\/se\/#website"},"primaryImageOfPage":{"@id":"https:\/\/invosy.com\/se\/kontakta-oss\/#primaryimage"},"image":{"@id":"https:\/\/invosy.com\/se\/kontakta-oss\/#primaryimage"},"thumbnailUrl":"https:\/\/invosy.com\/se\/wp-content\/uploads\/2025\/04\/Markkinoiden-halvin-17-1024x1024.png","datePublished":"2025-04-30T05:37:54+00:00","dateModified":"2025-12-18T10:29:11+00:00","description":"Invosy g\u00f6r det enkelt att fakturera utan f\u00f6retag. Kontakta oss f\u00f6r support, fr\u00e5gor och personlig hj\u00e4lp med bara 1,9% serviceavgift.","breadcrumb":{"@id":"https:\/\/invosy.com\/se\/kontakta-oss\/#breadcrumb"},"inLanguage":"en-GB","potentialAction":[{"@type":"ReadAction","target":["https:\/\/invosy.com\/se\/kontakta-oss\/"]}]},{"@type":"ImageObject","inLanguage":"en-GB","@id":"https:\/\/invosy.com\/se\/kontakta-oss\/#primaryimage","url":"https:\/\/invosy.com\/se\/wp-content\/uploads\/2025\/04\/Markkinoiden-halvin-17-1024x1024.png","contentUrl":"https:\/\/invosy.com\/se\/wp-content\/uploads\/2025\/04\/Markkinoiden-halvin-17-1024x1024.png"},{"@type":"BreadcrumbList","@id":"https:\/\/invosy.com\/se\/kontakta-oss\/#breadcrumb","itemListElement":[{"@type":"ListItem","position":1,"name":"Home","item":"https:\/\/invosy.com\/se\/"},{"@type":"ListItem","position":2,"name":"Kontakta oss"}]},{"@type":"WebSite","@id":"https:\/\/invosy.com\/se\/#website","url":"https:\/\/invosy.com\/se\/","name":"Fakturera utan eget f\u00f6retag | Invosy","description":"Det smarta alternativet","publisher":{"@id":"https:\/\/invosy.com\/se\/#organization"},"potentialAction":[{"@type":"SearchAction","target":{"@type":"EntryPoint","urlTemplate":"https:\/\/invosy.com\/se\/?s={search_term_string}"},"query-input":{"@type":"PropertyValueSpecification","valueRequired":true,"valueName":"search_term_string"}}],"inLanguage":"en-GB"},{"@type":"Organization","@id":"https:\/\/invosy.com\/se\/#organization","name":"Invosy","url":"https:\/\/invosy.com\/se\/","logo":{"@type":"ImageObject","inLanguage":"en-GB","@id":"https:\/\/invosy.com\/se\/#\/schema\/logo\/image\/","url":"https:\/\/invosy.com\/se\/wp-content\/uploads\/2022\/09\/Invosy_Logotype-orig.png","contentUrl":"https:\/\/invosy.com\/se\/wp-content\/uploads\/2022\/09\/Invosy_Logotype-orig.png","width":1000,"height":289,"caption":"Invosy"},"image":{"@id":"https:\/\/invosy.com\/se\/#\/schema\/logo\/image\/"},"sameAs":["https:\/\/www.facebook.com\/invosy\/","https:\/\/www.instagram.com\/invosy\/"]}]}},"_links":{"self":[{"href":"https:\/\/invosy.com\/se\/eng\/wp-json\/wp\/v2\/pages\/9152","targetHints":{"allow":["GET"]}}],"collection":[{"href":"https:\/\/invosy.com\/se\/eng\/wp-json\/wp\/v2\/pages"}],"about":[{"href":"https:\/\/invosy.com\/se\/eng\/wp-json\/wp\/v2\/types\/page"}],"author":[{"embeddable":true,"href":"https:\/\/invosy.com\/se\/eng\/wp-json\/wp\/v2\/users\/1"}],"replies":[{"embeddable":true,"href":"https:\/\/invosy.com\/se\/eng\/wp-json\/wp\/v2\/comments?post=9152"}],"version-history":[{"count":33,"href":"https:\/\/invosy.com\/se\/eng\/wp-json\/wp\/v2\/pages\/9152\/revisions"}],"predecessor-version":[{"id":10499,"href":"https:\/\/invosy.com\/se\/eng\/wp-json\/wp\/v2\/pages\/9152\/revisions\/10499"}],"wp:attachment":[{"href":"https:\/\/invosy.com\/se\/eng\/wp-json\/wp\/v2\/media?parent=9152"}],"curies":[{"name":"wp","href":"https:\/\/api.w.org\/{rel}","templated":true}]}}