{"id":10838,"date":"2026-03-02T11:08:35","date_gmt":"2026-03-02T09:08:35","guid":{"rendered":"https:\/\/invosy.com\/se\/?page_id=10838"},"modified":"2026-03-02T13:54:21","modified_gmt":"2026-03-02T11:54:21","slug":"egenanstallda","status":"publish","type":"page","link":"https:\/\/invosy.com\/se\/egenanstallda\/","title":{"rendered":"Egenanst\u00e4llda"},"content":{"rendered":"\t\t<div data-elementor-type=\"wp-page\" data-elementor-id=\"10838\" class=\"elementor elementor-10838\" data-elementor-post-type=\"page\">\n\t\t\t\t<div class=\"elementor-element elementor-element-ede0a34 e-flex e-con-boxed e-con e-parent\" data-id=\"ede0a34\" data-element_type=\"container\" data-e-type=\"container\">\n\t\t\t\t\t<div class=\"e-con-inner\">\n\t\t\t\t<div class=\"elementor-element elementor-element-cbdad83 elementor-widget elementor-widget-heading\" data-id=\"cbdad83\" data-element_type=\"widget\" data-e-type=\"widget\" data-widget_type=\"heading.default\">\n\t\t\t\t<div class=\"elementor-widget-container\">\n\t\t\t\t\t<h2 class=\"elementor-heading-title elementor-size-default\">Egenanst\u00e4llda<\/h2>\t\t\t\t<\/div>\n\t\t\t\t<\/div>\n\t\t\t\t<div class=\"elementor-element elementor-element-b6baad5 elementor-widget elementor-widget-text-editor\" data-id=\"b6baad5\" data-element_type=\"widget\" data-e-type=\"widget\" data-widget_type=\"text-editor.default\">\n\t\t\t\t<div class=\"elementor-widget-container\">\n\t\t\t\t\t\t\t\t\t<ol><li>Tj\u00e4nsten Invosy.com tillhandah\u00e5lls av Invosy AB (organisationsnummer 559236-7311, IPadress: www.invosy.com). Med dessa villkor avses Invosy som \u201dvi\u201d, \u201doss\u201d eller ett registrerat hj\u00e4lpf\u00f6retagsnamn. Med anv\u00e4ndaren av tj\u00e4nsten avses en entrepren\u00f6r som sj\u00e4lvst\u00e4ndigt kommer \u00f6verens med sin uppdragsgivare om arbetsuppgifter och priss\u00e4ttning.<\/li><li>Invosy ska i princip inte marknadsf\u00f6ra eller s\u00e4lja de tj\u00e4nster som tillhandah\u00e5lls till anv\u00e4ndare av tj\u00e4nsten. S\u00e4ljfr\u00e4mjande \u00e5tg\u00e4rder och marknadsf\u00f6ring m\u00e5ste avtalas separat personligen mellan Invosy och anv\u00e4ndaren.<\/li><li>Implementeringen av tj\u00e4nsten kr\u00e4ver att konton skapas p\u00e5 sidan invosy.com. Att skapa ett konto \u00e4r problemfritt och binder inte anv\u00e4ndaren till n\u00e5gonting. Invosy bekr\u00e4ftar funktionaliteten av ID:n till tj\u00e4nstanv\u00e4ndaren med ett separat meddelande: &#8221;Tack f\u00f6r att du registrerade dig. Du kan nu logga in p\u00e5 tj\u00e4nsten&#8221;.<\/li><li>Invosy ska inte p\u00e5 n\u00e5got s\u00e4tt h\u00e5llas ansvarigt f\u00f6r anv\u00e4ndarnas ansvar eller skyldigheter n\u00e4r det g\u00e4ller utf\u00f6randet av deras arbete. Ansvar och skyldigheter i detta sammanhang inkluderar fel, f\u00f6rseningar eller utel\u00e4mnanden som intr\u00e4ffar under eller efter utf\u00f6randet av anv\u00e4ndarens arbete.<\/li><\/ol><p>Anv\u00e4ndaren av tj\u00e4nsten m\u00e5ste sj\u00e4lvst\u00e4ndigt l\u00f6sa tvister om utf\u00f6randet av arbetet med sin kund. Om anv\u00e4ndaren av tj\u00e4nsten inte samtycker, inte kan eller p\u00e5 annat s\u00e4tt inte kan r\u00e4tta till felet som orsakats av den, har Invosy r\u00e4tt att r\u00e4tta till felaktigt utf\u00f6rande av arbetet och erh\u00e5lla kostnaderna fr\u00e5n anv\u00e4ndaren av tj\u00e4nsten. Tj\u00e4nsteanv\u00e4ndaren m\u00e5ste s\u00e4kerst\u00e4lla att kunden och eventuella andra tredje parter \u00e4r fullt medvetna om Invosy&#8217;s status och ansvarsf\u00f6rdelningen mellan parterna.<\/p><ol start=\"5\"><li>Anv\u00e4ndaren av tj\u00e4nsten \u00e4r f\u00f6rs\u00e4krad med lagstadgad f\u00f6rs\u00e4kring vid utf\u00f6rande av arbete fakturerat via Invosy och d\u00e4rmed sammanh\u00e4ngande resor. F\u00f6rs\u00e4kringen t\u00e4cker olycksfalls-, r\u00e4ttsskydds- och ansvarsf\u00f6rs\u00e4kring. V\u00e5r olycksfalls-, r\u00e4ttsskydds- och ansvarsf\u00f6rs\u00e4kring t\u00e4cker de vanligaste jobben f\u00f6r en l\u00e4tt f\u00f6retagare. Anv\u00e4ndaren ansvarar f\u00f6r att det arbete som utf\u00f6rs av honom \u00e4r en verksamhet som t\u00e4cks av Invosys olycksfalls-, r\u00e4ttsskydds- och ansvarsf\u00f6rs\u00e4kring, Invosy erbjuder f\u00f6rs\u00e4kringen tillsammans med \u00f6msesidiga f\u00f6rs\u00e4kringsbolaget Svedea.<\/li><\/ol><p>Anv\u00e4ndaren av tj\u00e4nsten ansvarar f\u00f6r att betala sj\u00e4lvrisken f\u00f6r f\u00f6rs\u00e4kringsers\u00e4ttningen. F\u00f6rs\u00e4kringen t\u00e4cker inte skador orsakade av okvalificerat arbete. Om det yrke som tj\u00e4nsteanv\u00e4ndaren verkar inom st\u00e5r under tillsyn av myndigheterna, ska Invosy f\u00f6rses med tillr\u00e4ckliga, korrekta intyg och handlingar om tj\u00e4nsteanv\u00e4ndarens yrkeskvalifikationer.<\/p><ol start=\"6\"><li>Invosy ska s\u00e4kerst\u00e4lla dataskyddet f\u00f6r tj\u00e4nsteanv\u00e4ndarna i enlighet med dataskyddslagen (2018:218) och GDPR-lagen (2016\/679). Anv\u00e4ndaren av tj\u00e4nsten har inte r\u00e4tt att g\u00f6ra k\u00f6p genom faktura, kredit, avbetalning eller underleverant\u00f6rsavtal i Invosy&#8217;s namn. Tj\u00e4nsteanv\u00e4ndarens avtal ska g\u00f6ras i den meningen att Invosy \u00e4r ett administrativt bolag och tj\u00e4nsteanv\u00e4ndaren ansvarar f\u00f6r sina egna avtalsf\u00f6rpliktelser. Invosy&#8217;s namn f\u00e5r inte anv\u00e4ndas f\u00f6r momsbefriade k\u00f6p inom eller utanf\u00f6r EU.<\/li><li>Den serviceavgift som meddelas och g\u00e4ller p\u00e5 Invosy hemsida kommer att debiteras i samband med utbetalningen av l\u00f6nen. Serviceavgiften \u00e4r progressiv och beror p\u00e5 tj\u00e4nstanv\u00e4ndarens totala fakturering. Serviceavgiften \u00e4r en procentsats och ber\u00e4knas fr\u00e5n fakturans momsfria pris. Det finns inget separat minimipris f\u00f6r serviceavgiften.<\/li><\/ol><p>Serviceavgiften f\u00f6r QuickPay \u00e4r 3,5% (+ moms 25 %) som tas ut ut\u00f6ver den normala serviceavgiften. QuickPay \u00e4r fakturaspecifik och f\u00f6r att aktivera det m\u00e5ste du v\u00e4lja ett separat QuickPay alternativ fr\u00e5n faktureringsformul\u00e4ret. QuickPay fordrar att fakturan \u00e4r korrekt samt verifierad. Anv\u00e4ndaren av QuickPay f\u00e5r sin l\u00f6n p\u00e5 sitt bankkonto under samma dag (beroende p\u00e5 interbankf\u00f6rbindelserna), n\u00e4r bekr\u00e4ftelsen p\u00e5 fakturans riktighet mottagits fr\u00e5n kunden, dvs. fakturans riktighet kan bekr\u00e4ftas. Riktigheten av den uttryckliga l\u00f6nen bekr\u00e4ftas direkt fr\u00e5n kunden, om inte anv\u00e4ndaren har l\u00e4mnat en skriftlig bekr\u00e4ftelse p\u00e5 fakturan. Endast en QuickPay kan vara \u00f6ppen \u00e5t g\u00e5ngen. Det totala beloppet p\u00e5 fakturan kan vara upp till 40 000 kr. En f\u00f6ruts\u00e4ttning f\u00f6r QuickPay \u00e4r att det arbete som uppdragsgivaren best\u00e4llt \u00e4r utf\u00f6rt.<\/p><ol start=\"8\"><li>Tj\u00e4nsteanv\u00e4ndaren ansvarar f\u00f6r att r\u00e4tt skattesats \u00e4r vald i sina kontoinst\u00e4llningar. \u00c4r detta inte utf\u00f6rt f\u00f6re den f\u00f6rsta l\u00f6nechecken utg\u00e5r en k\u00e4llskatt p\u00e5 58 %.<\/li><li>Invosy ska betala l\u00f6nen till tj\u00e4nsteanv\u00e4ndaren n\u00e4r betalningen av kunden har kommit in p\u00e5 Invosy konto eller enligt separat avtal. L\u00f6nen kommer att betalas ut n\u00e4r all n\u00f6dv\u00e4ndig information (kvitton, reser\u00e4kningar, tillr\u00e4ckliga personuppgifter etc.) har l\u00e4mnats in till Invosy.<\/li><\/ol><p>Tj\u00e4nsteanv\u00e4ndarens l\u00f6n best\u00e4ms utifr\u00e5n det momsfria beloppet p\u00e5 faktureringen. Invosy serviceavgift, lagstadgade arbetsgivarkostnader och tj\u00e4nsteanv\u00e4ndarens personliga k\u00e4llskatt dras av fr\u00e5n det fakturerade momsfria beloppet. De l\u00f6ner och utl\u00e4gg som ska betalas avtalas i enlighet med uppdraget och \u00e4r av eng\u00e5ngskarakt\u00e4r inklusive semesterers\u00e4ttning.<\/p><p>Ut\u00f6ver l\u00f6neutbetalningen kommer ett elektroniskt l\u00f6nebesked att l\u00e4mnas till anv\u00e4ndaren. Anv\u00e4ndaren har \u00e4ven r\u00e4tt att f\u00e5 ett l\u00f6nebesked p\u00e5 beg\u00e4ran. Dessutom anges att tj\u00e4nsteanv\u00e4ndaren inte beh\u00f6ver g\u00f6ra separata deklarationer av sin l\u00f6n eller separata utbetalningar till andra.<\/p><ol start=\"10\"><li>Anv\u00e4ndaren av tj\u00e4nsten \u00e4r skyldig att f\u00f6lja arbetarskyddsbest\u00e4mmelserna. Skattefria ers\u00e4ttningar och dagtraktamenten relaterade till arbete \u00e5terbetalas mot vederb\u00f6rliga kvitton. Kostnader kan betalas f\u00f6r tj\u00e4nsteresor, (exklusive resor mellan hem och arbete) f\u00f6r anv\u00e4ndning av egen bil och f\u00f6r materialkostnader relaterade till arbetet.<\/li><\/ol><p>Det \u00e4r inte m\u00f6jligt f\u00f6r tj\u00e4nsteanv\u00e4ndaren att g\u00f6ra avdrag f\u00f6r f\u00f6rv\u00e4rvet av anl\u00e4ggningstillg\u00e5ngar genom Invosy, eftersom det bokf\u00f6ringsm\u00e4ssiga \u00e4gandet annars \u00f6verg\u00e5r till Invosy. F\u00f6rv\u00e4rv som n\u00e4mnts ovan ska dras av i personbeskattningen f\u00f6r tj\u00e4nsteanv\u00e4ndaren. Dessutom ansvarar anv\u00e4ndaren av tj\u00e4nsten f\u00f6r att de deklarerade skattefria utgifterna och \u00f6vriga utgifter \u00e4r korrekta och inte \u00e4r \u00e4ldre \u00e4n tv\u00e5 m\u00e5nader (kvitton ska l\u00e4mnas i original senast n\u00e4r betalningen g\u00f6rs). Invosy f\u00f6rbeh\u00e5ller sig r\u00e4tten att inte acceptera kvitton.<\/p><ol start=\"11\"><li>Anv\u00e4ndaren av tj\u00e4nsten \u00e4r skyldig att komma \u00f6verens om utf\u00f6rt arbete och priser med sin kund. Invosy rekommenderar ing\u00e5ende av en separat avtalsgrund eller anst\u00e4llningsavtal, som \u00e5tminstone anger det minsta inneh\u00e5llet i arbetet. Anv\u00e4ndaren ska fastst\u00e4lla sitt totala faktureringspris p\u00e5 ett s\u00e5dant s\u00e4tt att den d\u00e4rav fastst\u00e4llda bruttol\u00f6nen inte understiger den inkomst som anges i det i branschen g\u00e4llande anst\u00e4llningsavtalet. Inkomsten f\u00e5r inte understiga branschens minimil\u00f6nsregler, inklusive utbetalning av skattefri kostnadsers\u00e4ttning. Invosy f\u00f6rbeh\u00e5ller sig r\u00e4tten att inte betala ordern om det finns anledning att misst\u00e4nka brott mot ovanst\u00e5ende regler.<\/li><li>Dessutom:<\/li><\/ol><p>Anv\u00e4ndaren av tj\u00e4nsten m\u00e5ste f\u00f6lja g\u00e4llande lagstiftning i Sverige.<\/p><p>Anv\u00e4ndaren av tj\u00e4nsten m\u00e5ste f\u00f6lja arbetarskyddsf\u00f6reskrifterna och \u00e4r skyldig att bekanta sig med faror och nackdelar med framtida arbete och tillh\u00f6rande arbetarskydds\u00e5tg\u00e4rder innan arbetet p\u00e5b\u00f6rjas. Anv\u00e4ndaren av tj\u00e4nsten ska se till att ha den korrekta och aktuella skyddsutrustning som beh\u00f6vs f\u00f6r arbetets utf\u00f6rande. Anv\u00e4ndaren av tj\u00e4nsten \u00e4r ocks\u00e5 ansvarig f\u00f6r anv\u00e4ndningen av dessa verktyg.<\/p><p>Vid reglerade yrken ska tj\u00e4nsteanv\u00e4ndaren styrka sina beh\u00f6righeter genom l\u00e4mplig dokumentation. Om utf\u00f6randet av arbetet kr\u00e4ver separata tillst\u00e5nd ansvarar tj\u00e4nsteanv\u00e4ndaren f\u00f6r att han eller hon har l\u00e4mpliga och aktuella tillst\u00e5nd att utf\u00f6ra arbetet. Uppdrag inom reglerade yrken m\u00e5ste godk\u00e4nnas av Invosy i f\u00f6rv\u00e4g. Om dessa villkor \u00f6vertr\u00e4ds har tj\u00e4nsteanv\u00e4ndaren inte r\u00e4tt att f\u00e5 ers\u00e4ttning genom Invosy Sverige AB g\u00e4llande ansvarsf\u00f6rs\u00e4kring.<\/p><p>Anv\u00e4ndaren av tj\u00e4nsten \u00e4r personligen ansvarig f\u00f6r att all information som l\u00e4mnas \u00e4r korrekt. Det g\u00e4ller bland annat de uppgifter som l\u00e4mnas p\u00e5 fakturaformul\u00e4ret och deklarationen av skattefria ers\u00e4ttningar och andra utgifter. Under inga omst\u00e4ndigheter kommer Invosy att garantera det arbete som utf\u00f6rs av entrepren\u00f6ren och inte heller betala skadest\u00e5nd enligt produktansvarslagen (1992:18). F\u00f6r skatte- och redovisnings\u00e4ndam\u00e5l anses entrepren\u00f6ren vara anst\u00e4lld hos Invosy. I andra avseenden, s\u00e5som arbetsr\u00e4tt, kan dock arbetsgivarens r\u00e4ttsliga st\u00e4llning skilja sig \u00e5t. Vid arbetsl\u00f6shetsers\u00e4ttning kan arbetsgivaren klassas som f\u00f6retagare. <strong>INVOSY <\/strong><\/p><ul><li>Invosy Sverige AB<\/li><li><span data-teams=\"true\">Cylinderv\u00e4gen 12<\/span><\/li><li><span data-teams=\"true\">131 26 Nacka Strand<\/span><\/li><li>Org.nr: 559236-7311<\/li><\/ul><p><strong>NAVIGERA <\/strong><\/p>\t\t\t\t\t\t\t\t<\/div>\n\t\t\t\t<\/div>\n\t\t\t\t\t<\/div>\n\t\t\t\t<\/div>\n\t\t\t\t<\/div>\n\t\t","protected":false},"excerpt":{"rendered":"<p>Egenanst\u00e4llda Tj\u00e4nsten Invosy.com tillhandah\u00e5lls av Invosy AB (organisationsnummer 559236-7311, IPadress: www.invosy.com). Med dessa villkor avses Invosy som \u201dvi\u201d, \u201doss\u201d eller ett registrerat hj\u00e4lpf\u00f6retagsnamn. Med anv\u00e4ndaren av tj\u00e4nsten avses en entrepren\u00f6r som sj\u00e4lvst\u00e4ndigt kommer \u00f6verens med sin uppdragsgivare om arbetsuppgifter och priss\u00e4ttning. Invosy ska i princip inte marknadsf\u00f6ra eller s\u00e4lja de tj\u00e4nster som tillhandah\u00e5lls till anv\u00e4ndare [&hellip;]<\/p>\n","protected":false},"author":1,"featured_media":0,"parent":0,"menu_order":0,"comment_status":"closed","ping_status":"closed","template":"","meta":{"_eb_attr":"","footnotes":""},"class_list":["post-10838","page","type-page","status-publish","hentry"],"yoast_head":"<!-- This site is optimized with the Yoast SEO plugin v27.5 - https:\/\/yoast.com\/product\/yoast-seo-wordpress\/ -->\n<title>Egenanst\u00e4llda - Fakturera utan eget f\u00f6retag | Invosy<\/title>\n<meta name=\"robots\" content=\"index, follow, max-snippet:-1, max-image-preview:large, max-video-preview:-1\" \/>\n<link rel=\"canonical\" href=\"https:\/\/invosy.com\/se\/egenanstallda\/\" \/>\n<meta property=\"og:locale\" content=\"sv_SE\" \/>\n<meta property=\"og:type\" content=\"article\" \/>\n<meta property=\"og:title\" content=\"Egenanst\u00e4llda - Fakturera utan eget f\u00f6retag | Invosy\" \/>\n<meta property=\"og:description\" content=\"Egenanst\u00e4llda Tj\u00e4nsten Invosy.com tillhandah\u00e5lls av Invosy AB (organisationsnummer 559236-7311, IPadress: www.invosy.com). Med dessa villkor avses Invosy som \u201dvi\u201d, \u201doss\u201d eller ett registrerat hj\u00e4lpf\u00f6retagsnamn. Med anv\u00e4ndaren av tj\u00e4nsten avses en entrepren\u00f6r som sj\u00e4lvst\u00e4ndigt kommer \u00f6verens med sin uppdragsgivare om arbetsuppgifter och priss\u00e4ttning. Invosy ska i princip inte marknadsf\u00f6ra eller s\u00e4lja de tj\u00e4nster som tillhandah\u00e5lls till anv\u00e4ndare [&hellip;]\" \/>\n<meta property=\"og:url\" content=\"https:\/\/invosy.com\/se\/egenanstallda\/\" \/>\n<meta property=\"og:site_name\" content=\"Fakturera utan eget f\u00f6retag | Invosy\" \/>\n<meta property=\"article:publisher\" content=\"https:\/\/www.facebook.com\/invosy\/\" \/>\n<meta property=\"article:modified_time\" content=\"2026-03-02T11:54:21+00:00\" \/>\n<meta name=\"twitter:card\" content=\"summary_large_image\" \/>\n<meta name=\"twitter:label1\" content=\"Ber\u00e4knad l\u00e4stid\" \/>\n\t<meta name=\"twitter:data1\" content=\"5 minuter\" \/>\n<script type=\"application\/ld+json\" class=\"yoast-schema-graph\">{\"@context\":\"https:\\\/\\\/schema.org\",\"@graph\":[{\"@type\":\"WebPage\",\"@id\":\"https:\\\/\\\/invosy.com\\\/se\\\/egenanstallda\\\/\",\"url\":\"https:\\\/\\\/invosy.com\\\/se\\\/egenanstallda\\\/\",\"name\":\"Egenanst\u00e4llda - Fakturera utan eget f\u00f6retag | Invosy\",\"isPartOf\":{\"@id\":\"https:\\\/\\\/invosy.com\\\/se\\\/#website\"},\"datePublished\":\"2026-03-02T09:08:35+00:00\",\"dateModified\":\"2026-03-02T11:54:21+00:00\",\"breadcrumb\":{\"@id\":\"https:\\\/\\\/invosy.com\\\/se\\\/egenanstallda\\\/#breadcrumb\"},\"inLanguage\":\"sv-SE\",\"potentialAction\":[{\"@type\":\"ReadAction\",\"target\":[\"https:\\\/\\\/invosy.com\\\/se\\\/egenanstallda\\\/\"]}]},{\"@type\":\"BreadcrumbList\",\"@id\":\"https:\\\/\\\/invosy.com\\\/se\\\/egenanstallda\\\/#breadcrumb\",\"itemListElement\":[{\"@type\":\"ListItem\",\"position\":1,\"name\":\"Home\",\"item\":\"https:\\\/\\\/invosy.com\\\/se\\\/\"},{\"@type\":\"ListItem\",\"position\":2,\"name\":\"Egenanst\u00e4llda\"}]},{\"@type\":\"WebSite\",\"@id\":\"https:\\\/\\\/invosy.com\\\/se\\\/#website\",\"url\":\"https:\\\/\\\/invosy.com\\\/se\\\/\",\"name\":\"Fakturera utan eget f\u00f6retag | Invosy\",\"description\":\"Det smarta alternativet\",\"publisher\":{\"@id\":\"https:\\\/\\\/invosy.com\\\/se\\\/#organization\"},\"potentialAction\":[{\"@type\":\"SearchAction\",\"target\":{\"@type\":\"EntryPoint\",\"urlTemplate\":\"https:\\\/\\\/invosy.com\\\/se\\\/?s={search_term_string}\"},\"query-input\":{\"@type\":\"PropertyValueSpecification\",\"valueRequired\":true,\"valueName\":\"search_term_string\"}}],\"inLanguage\":\"sv-SE\"},{\"@type\":\"Organization\",\"@id\":\"https:\\\/\\\/invosy.com\\\/se\\\/#organization\",\"name\":\"Invosy\",\"url\":\"https:\\\/\\\/invosy.com\\\/se\\\/\",\"logo\":{\"@type\":\"ImageObject\",\"inLanguage\":\"sv-SE\",\"@id\":\"https:\\\/\\\/invosy.com\\\/se\\\/#\\\/schema\\\/logo\\\/image\\\/\",\"url\":\"https:\\\/\\\/invosy.com\\\/se\\\/wp-content\\\/uploads\\\/2022\\\/09\\\/Invosy_Logotype-orig.png\",\"contentUrl\":\"https:\\\/\\\/invosy.com\\\/se\\\/wp-content\\\/uploads\\\/2022\\\/09\\\/Invosy_Logotype-orig.png\",\"width\":1000,\"height\":289,\"caption\":\"Invosy\"},\"image\":{\"@id\":\"https:\\\/\\\/invosy.com\\\/se\\\/#\\\/schema\\\/logo\\\/image\\\/\"},\"sameAs\":[\"https:\\\/\\\/www.facebook.com\\\/invosy\\\/\",\"https:\\\/\\\/www.instagram.com\\\/invosy\\\/\"]}]}<\/script>\n<!-- \/ Yoast SEO plugin. -->","yoast_head_json":{"title":"Egenanst\u00e4llda - Fakturera utan eget f\u00f6retag | Invosy","robots":{"index":"index","follow":"follow","max-snippet":"max-snippet:-1","max-image-preview":"max-image-preview:large","max-video-preview":"max-video-preview:-1"},"canonical":"https:\/\/invosy.com\/se\/egenanstallda\/","og_locale":"sv_SE","og_type":"article","og_title":"Egenanst\u00e4llda - Fakturera utan eget f\u00f6retag | Invosy","og_description":"Egenanst\u00e4llda Tj\u00e4nsten Invosy.com tillhandah\u00e5lls av Invosy AB (organisationsnummer 559236-7311, IPadress: www.invosy.com). Med dessa villkor avses Invosy som \u201dvi\u201d, \u201doss\u201d eller ett registrerat hj\u00e4lpf\u00f6retagsnamn. Med anv\u00e4ndaren av tj\u00e4nsten avses en entrepren\u00f6r som sj\u00e4lvst\u00e4ndigt kommer \u00f6verens med sin uppdragsgivare om arbetsuppgifter och priss\u00e4ttning. Invosy ska i princip inte marknadsf\u00f6ra eller s\u00e4lja de tj\u00e4nster som tillhandah\u00e5lls till anv\u00e4ndare [&hellip;]","og_url":"https:\/\/invosy.com\/se\/egenanstallda\/","og_site_name":"Fakturera utan eget f\u00f6retag | Invosy","article_publisher":"https:\/\/www.facebook.com\/invosy\/","article_modified_time":"2026-03-02T11:54:21+00:00","twitter_card":"summary_large_image","twitter_misc":{"Ber\u00e4knad l\u00e4stid":"5 minuter"},"schema":{"@context":"https:\/\/schema.org","@graph":[{"@type":"WebPage","@id":"https:\/\/invosy.com\/se\/egenanstallda\/","url":"https:\/\/invosy.com\/se\/egenanstallda\/","name":"Egenanst\u00e4llda - Fakturera utan eget f\u00f6retag | Invosy","isPartOf":{"@id":"https:\/\/invosy.com\/se\/#website"},"datePublished":"2026-03-02T09:08:35+00:00","dateModified":"2026-03-02T11:54:21+00:00","breadcrumb":{"@id":"https:\/\/invosy.com\/se\/egenanstallda\/#breadcrumb"},"inLanguage":"sv-SE","potentialAction":[{"@type":"ReadAction","target":["https:\/\/invosy.com\/se\/egenanstallda\/"]}]},{"@type":"BreadcrumbList","@id":"https:\/\/invosy.com\/se\/egenanstallda\/#breadcrumb","itemListElement":[{"@type":"ListItem","position":1,"name":"Home","item":"https:\/\/invosy.com\/se\/"},{"@type":"ListItem","position":2,"name":"Egenanst\u00e4llda"}]},{"@type":"WebSite","@id":"https:\/\/invosy.com\/se\/#website","url":"https:\/\/invosy.com\/se\/","name":"Fakturera utan eget f\u00f6retag | Invosy","description":"Det smarta alternativet","publisher":{"@id":"https:\/\/invosy.com\/se\/#organization"},"potentialAction":[{"@type":"SearchAction","target":{"@type":"EntryPoint","urlTemplate":"https:\/\/invosy.com\/se\/?s={search_term_string}"},"query-input":{"@type":"PropertyValueSpecification","valueRequired":true,"valueName":"search_term_string"}}],"inLanguage":"sv-SE"},{"@type":"Organization","@id":"https:\/\/invosy.com\/se\/#organization","name":"Invosy","url":"https:\/\/invosy.com\/se\/","logo":{"@type":"ImageObject","inLanguage":"sv-SE","@id":"https:\/\/invosy.com\/se\/#\/schema\/logo\/image\/","url":"https:\/\/invosy.com\/se\/wp-content\/uploads\/2022\/09\/Invosy_Logotype-orig.png","contentUrl":"https:\/\/invosy.com\/se\/wp-content\/uploads\/2022\/09\/Invosy_Logotype-orig.png","width":1000,"height":289,"caption":"Invosy"},"image":{"@id":"https:\/\/invosy.com\/se\/#\/schema\/logo\/image\/"},"sameAs":["https:\/\/www.facebook.com\/invosy\/","https:\/\/www.instagram.com\/invosy\/"]}]}},"_links":{"self":[{"href":"https:\/\/invosy.com\/se\/wp-json\/wp\/v2\/pages\/10838","targetHints":{"allow":["GET"]}}],"collection":[{"href":"https:\/\/invosy.com\/se\/wp-json\/wp\/v2\/pages"}],"about":[{"href":"https:\/\/invosy.com\/se\/wp-json\/wp\/v2\/types\/page"}],"author":[{"embeddable":true,"href":"https:\/\/invosy.com\/se\/wp-json\/wp\/v2\/users\/1"}],"replies":[{"embeddable":true,"href":"https:\/\/invosy.com\/se\/wp-json\/wp\/v2\/comments?post=10838"}],"version-history":[{"count":13,"href":"https:\/\/invosy.com\/se\/wp-json\/wp\/v2\/pages\/10838\/revisions"}],"predecessor-version":[{"id":10854,"href":"https:\/\/invosy.com\/se\/wp-json\/wp\/v2\/pages\/10838\/revisions\/10854"}],"wp:attachment":[{"href":"https:\/\/invosy.com\/se\/wp-json\/wp\/v2\/media?parent=10838"}],"curies":[{"name":"wp","href":"https:\/\/api.w.org\/{rel}","templated":true}]}}