{"id":9569,"date":"2025-06-18T12:00:23","date_gmt":"2025-06-18T10:00:23","guid":{"rendered":"https:\/\/invosy.com\/se\/?page_id=9569"},"modified":"2025-10-27T14:36:32","modified_gmt":"2025-10-27T12:36:32","slug":"invosy-blogg","status":"publish","type":"page","link":"https:\/\/invosy.com\/se\/invosy-blogg\/","title":{"rendered":"Invosy Blogg"},"content":{"rendered":"\t\t<div data-elementor-type=\"wp-page\" data-elementor-id=\"9569\" class=\"elementor elementor-9569\" data-elementor-post-type=\"page\">\n\t\t\t\t<div class=\"elementor-element elementor-element-806841b e-flex e-con-boxed e-con e-parent\" data-id=\"806841b\" data-element_type=\"container\" data-e-type=\"container\">\n\t\t\t\t\t<div class=\"e-con-inner\">\n\t\t\t\t<div class=\"elementor-element elementor-element-f655f19 elementor-widget elementor-widget-heading\" data-id=\"f655f19\" data-element_type=\"widget\" data-e-type=\"widget\" data-widget_type=\"heading.default\">\n\t\t\t\t<div class=\"elementor-widget-container\">\n\t\t\t\t\t<h1 class=\"elementor-heading-title elementor-size-default\">Invosy Blogg<\/h1>\t\t\t\t<\/div>\n\t\t\t\t<\/div>\n\t\t\t\t<div class=\"elementor-element elementor-element-ef8bcb1 elementor-widget elementor-widget-text-editor\" data-id=\"ef8bcb1\" data-element_type=\"widget\" data-e-type=\"widget\" data-widget_type=\"text-editor.default\">\n\t\t\t\t<div class=\"elementor-widget-container\">\n\t\t\t\t\t\t\t\t\t<p>H\u00e4r kommer vi att forts\u00e4tta att publicera intressanta artiklar vilka ber\u00f6r olika fr\u00e5gor och omst\u00e4ndigheter g\u00e4llande att jobba och verka som egenanst\u00e4lld.<\/p>\t\t\t\t\t\t\t\t<\/div>\n\t\t\t\t<\/div>\n\t\t\t\t\t<\/div>\n\t\t\t\t<\/div>\n\t\t<div class=\"elementor-element elementor-element-1ff5a23 e-con-full e-flex e-con e-parent\" data-id=\"1ff5a23\" data-element_type=\"container\" data-e-type=\"container\">\n\t\t\t\t<div class=\"elementor-element elementor-element-093347a elementor-posts--align-left elementor-posts__hover-none elementor-grid-3 elementor-grid-tablet-2 elementor-grid-mobile-1 elementor-posts--thumbnail-top elementor-card-shadow-yes load-more-align-center elementor-widget elementor-widget-posts\" data-id=\"093347a\" data-element_type=\"widget\" data-e-type=\"widget\" data-settings=\"{&quot;cards_row_gap_mobile&quot;:{&quot;unit&quot;:&quot;em&quot;,&quot;size&quot;:2,&quot;sizes&quot;:[]},&quot;pagination_type&quot;:&quot;load_more_on_click&quot;,&quot;cards_columns&quot;:&quot;3&quot;,&quot;cards_columns_tablet&quot;:&quot;2&quot;,&quot;cards_columns_mobile&quot;:&quot;1&quot;,&quot;cards_row_gap&quot;:{&quot;unit&quot;:&quot;px&quot;,&quot;size&quot;:35,&quot;sizes&quot;:[]},&quot;cards_row_gap_tablet&quot;:{&quot;unit&quot;:&quot;px&quot;,&quot;size&quot;:&quot;&quot;,&quot;sizes&quot;:[]},&quot;load_more_spinner&quot;:{&quot;value&quot;:&quot;fas fa-spinner&quot;,&quot;library&quot;:&quot;fa-solid&quot;}}\" data-widget_type=\"posts.cards\">\n\t\t\t\t<div class=\"elementor-widget-container\">\n\t\t\t\t\t\t\t<div class=\"elementor-posts-container elementor-posts elementor-posts--skin-cards elementor-grid\" role=\"list\">\n\t\t\t\t<article class=\"elementor-post elementor-grid-item post-10183 post type-post status-publish format-standard has-post-thumbnail hentry category-uncategorized\" role=\"listitem\">\n\t\t\t<div class=\"elementor-post__card\">\n\t\t\t\t<a class=\"elementor-post__thumbnail__link\" href=\"https:\/\/invosy.com\/se\/egenanstallning-frihet-och-flexibilitet-i-ditt-arbete\/\" tabindex=\"-1\" ><div class=\"elementor-post__thumbnail\"><img fetchpriority=\"high\" decoding=\"async\" width=\"2000\" height=\"1543\" src=\"https:\/\/invosy.com\/se\/wp-content\/uploads\/2025\/08\/Invosy-AI-generated-photo-of-a-smiling-woman-with-a-laptop-sitting-on-a-cloud-that-is-floating-over-a-crowded-street_fix.jpg\" class=\"attachment-full size-full wp-image-10198\" alt=\"\" srcset=\"https:\/\/invosy.com\/se\/wp-content\/uploads\/2025\/08\/Invosy-AI-generated-photo-of-a-smiling-woman-with-a-laptop-sitting-on-a-cloud-that-is-floating-over-a-crowded-street_fix.jpg 2000w, https:\/\/invosy.com\/se\/wp-content\/uploads\/2025\/08\/Invosy-AI-generated-photo-of-a-smiling-woman-with-a-laptop-sitting-on-a-cloud-that-is-floating-over-a-crowded-street_fix-300x231.jpg 300w, https:\/\/invosy.com\/se\/wp-content\/uploads\/2025\/08\/Invosy-AI-generated-photo-of-a-smiling-woman-with-a-laptop-sitting-on-a-cloud-that-is-floating-over-a-crowded-street_fix-1024x790.jpg 1024w, https:\/\/invosy.com\/se\/wp-content\/uploads\/2025\/08\/Invosy-AI-generated-photo-of-a-smiling-woman-with-a-laptop-sitting-on-a-cloud-that-is-floating-over-a-crowded-street_fix-768x593.jpg 768w, https:\/\/invosy.com\/se\/wp-content\/uploads\/2025\/08\/Invosy-AI-generated-photo-of-a-smiling-woman-with-a-laptop-sitting-on-a-cloud-that-is-floating-over-a-crowded-street_fix-1536x1185.jpg 1536w, https:\/\/invosy.com\/se\/wp-content\/uploads\/2025\/08\/Invosy-AI-generated-photo-of-a-smiling-woman-with-a-laptop-sitting-on-a-cloud-that-is-floating-over-a-crowded-street_fix-16x12.jpg 16w\" sizes=\"(max-width: 2000px) 100vw, 2000px\" \/><\/div><\/a>\n\t\t\t\t<div class=\"elementor-post__text\">\n\t\t\t\t<p class=\"elementor-post__title\">\n\t\t\t<a href=\"https:\/\/invosy.com\/se\/egenanstallning-frihet-och-flexibilitet-i-ditt-arbete\/\" >\n\t\t\t\tEgenanst\u00e4llning \u2013 frihet och flexibilitet i ditt arbete\t\t\t<\/a>\n\t\t<\/p>\n\t\t\n\t\t<a class=\"elementor-post__read-more\" href=\"https:\/\/invosy.com\/se\/egenanstallning-frihet-och-flexibilitet-i-ditt-arbete\/\" aria-label=\"L\u00e4s mer om Egenanst\u00e4llning \u2013 frihet och flexibilitet i ditt arbete\" tabindex=\"-1\" >\n\t\t\tL\u00e4s vidare \u00bb\t\t<\/a>\n\n\t\t\t\t<\/div>\n\t\t\t\t<div class=\"elementor-post__meta-data\">\n\t\t\t\t\t<span class=\"elementor-post-date\">\n\t\t\toktober 27, 2025\t\t<\/span>\n\t\t\t\t<\/div>\n\t\t\t\t\t<\/div>\n\t\t<\/article>\n\t\t\t\t<article class=\"elementor-post elementor-grid-item post-10267 post type-post status-publish format-standard has-post-thumbnail hentry category-uncategorized\" role=\"listitem\">\n\t\t\t<div class=\"elementor-post__card\">\n\t\t\t\t<a class=\"elementor-post__thumbnail__link\" href=\"https:\/\/invosy.com\/se\/sa-jamfor-du-egenanstallningsforetag-vad-ska-du-tanka-pa\/\" tabindex=\"-1\" ><div class=\"elementor-post__thumbnail\"><img decoding=\"async\" width=\"500\" height=\"333\" src=\"https:\/\/invosy.com\/se\/wp-content\/uploads\/2025\/09\/photo-1596406668482-51855e9a5dc6.avif\" class=\"attachment-full size-full wp-image-10286\" alt=\"Egenanst\u00e4lld frilansare som j\u00e4mf\u00f6r egenanst\u00e4llningsf\u00f6retag och fakturerar utan f\u00f6retag\" srcset=\"https:\/\/invosy.com\/se\/wp-content\/uploads\/2025\/09\/photo-1596406668482-51855e9a5dc6.avif 500w, https:\/\/invosy.com\/se\/wp-content\/uploads\/2025\/09\/photo-1596406668482-51855e9a5dc6-300x200.avif 300w, https:\/\/invosy.com\/se\/wp-content\/uploads\/2025\/09\/photo-1596406668482-51855e9a5dc6-18x12.avif 18w\" sizes=\"(max-width: 500px) 100vw, 500px\" \/><\/div><\/a>\n\t\t\t\t<div class=\"elementor-post__text\">\n\t\t\t\t<p class=\"elementor-post__title\">\n\t\t\t<a href=\"https:\/\/invosy.com\/se\/sa-jamfor-du-egenanstallningsforetag-vad-ska-du-tanka-pa\/\" >\n\t\t\t\tS\u00e5 j\u00e4mf\u00f6r du egenanst\u00e4llningsf\u00f6retag &#8211; vad ska du t\u00e4nka p\u00e5?\t\t\t<\/a>\n\t\t<\/p>\n\t\t\n\t\t<a class=\"elementor-post__read-more\" href=\"https:\/\/invosy.com\/se\/sa-jamfor-du-egenanstallningsforetag-vad-ska-du-tanka-pa\/\" aria-label=\"L\u00e4s mer om S\u00e5 j\u00e4mf\u00f6r du egenanst\u00e4llningsf\u00f6retag &#8211; vad ska du t\u00e4nka p\u00e5?\" tabindex=\"-1\" >\n\t\t\tL\u00e4s vidare \u00bb\t\t<\/a>\n\n\t\t\t\t<\/div>\n\t\t\t\t<div class=\"elementor-post__meta-data\">\n\t\t\t\t\t<span class=\"elementor-post-date\">\n\t\t\tseptember 16, 2025\t\t<\/span>\n\t\t\t\t<\/div>\n\t\t\t\t\t<\/div>\n\t\t<\/article>\n\t\t\t\t<article class=\"elementor-post elementor-grid-item post-10205 post type-post status-publish format-standard has-post-thumbnail hentry category-uncategorized\" role=\"listitem\">\n\t\t\t<div class=\"elementor-post__card\">\n\t\t\t\t<a class=\"elementor-post__thumbnail__link\" href=\"https:\/\/invosy.com\/se\/jobb-for-egenanstallda\/\" tabindex=\"-1\" ><div class=\"elementor-post__thumbnail\"><img decoding=\"async\" width=\"600\" height=\"400\" src=\"https:\/\/invosy.com\/se\/wp-content\/uploads\/2025\/09\/photo-1638584118101-a70a89c5c2fc.avif\" class=\"attachment-full size-full wp-image-10206\" alt=\"Fotograf \u2013 exempel p\u00e5 popul\u00e4ra jobb f\u00f6r egenanst\u00e4llda\" srcset=\"https:\/\/invosy.com\/se\/wp-content\/uploads\/2025\/09\/photo-1638584118101-a70a89c5c2fc.avif 600w, https:\/\/invosy.com\/se\/wp-content\/uploads\/2025\/09\/photo-1638584118101-a70a89c5c2fc-300x200.avif 300w, https:\/\/invosy.com\/se\/wp-content\/uploads\/2025\/09\/photo-1638584118101-a70a89c5c2fc-18x12.avif 18w\" sizes=\"(max-width: 600px) 100vw, 600px\" \/><\/div><\/a>\n\t\t\t\t<div class=\"elementor-post__text\">\n\t\t\t\t<p class=\"elementor-post__title\">\n\t\t\t<a href=\"https:\/\/invosy.com\/se\/jobb-for-egenanstallda\/\" >\n\t\t\t\t25 b\u00e4sta jobb f\u00f6r egenanst\u00e4llda\t\t\t<\/a>\n\t\t<\/p>\n\t\t\n\t\t<a class=\"elementor-post__read-more\" href=\"https:\/\/invosy.com\/se\/jobb-for-egenanstallda\/\" aria-label=\"L\u00e4s mer om 25 b\u00e4sta jobb f\u00f6r egenanst\u00e4llda\" tabindex=\"-1\" >\n\t\t\tL\u00e4s vidare \u00bb\t\t<\/a>\n\n\t\t\t\t<\/div>\n\t\t\t\t<div class=\"elementor-post__meta-data\">\n\t\t\t\t\t<span class=\"elementor-post-date\">\n\t\t\tseptember 12, 2025\t\t<\/span>\n\t\t\t\t<\/div>\n\t\t\t\t\t<\/div>\n\t\t<\/article>\n\t\t\t\t<article class=\"elementor-post elementor-grid-item post-9969 post type-post status-publish format-standard has-post-thumbnail hentry category-uncategorized\" role=\"listitem\">\n\t\t\t<div class=\"elementor-post__card\">\n\t\t\t\t<a class=\"elementor-post__thumbnail__link\" href=\"https:\/\/invosy.com\/se\/populara-branscher-egenanstallning\/\" tabindex=\"-1\" ><div class=\"elementor-post__thumbnail\"><img loading=\"lazy\" decoding=\"async\" width=\"1414\" height=\"1000\" src=\"https:\/\/invosy.com\/se\/wp-content\/uploads\/2025\/07\/2025-07-28-Invosy-Blogg-yrkesomraden-006-pt.jpg\" class=\"attachment-full size-full wp-image-10036\" alt=\"AI generated photo of at man in a santa claws costume wearing a ballet tutu and a construction worker hardhat holdin a basket full of golf balls and an ink bottle\" srcset=\"https:\/\/invosy.com\/se\/wp-content\/uploads\/2025\/07\/2025-07-28-Invosy-Blogg-yrkesomraden-006-pt.jpg 1414w, https:\/\/invosy.com\/se\/wp-content\/uploads\/2025\/07\/2025-07-28-Invosy-Blogg-yrkesomraden-006-pt-300x212.jpg 300w, https:\/\/invosy.com\/se\/wp-content\/uploads\/2025\/07\/2025-07-28-Invosy-Blogg-yrkesomraden-006-pt-1024x724.jpg 1024w, https:\/\/invosy.com\/se\/wp-content\/uploads\/2025\/07\/2025-07-28-Invosy-Blogg-yrkesomraden-006-pt-768x543.jpg 768w, https:\/\/invosy.com\/se\/wp-content\/uploads\/2025\/07\/2025-07-28-Invosy-Blogg-yrkesomraden-006-pt-18x12.jpg 18w\" sizes=\"(max-width: 1414px) 100vw, 1414px\" \/><\/div><\/a>\n\t\t\t\t<div class=\"elementor-post__text\">\n\t\t\t\t<p class=\"elementor-post__title\">\n\t\t\t<a href=\"https:\/\/invosy.com\/se\/populara-branscher-egenanstallning\/\" >\n\t\t\t\tPopul\u00e4ra branscher d\u00e4r egenanst\u00e4llning dominerar\t\t\t<\/a>\n\t\t<\/p>\n\t\t\n\t\t<a class=\"elementor-post__read-more\" href=\"https:\/\/invosy.com\/se\/populara-branscher-egenanstallning\/\" aria-label=\"L\u00e4s mer om Popul\u00e4ra branscher d\u00e4r egenanst\u00e4llning dominerar\" tabindex=\"-1\" >\n\t\t\tL\u00e4s vidare \u00bb\t\t<\/a>\n\n\t\t\t\t<\/div>\n\t\t\t\t<div class=\"elementor-post__meta-data\">\n\t\t\t\t\t<span class=\"elementor-post-date\">\n\t\t\tjuli 30, 2025\t\t<\/span>\n\t\t\t\t<\/div>\n\t\t\t\t\t<\/div>\n\t\t<\/article>\n\t\t\t\t<article class=\"elementor-post elementor-grid-item post-9411 post type-post status-publish format-standard has-post-thumbnail hentry category-uncategorized\" role=\"listitem\">\n\t\t\t<div class=\"elementor-post__card\">\n\t\t\t\t<a class=\"elementor-post__thumbnail__link\" href=\"https:\/\/invosy.com\/se\/viktigaste-superkraft-som-egenanstalld\/\" tabindex=\"-1\" ><div class=\"elementor-post__thumbnail\"><img loading=\"lazy\" decoding=\"async\" width=\"2160\" height=\"1360\" src=\"https:\/\/invosy.com\/se\/wp-content\/uploads\/2025\/06\/superhero_2_ls.jpg\" class=\"attachment-full size-full wp-image-9432\" alt=\"Woman in superhero outfit in front of laptop computer smiling with fists raised\" srcset=\"https:\/\/invosy.com\/se\/wp-content\/uploads\/2025\/06\/superhero_2_ls.jpg 2160w, https:\/\/invosy.com\/se\/wp-content\/uploads\/2025\/06\/superhero_2_ls-300x189.jpg 300w, https:\/\/invosy.com\/se\/wp-content\/uploads\/2025\/06\/superhero_2_ls-1024x645.jpg 1024w, https:\/\/invosy.com\/se\/wp-content\/uploads\/2025\/06\/superhero_2_ls-768x484.jpg 768w, https:\/\/invosy.com\/se\/wp-content\/uploads\/2025\/06\/superhero_2_ls-1536x967.jpg 1536w, https:\/\/invosy.com\/se\/wp-content\/uploads\/2025\/06\/superhero_2_ls-2048x1289.jpg 2048w, https:\/\/invosy.com\/se\/wp-content\/uploads\/2025\/06\/superhero_2_ls-18x12.jpg 18w\" sizes=\"(max-width: 2160px) 100vw, 2160px\" \/><\/div><\/a>\n\t\t\t\t<div class=\"elementor-post__text\">\n\t\t\t\t<p class=\"elementor-post__title\">\n\t\t\t<a href=\"https:\/\/invosy.com\/se\/viktigaste-superkraft-som-egenanstalld\/\" >\n\t\t\t\tMissa inte din kanske viktigaste superkraft som egenanst\u00e4lld!\t\t\t<\/a>\n\t\t<\/p>\n\t\t\n\t\t<a class=\"elementor-post__read-more\" href=\"https:\/\/invosy.com\/se\/viktigaste-superkraft-som-egenanstalld\/\" aria-label=\"L\u00e4s mer om Missa inte din kanske viktigaste superkraft som egenanst\u00e4lld!\" tabindex=\"-1\" >\n\t\t\tL\u00e4s vidare \u00bb\t\t<\/a>\n\n\t\t\t\t<\/div>\n\t\t\t\t<div class=\"elementor-post__meta-data\">\n\t\t\t\t\t<span class=\"elementor-post-date\">\n\t\t\tjuli 3, 2025\t\t<\/span>\n\t\t\t\t<\/div>\n\t\t\t\t\t<\/div>\n\t\t<\/article>\n\t\t\t\t<article class=\"elementor-post elementor-grid-item post-7074 post type-post status-publish format-standard has-post-thumbnail hentry category-uncategorized\" role=\"listitem\">\n\t\t\t<div class=\"elementor-post__card\">\n\t\t\t\t<a class=\"elementor-post__thumbnail__link\" href=\"https:\/\/invosy.com\/se\/varfor_ar_det_sa_populart_att_jobba_som_egenanstalld_2023\/\" tabindex=\"-1\" ><div class=\"elementor-post__thumbnail\"><img loading=\"lazy\" decoding=\"async\" width=\"900\" height=\"600\" src=\"https:\/\/invosy.com\/se\/wp-content\/uploads\/2023\/08\/invosy_article_varfor-fler_thumb_tp.png\" class=\"attachment-full size-full wp-image-9696\" alt=\"illustration - woman smiling and playing a keytar and a man smiling holding up a camera\" srcset=\"https:\/\/invosy.com\/se\/wp-content\/uploads\/2023\/08\/invosy_article_varfor-fler_thumb_tp.png 900w, https:\/\/invosy.com\/se\/wp-content\/uploads\/2023\/08\/invosy_article_varfor-fler_thumb_tp-300x200.png 300w, https:\/\/invosy.com\/se\/wp-content\/uploads\/2023\/08\/invosy_article_varfor-fler_thumb_tp-768x512.png 768w, https:\/\/invosy.com\/se\/wp-content\/uploads\/2023\/08\/invosy_article_varfor-fler_thumb_tp-18x12.png 18w\" sizes=\"(max-width: 900px) 100vw, 900px\" \/><\/div><\/a>\n\t\t\t\t<div class=\"elementor-post__text\">\n\t\t\t\t<p class=\"elementor-post__title\">\n\t\t\t<a href=\"https:\/\/invosy.com\/se\/varfor_ar_det_sa_populart_att_jobba_som_egenanstalld_2023\/\" >\n\t\t\t\tVarf\u00f6r fler och fler v\u00e4ljer att jobba som egenanst\u00e4lld 2023!\t\t\t<\/a>\n\t\t<\/p>\n\t\t\n\t\t<a class=\"elementor-post__read-more\" href=\"https:\/\/invosy.com\/se\/varfor_ar_det_sa_populart_att_jobba_som_egenanstalld_2023\/\" aria-label=\"L\u00e4s mer om Varf\u00f6r fler och fler v\u00e4ljer att jobba som egenanst\u00e4lld 2023!\" tabindex=\"-1\" >\n\t\t\tL\u00e4s vidare \u00bb\t\t<\/a>\n\n\t\t\t\t<\/div>\n\t\t\t\t<div class=\"elementor-post__meta-data\">\n\t\t\t\t\t<span class=\"elementor-post-date\">\n\t\t\taugusti 1, 2023\t\t<\/span>\n\t\t\t\t<\/div>\n\t\t\t\t\t<\/div>\n\t\t<\/article>\n\t\t\t\t<\/div>\n\t\t\t\t\t<span class=\"e-load-more-spinner\">\n\t\t\t\t<i aria-hidden=\"true\" class=\"fas fa-spinner\"><\/i>\t\t\t<\/span>\n\t\t\n\t\t\t\t<div class=\"e-load-more-anchor\" data-page=\"1\" data-max-page=\"2\" data-next-page=\"https:\/\/invosy.com\/se\/wp-json\/wp\/v2\/pages\/9569\/page\/2\/\"><\/div>\n\t\t\t\t<div class=\"elementor-button-wrapper\">\n\t\t\t<a class=\"elementor-button elementor-size-sm\" role=\"button\">\n\t\t\t\t\t\t<span class=\"elementor-button-content-wrapper\">\n\t\t\t\t\t\t\t\t\t<span class=\"elementor-button-text\">Visa fler artiklar<\/span>\n\t\t\t\t\t<\/span>\n\t\t\t\t\t<\/a>\n\t\t<\/div>\n\t\t\t\t<div class=\"e-load-more-message\"><\/div>\n\t\t\t\t\t\t<\/div>\n\t\t\t\t<\/div>\n\t\t\t\t<\/div>\n\t\t\t\t<\/div>\n\t\t","protected":false},"excerpt":{"rendered":"<p>Invosy Blogg H\u00e4r kommer vi att forts\u00e4tta att publicera intressanta artiklar vilka ber\u00f6r olika fr\u00e5gor och omst\u00e4ndigheter g\u00e4llande att jobba och verka som egenanst\u00e4lld.<\/p>\n","protected":false},"author":1,"featured_media":0,"parent":0,"menu_order":0,"comment_status":"closed","ping_status":"closed","template":"","meta":{"_eb_attr":"","footnotes":""},"class_list":["post-9569","page","type-page","status-publish","hentry"],"yoast_head":"<!-- This site is optimized with the Yoast SEO plugin v27.5 - https:\/\/yoast.com\/product\/yoast-seo-wordpress\/ -->\n<title>Invosy blogg - Fakturera utan f\u00f6retag enkelt och tryggt<\/title>\n<meta name=\"description\" content=\"F\u00e5 tips i Invosy bloggen om hur du kan fakturera utan f\u00f6retag. Enkel l\u00f6sning med endast 1,9 % serviceavgift.\" \/>\n<meta name=\"robots\" content=\"index, follow, max-snippet:-1, max-image-preview:large, max-video-preview:-1\" \/>\n<link rel=\"canonical\" href=\"https:\/\/invosy.com\/se\/invosy-blogg\/\" \/>\n<meta property=\"og:locale\" content=\"sv_SE\" \/>\n<meta property=\"og:type\" content=\"article\" \/>\n<meta property=\"og:title\" content=\"Invosy blogg - Fakturera utan f\u00f6retag enkelt och tryggt\" \/>\n<meta property=\"og:description\" content=\"F\u00e5 tips i Invosy bloggen om hur du kan fakturera utan f\u00f6retag. Enkel l\u00f6sning med endast 1,9 % serviceavgift.\" \/>\n<meta property=\"og:url\" content=\"https:\/\/invosy.com\/se\/invosy-blogg\/\" \/>\n<meta property=\"og:site_name\" content=\"Fakturera utan eget f\u00f6retag | Invosy\" \/>\n<meta property=\"article:publisher\" content=\"https:\/\/www.facebook.com\/invosy\/\" \/>\n<meta property=\"article:modified_time\" content=\"2025-10-27T12:36:32+00:00\" \/>\n<meta name=\"twitter:card\" content=\"summary_large_image\" \/>\n<meta name=\"twitter:label1\" content=\"Ber\u00e4knad l\u00e4stid\" \/>\n\t<meta name=\"twitter:data1\" content=\"2 minuter\" \/>\n<script type=\"application\/ld+json\" class=\"yoast-schema-graph\">{\"@context\":\"https:\\\/\\\/schema.org\",\"@graph\":[{\"@type\":\"WebPage\",\"@id\":\"https:\\\/\\\/invosy.com\\\/se\\\/invosy-blogg\\\/\",\"url\":\"https:\\\/\\\/invosy.com\\\/se\\\/invosy-blogg\\\/\",\"name\":\"Invosy blogg - Fakturera utan f\u00f6retag enkelt och tryggt\",\"isPartOf\":{\"@id\":\"https:\\\/\\\/invosy.com\\\/se\\\/#website\"},\"datePublished\":\"2025-06-18T10:00:23+00:00\",\"dateModified\":\"2025-10-27T12:36:32+00:00\",\"description\":\"F\u00e5 tips i Invosy bloggen om hur du kan fakturera utan f\u00f6retag. Enkel l\u00f6sning med endast 1,9 % serviceavgift.\",\"breadcrumb\":{\"@id\":\"https:\\\/\\\/invosy.com\\\/se\\\/invosy-blogg\\\/#breadcrumb\"},\"inLanguage\":\"sv-SE\",\"potentialAction\":[{\"@type\":\"ReadAction\",\"target\":[\"https:\\\/\\\/invosy.com\\\/se\\\/invosy-blogg\\\/\"]}]},{\"@type\":\"BreadcrumbList\",\"@id\":\"https:\\\/\\\/invosy.com\\\/se\\\/invosy-blogg\\\/#breadcrumb\",\"itemListElement\":[{\"@type\":\"ListItem\",\"position\":1,\"name\":\"Home\",\"item\":\"https:\\\/\\\/invosy.com\\\/se\\\/\"},{\"@type\":\"ListItem\",\"position\":2,\"name\":\"Invosy Blogg\"}]},{\"@type\":\"WebSite\",\"@id\":\"https:\\\/\\\/invosy.com\\\/se\\\/#website\",\"url\":\"https:\\\/\\\/invosy.com\\\/se\\\/\",\"name\":\"Fakturera utan eget f\u00f6retag | Invosy\",\"description\":\"Det smarta alternativet\",\"publisher\":{\"@id\":\"https:\\\/\\\/invosy.com\\\/se\\\/#organization\"},\"potentialAction\":[{\"@type\":\"SearchAction\",\"target\":{\"@type\":\"EntryPoint\",\"urlTemplate\":\"https:\\\/\\\/invosy.com\\\/se\\\/?s={search_term_string}\"},\"query-input\":{\"@type\":\"PropertyValueSpecification\",\"valueRequired\":true,\"valueName\":\"search_term_string\"}}],\"inLanguage\":\"sv-SE\"},{\"@type\":\"Organization\",\"@id\":\"https:\\\/\\\/invosy.com\\\/se\\\/#organization\",\"name\":\"Invosy\",\"url\":\"https:\\\/\\\/invosy.com\\\/se\\\/\",\"logo\":{\"@type\":\"ImageObject\",\"inLanguage\":\"sv-SE\",\"@id\":\"https:\\\/\\\/invosy.com\\\/se\\\/#\\\/schema\\\/logo\\\/image\\\/\",\"url\":\"https:\\\/\\\/invosy.com\\\/se\\\/wp-content\\\/uploads\\\/2022\\\/09\\\/Invosy_Logotype-orig.png\",\"contentUrl\":\"https:\\\/\\\/invosy.com\\\/se\\\/wp-content\\\/uploads\\\/2022\\\/09\\\/Invosy_Logotype-orig.png\",\"width\":1000,\"height\":289,\"caption\":\"Invosy\"},\"image\":{\"@id\":\"https:\\\/\\\/invosy.com\\\/se\\\/#\\\/schema\\\/logo\\\/image\\\/\"},\"sameAs\":[\"https:\\\/\\\/www.facebook.com\\\/invosy\\\/\",\"https:\\\/\\\/www.instagram.com\\\/invosy\\\/\"]}]}<\/script>\n<!-- \/ Yoast SEO plugin. -->","yoast_head_json":{"title":"Invosy blogg - Fakturera utan f\u00f6retag enkelt och tryggt","description":"F\u00e5 tips i Invosy bloggen om hur du kan fakturera utan f\u00f6retag. Enkel l\u00f6sning med endast 1,9 % serviceavgift.","robots":{"index":"index","follow":"follow","max-snippet":"max-snippet:-1","max-image-preview":"max-image-preview:large","max-video-preview":"max-video-preview:-1"},"canonical":"https:\/\/invosy.com\/se\/invosy-blogg\/","og_locale":"sv_SE","og_type":"article","og_title":"Invosy blogg - Fakturera utan f\u00f6retag enkelt och tryggt","og_description":"F\u00e5 tips i Invosy bloggen om hur du kan fakturera utan f\u00f6retag. Enkel l\u00f6sning med endast 1,9 % serviceavgift.","og_url":"https:\/\/invosy.com\/se\/invosy-blogg\/","og_site_name":"Fakturera utan eget f\u00f6retag | Invosy","article_publisher":"https:\/\/www.facebook.com\/invosy\/","article_modified_time":"2025-10-27T12:36:32+00:00","twitter_card":"summary_large_image","twitter_misc":{"Ber\u00e4knad l\u00e4stid":"2 minuter"},"schema":{"@context":"https:\/\/schema.org","@graph":[{"@type":"WebPage","@id":"https:\/\/invosy.com\/se\/invosy-blogg\/","url":"https:\/\/invosy.com\/se\/invosy-blogg\/","name":"Invosy blogg - Fakturera utan f\u00f6retag enkelt och tryggt","isPartOf":{"@id":"https:\/\/invosy.com\/se\/#website"},"datePublished":"2025-06-18T10:00:23+00:00","dateModified":"2025-10-27T12:36:32+00:00","description":"F\u00e5 tips i Invosy bloggen om hur du kan fakturera utan f\u00f6retag. Enkel l\u00f6sning med endast 1,9 % serviceavgift.","breadcrumb":{"@id":"https:\/\/invosy.com\/se\/invosy-blogg\/#breadcrumb"},"inLanguage":"sv-SE","potentialAction":[{"@type":"ReadAction","target":["https:\/\/invosy.com\/se\/invosy-blogg\/"]}]},{"@type":"BreadcrumbList","@id":"https:\/\/invosy.com\/se\/invosy-blogg\/#breadcrumb","itemListElement":[{"@type":"ListItem","position":1,"name":"Home","item":"https:\/\/invosy.com\/se\/"},{"@type":"ListItem","position":2,"name":"Invosy Blogg"}]},{"@type":"WebSite","@id":"https:\/\/invosy.com\/se\/#website","url":"https:\/\/invosy.com\/se\/","name":"Fakturera utan eget f\u00f6retag | Invosy","description":"Det smarta alternativet","publisher":{"@id":"https:\/\/invosy.com\/se\/#organization"},"potentialAction":[{"@type":"SearchAction","target":{"@type":"EntryPoint","urlTemplate":"https:\/\/invosy.com\/se\/?s={search_term_string}"},"query-input":{"@type":"PropertyValueSpecification","valueRequired":true,"valueName":"search_term_string"}}],"inLanguage":"sv-SE"},{"@type":"Organization","@id":"https:\/\/invosy.com\/se\/#organization","name":"Invosy","url":"https:\/\/invosy.com\/se\/","logo":{"@type":"ImageObject","inLanguage":"sv-SE","@id":"https:\/\/invosy.com\/se\/#\/schema\/logo\/image\/","url":"https:\/\/invosy.com\/se\/wp-content\/uploads\/2022\/09\/Invosy_Logotype-orig.png","contentUrl":"https:\/\/invosy.com\/se\/wp-content\/uploads\/2022\/09\/Invosy_Logotype-orig.png","width":1000,"height":289,"caption":"Invosy"},"image":{"@id":"https:\/\/invosy.com\/se\/#\/schema\/logo\/image\/"},"sameAs":["https:\/\/www.facebook.com\/invosy\/","https:\/\/www.instagram.com\/invosy\/"]}]}},"_links":{"self":[{"href":"https:\/\/invosy.com\/se\/wp-json\/wp\/v2\/pages\/9569","targetHints":{"allow":["GET"]}}],"collection":[{"href":"https:\/\/invosy.com\/se\/wp-json\/wp\/v2\/pages"}],"about":[{"href":"https:\/\/invosy.com\/se\/wp-json\/wp\/v2\/types\/page"}],"author":[{"embeddable":true,"href":"https:\/\/invosy.com\/se\/wp-json\/wp\/v2\/users\/1"}],"replies":[{"embeddable":true,"href":"https:\/\/invosy.com\/se\/wp-json\/wp\/v2\/comments?post=9569"}],"version-history":[{"count":127,"href":"https:\/\/invosy.com\/se\/wp-json\/wp\/v2\/pages\/9569\/revisions"}],"predecessor-version":[{"id":10366,"href":"https:\/\/invosy.com\/se\/wp-json\/wp\/v2\/pages\/9569\/revisions\/10366"}],"wp:attachment":[{"href":"https:\/\/invosy.com\/se\/wp-json\/wp\/v2\/media?parent=9569"}],"curies":[{"name":"wp","href":"https:\/\/api.w.org\/{rel}","templated":true}]}}